{"id":1314,"date":"2016-11-27T11:04:05","date_gmt":"2016-11-27T10:04:05","guid":{"rendered":"http:\/\/cabplustiberina.it\/activities\/"},"modified":"2017-06-14T15:36:36","modified_gmt":"2017-06-14T13:36:36","slug":"activities","status":"publish","type":"page","link":"https:\/\/cabplustiberina.it\/de\/activities\/","title":{"rendered":"Aktivit\u00e4ten"},"content":{"rendered":"<div id=\"pl-1314\"  class=\"panel-layout\" ><div id=\"pg-1314-0\"  class=\"panel-grid panel-has-style\" ><div class=\"page-section panel-row-style panel-row-style-for-1314-0\" ><div id=\"pgc-1314-0-0\"  class=\"panel-grid-cell\" ><div id=\"panel-1314-0-0-0\" class=\"so-panel widget widget_qzr-titlemanager panel-first-child\" data-index=\"0\" ><div\n\t\t\t\n\t\t\tclass=\"so-widget-qzr-titlemanager so-widget-qzr-titlemanager-base\"\n\t\t\t\n\t\t><div class=\"qzr-title main-column col-padding\">\n\t<h1 class=\"blue centertext\">Aktivit\u00e4ten<\/h1><hr class=\"gray-large centertext small-margin\"><\/div><\/div><\/div><div id=\"panel-1314-0-0-1\" class=\"so-panel widget widget_qzr-actionbutton panel-last-child\" data-index=\"1\" ><div\n\t\t\t\n\t\t\tclass=\"so-widget-qzr-actionbutton so-widget-qzr-actionbutton-base\"\n\t\t\t\n\t\t><div class=\"qzr-actionbuttons-wrapper\">\n\t<div class=\"main-column center col-padding\">\n\t\t<nav class=\"actionbuttons\">\n            <a href=\"javascript:window.print();\" title=\"Drucken\" class=\"icon-print\"><\/a>\n            <a href=\"mailto:?subject=Aktivit%C3%A4ten&amp;body=https:\/\/cabplustiberina.it\/de\/activities\/\" title=\"E-Mail-Adresse\" target=\"_blank\" class=\"icon-mail\"><\/a>\n        <\/nav>\n\t<\/div>\n<\/div><\/div><\/div><\/div><\/div><\/div><div id=\"pg-1314-1\"  class=\"panel-grid panel-has-style\" ><div class=\"page-section panel-row-style panel-row-style-for-1314-1\" ><div id=\"pgc-1314-1-0\"  class=\"panel-grid-cell\" ><div id=\"panel-1314-1-0-0\" class=\"so-panel widget widget_qzr-titlemanager panel-first-child\" data-index=\"2\" ><div\n\t\t\t\n\t\t\tclass=\"so-widget-qzr-titlemanager so-widget-qzr-titlemanager-base\"\n\t\t\t\n\t\t><div class=\"qzr-title main-column col-padding\">\n\t<h3 class=\"blue centertext\">Werte, f\u00fcr die unsere <br \/> Produkte stehen<\/h3><\/div><\/div><\/div><div id=\"panel-1314-1-0-1\" class=\"so-panel widget widget_qzr-features panel-last-child\" data-index=\"3\" ><div class=\"panel-widget-style panel-widget-style-for-1314-1-0-1\" ><div\n\t\t\t\n\t\t\tclass=\"so-widget-qzr-features so-widget-qzr-features-base\"\n\t\t\t\n\t\t><div class=\"qzr-features-wrapper\">\n\t<div class=\"columns-12 center col-padding\">\n\t\t\t<\/div>\n\t<div class=\"columns-12 center centertext \">\n\t\t\t\t<div class=\"qzr-feature column-of-2 blue left\">\n\t\t\t\t<img decoding=\"async\" alt=\"Sicherheit\" src=\"https:\/\/cabplustiberina.it\/wp-content\/uploads\/2016\/11\/01_sicurezza_bk.png\"\/>\t\t\t\t<h3 class=\" blue\">Sicherheit<\/h3>\n\t\t\t\t<div class=\"feature-description\"><p>Sicherheit bedeutet eine l\u00fcckenlose \u00dcberwachung aller Produktionsphasen und ein Garantie f\u00fcr ein in jeder Hinsicht zuverl\u00e4ssiges Produkt.<\/p><\/div>\t\t\t<\/div>\n\t\t\t\t<div class=\"qzr-feature column-of-2 blue left\">\n\t\t\t\t<img decoding=\"async\" alt=\"Qualit\u00e4t\" src=\"https:\/\/cabplustiberina.it\/wp-content\/uploads\/2016\/11\/02_qualita_bk.png\"\/>\t\t\t\t<h3 class=\" blue\">Qualit\u00e4t<\/h3>\n\t\t\t\t<div class=\"feature-description\"><p>Qualit\u00e4t ist unser Markenzeichen. Die jahrelange Erfahrung und Zusammenarbeit mit namhaften Partnern treibt uns an, uns stets neue, h\u00f6here Ziele zu setzen.<\/p><\/div>\t\t\t<\/div>\n\t\t\t\t<div class=\"qzr-feature column-of-2 blue left\">\n\t\t\t\t<img decoding=\"async\" alt=\"Robuste Bauweise\t\" src=\"https:\/\/cabplustiberina.it\/wp-content\/uploads\/2016\/11\/03_robustezza_bk.png\"\/>\t\t\t\t<h3 class=\" blue\">Robuste Bauweise\t<\/h3>\n\t\t\t\t<div class=\"feature-description\"><p>Langelebigkeit, Integrit\u00e4t und Resistenz Das sind die grundlegenden Elemente, die uns eine robuste Bauweise der Komponenten erm\u00f6glichen.<\/p><\/div>\t\t\t<\/div>\n\t\t\t\t<div class=\"qzr-feature column-of-2 blue left\">\n\t\t\t\t<img decoding=\"async\" alt=\"Zuverl\u00e4ssigkeit\" src=\"https:\/\/cabplustiberina.it\/wp-content\/uploads\/2016\/11\/4_affidabilita_bk.png\"\/>\t\t\t\t<h3 class=\" blue\">Zuverl\u00e4ssigkeit<\/h3>\n\t\t\t\t<div class=\"feature-description\"><p>Forschung und Innovationsfreudigkeit bilden den Grundstock unserer Produktionsphilosophie. Das Ergebnis sind zuverl\u00e4ssige, langlebige Produkte.<\/p><\/div>\t\t\t<\/div>\n\t\t<br class=\"clear\">\n\t<\/div>\n<\/div><\/div><\/div><\/div><\/div><\/div><\/div><div id=\"pg-1314-2\"  class=\"panel-grid panel-has-style\" ><div class=\"page-section panel-row-style panel-row-style-for-1314-2\" ><div id=\"pgc-1314-2-0\"  class=\"panel-grid-cell\" ><div id=\"panel-1314-2-0-0\" class=\"so-panel widget widget_qzr-pagesection panel-first-child panel-last-child\" data-index=\"4\" ><div\n\t\t\t\n\t\t\tclass=\"so-widget-qzr-pagesection so-widget-qzr-pagesection-base\"\n\t\t\t\n\t\t><div class=\"qzr-pagesection\" id=\"codesign\" data-scroll-offset=\"108\">\n\t<h2 class=\"pagesection-hidden-title\">Co-design<\/h2>\n<\/div><\/div><\/div><\/div><\/div><\/div><div id=\"pg-1314-3\"  class=\"panel-grid panel-has-style\" ><div class=\"page-section panel-row-style panel-row-style-for-1314-3\" ><div id=\"pgc-1314-3-0\"  class=\"panel-grid-cell\" ><div id=\"panel-1314-3-0-0\" class=\"so-panel widget widget_qzr-titlemanager panel-first-child\" data-index=\"5\" ><div class=\"row-padding panel-widget-style panel-widget-style-for-1314-3-0-0\" ><div\n\t\t\t\n\t\t\tclass=\"so-widget-qzr-titlemanager so-widget-qzr-titlemanager-base\"\n\t\t\t\n\t\t><div class=\"qzr-title main-column col-padding\">\n\t<h3 class=\"blue centertext\">Co-Design<\/h3><hr class=\"gray-small centertext small-margin\"><p class=\"gray centertext\">Bei der technischen Entwicklung unserer Produkte setzen wir auf zwei St\u00e4rken: die technische Leitung im Rahmen der Off-Highway Plattform des Technikcenters der Tiberina Group sowie die entsprechende Abteilung im Aries Werk.<\/p><\/div><\/div><\/div><\/div><div id=\"panel-1314-3-0-1\" class=\"so-panel widget widget_qzr-slider panel-last-child\" data-index=\"6\" ><div\n\t\t\t\n\t\t\tclass=\"so-widget-qzr-slider so-widget-qzr-slider-base\"\n\t\t\t\n\t\t>\t\t<div class=\"qzr-accordion\">\n\t\t\t<ul class=\"qzr-accordion-bkg-holder\">\n\t\t\t<li style=\"background-image: url('https:\/\/cabplustiberina.it\/wp-content\/uploads\/2016\/11\/DN9B1082-3.jpg')\"><\/li><li style=\"background-image: url('https:\/\/cabplustiberina.it\/wp-content\/uploads\/2016\/11\/DN9B0040-02.jpg')\"><\/li><li style=\"background-image: url('https:\/\/cabplustiberina.it\/wp-content\/uploads\/2016\/11\/DN9B1036-2.jpg')\"><\/li>\t\t\t<\/ul>\n\t\t\t<div class=\"main-column center col-padding \">\n\t\t\t\t<div class=\"column-of-2 box left accordion-sections\">\n\t\t\t\t\t\t\t\t\t\t\t<li class=\"accordion-section\">\n\t\t\t\t\t\t\t<div class=\"accordion-section-title\">\n\t\t\t\t\t\t\t\t<h5>Leistungsanalyse<\/h5>\n\t\t\t\t\t\t\t\t<span class=\"accordion-section-toggle icon-plus\"><\/span>\n\t\t\t\t\t\t\t<\/div>\n\t\t\t\t\t\t\t<div class=\"accordion-section-content\">\n\t\t\t\t\t\t\t\t<p>Durch das Management und die Durchf\u00fchrung einer ganzen Reihe von Tests und Pr\u00fcfungen ist Cab Plus in der Lage, die geforderte Leistung der eigenen Produkte zu bewerten, zu zertifizieren und zu optimieren. Auf diese Weise k\u00f6nnen wir bereits ab der Prototypisierung das Erreichen der gew\u00fcnschten Leistungen im Hinblick auf die strengsten Bezugsnormen f\u00fcr den jeweiligen Nutzungsbereich bewerten.<\/p>\t\t\t\t\t\t\t<\/div>\n\t\t\t\t\t\t<\/li>\n\t\t\t\t\t\t\t\t\t\t\t<li class=\"accordion-section\">\n\t\t\t\t\t\t\t<div class=\"accordion-section-title\">\n\t\t\t\t\t\t\t\t<h5>Umfassendes Design<\/h5>\n\t\t\t\t\t\t\t\t<span class=\"accordion-section-toggle icon-plus\"><\/span>\n\t\t\t\t\t\t\t<\/div>\n\t\t\t\t\t\t\t<div class=\"accordion-section-content\">\n\t\t\t\t\t\t\t\t<p>Durch das Co-Design Angebot von Cab Plus haben unsere Kunden nicht nur Zugang zu innovativen technischen Ans\u00e4tzen und Produktionsl\u00f6sungen, sondern auch zu einem umfassenden Design- und Gestaltungsprozess ihres Projekts, der nach der Prototypisierung und Validierung in ein zertifiziertes Industrialisierungsverfahren m\u00fcndet. Auf diese Weise wird das Time to Market f\u00fcr das neue Produkt reduziert, sodass dieses stets den aktuellen Marktanforderungen entspricht.<\/p>\t\t\t\t\t\t\t<\/div>\n\t\t\t\t\t\t<\/li>\n\t\t\t\t\t\t\t\t\t\t\t<li class=\"accordion-section\">\n\t\t\t\t\t\t\t<div class=\"accordion-section-title\">\n\t\t\t\t\t\t\t\t<h5>Strukturanalayse<\/h5>\n\t\t\t\t\t\t\t\t<span class=\"accordion-section-toggle icon-plus\"><\/span>\n\t\t\t\t\t\t\t<\/div>\n\t\t\t\t\t\t\t<div class=\"accordion-section-content\">\n\t\t\t\t\t\t\t\t<p>Die Strukturanalyse spielt bei Cap Plus bei der Planung eine ganz wesentliche Rolle. Dabei unterscheidet man zwei Phasen: eine erste, allgemeine Bewertung und eine zweite Phase mit der detaillierten Entwicklung der Komponenten. Mit spezifischen Berechnungscodes und Berechnungspl\u00e4nen liefern die mit dieser Methode gewonnenen Ergebnisse eine verl\u00e4ssliche Garantie f\u00fcr die bauliche G\u00fcte des gesamten Systems.<\/p>\t\t\t\t\t\t\t<\/div>\n\t\t\t\t\t\t<\/li>\n\t\t\t\t\t\t\t\t\t<\/div>\n\t\t\t<\/div>\n\t\t\t<br class=\"clear\">\n\t\t<\/div>\n<\/div><\/div><\/div><\/div><\/div><div id=\"pg-1314-4\"  class=\"panel-grid panel-has-style\" ><div class=\"page-section panel-row-style panel-row-style-for-1314-4\" ><div id=\"pgc-1314-4-0\"  class=\"panel-grid-cell\" ><div id=\"panel-1314-4-0-0\" class=\"so-panel widget widget_qzr-pagesection panel-first-child panel-last-child\" data-index=\"7\" ><div\n\t\t\t\n\t\t\tclass=\"so-widget-qzr-pagesection so-widget-qzr-pagesection-base\"\n\t\t\t\n\t\t><div class=\"qzr-pagesection\" id=\"process\" data-scroll-offset=\"108\">\n\t<h2 class=\"pagesection-hidden-title\">Prozesse<\/h2>\n<\/div><\/div><\/div><\/div><\/div><\/div><div id=\"pg-1314-5\"  class=\"panel-grid panel-has-style\" ><div class=\"page-section panel-row-style panel-row-style-for-1314-5\" ><div id=\"pgc-1314-5-0\"  class=\"panel-grid-cell\" ><div id=\"panel-1314-5-0-0\" class=\"so-panel widget widget_qzr-titlemanager panel-first-child\" data-index=\"8\" ><div class=\"row-padding panel-widget-style panel-widget-style-for-1314-5-0-0\" ><div\n\t\t\t\n\t\t\tclass=\"so-widget-qzr-titlemanager so-widget-qzr-titlemanager-base\"\n\t\t\t\n\t\t><div class=\"qzr-title main-column col-padding\">\n\t<h3 class=\"blue centertext\"> Tests und Kontrollen<\/h3><hr class=\"gray-small centertext small-margin\"><p class=\"gray centertext\">Wir verf\u00fcgen \u00fcber Maschinen und Instrumente auf dem neuesten technischen Stand, um eine hervorragende Qualit\u00e4tskontrolle sicherstellen zu k\u00f6nnen.<\/p><\/div><\/div><\/div><\/div><div id=\"panel-1314-5-0-1\" class=\"so-panel widget widget_qzr-slider panel-last-child\" data-index=\"9\" ><div\n\t\t\t\n\t\t\tclass=\"so-widget-qzr-slider so-widget-qzr-slider-base\"\n\t\t\t\n\t\t>\t\t<div class=\"qzr-accordion\">\n\t\t\t<ul class=\"qzr-accordion-bkg-holder\">\n\t\t\t<li style=\"background-image: url('https:\/\/cabplustiberina.it\/wp-content\/uploads\/2016\/11\/Schermata-2015-04-14-alle-18.46.23.jpg')\"><\/li><li style=\"background-image: url('https:\/\/cabplustiberina.it\/wp-content\/uploads\/2016\/11\/IMG_2333-2.jpg')\"><\/li><li style=\"background-image: url('https:\/\/cabplustiberina.it\/wp-content\/uploads\/2016\/11\/DN9B0054.png')\"><\/li>\t\t\t<\/ul>\n\t\t\t<div class=\"main-column center col-padding \">\n\t\t\t\t<div class=\"column-of-2 box right accordion-sections\">\n\t\t\t\t\t\t\t\t\t\t\t<li class=\"accordion-section\">\n\t\t\t\t\t\t\t<div class=\"accordion-section-title\">\n\t\t\t\t\t\t\t\t<h5>Metrologie<\/h5>\n\t\t\t\t\t\t\t\t<span class=\"accordion-section-toggle icon-plus\"><\/span>\n\t\t\t\t\t\t\t<\/div>\n\t\t\t\t\t\t\t<div class=\"accordion-section-content\">\n\t\t\t\t\t\t\t\t<p>Die innovativen, top-ausgestatteten Messger\u00e4te von Cab Plus stellen nach den Kontrollpl\u00e4nen eine pr\u00e4zise, spezifische Kontrolle der einzelnen Komponenten in jeder Phase der Fertigung sicher.<br \/>Mit elektronischen 3D- und Laser-Messger\u00e4ten k\u00f6nnen Messungen schnell und genau vorgenommen und die relevanten geometrischen Informationen der einzelnen Komponenten geliefert werden.<\/p>\t\t\t\t\t\t\t<\/div>\n\t\t\t\t\t\t<\/li>\n\t\t\t\t\t\t\t\t\t\t\t<li class=\"accordion-section\">\n\t\t\t\t\t\t\t<div class=\"accordion-section-title\">\n\t\t\t\t\t\t\t\t<h5>Labor<\/h5>\n\t\t\t\t\t\t\t\t<span class=\"accordion-section-toggle icon-plus\"><\/span>\n\t\t\t\t\t\t\t<\/div>\n\t\t\t\t\t\t\t<div class=\"accordion-section-content\">\n\t\t\t\t\t\t\t\t<p>Dank der top ausgestatteten Labore und der starken Synergie des Konzerns kontrolliert und pr\u00fcft Cab Plus die Eigenschaften der Metalle und der besonders kritischen Umformprozesse (z.B. Schwei\u00dfstellen) anhand einer akkuraten makro- und mikrographischen Untersuchung sowie mit zerst\u00f6rungsfreien Pr\u00fcfger\u00e4ten (Feldst\u00e4rkenmessger\u00e4t, X-Ray, Ultraschall).<\/p>\t\t\t\t\t\t\t<\/div>\n\t\t\t\t\t\t<\/li>\n\t\t\t\t\t\t\t\t\t\t\t<li class=\"accordion-section\">\n\t\t\t\t\t\t\t<div class=\"accordion-section-title\">\n\t\t\t\t\t\t\t\t<h5>R\u00fcckverfolgbarkeit<\/h5>\n\t\t\t\t\t\t\t\t<span class=\"accordion-section-toggle icon-plus\"><\/span>\n\t\t\t\t\t\t\t<\/div>\n\t\t\t\t\t\t\t<div class=\"accordion-section-content\">\n\t\t\t\t\t\t\t\t<p>Im Sinne einer gr\u00f6\u00dftm\u00f6glichen Zuverl\u00e4ssigkeit und Wiederholbarkeit der Produktion, was wiederum f\u00fcr den Aftersales-Service wichtig ist, hat Cab Plus ein besonders effizientes und unanf\u00e4lliges Tracking-System eingerichtet. <br \/>Dieses System erm\u00f6glicht eine sofortige R\u00fcckverfolgbarkeit aller zur Herstellung der Systeme verwendeten Komponenten , und zwar durch die elektronische Archivierung der Produktionsdaten, die mit den Testreports des Finishbands verkn\u00fcpft werden.<\/p>\t\t\t\t\t\t\t<\/div>\n\t\t\t\t\t\t<\/li>\n\t\t\t\t\t\t\t\t\t<\/div>\n\t\t\t<\/div>\n\t\t\t<br class=\"clear\">\n\t\t<\/div>\n<\/div><\/div><\/div><\/div><\/div><\/div>","protected":false},"excerpt":{"rendered":"<p>Aktivit\u00e4ten Werte, f\u00fcr die unsere Produkte stehen Sicherheit Sicherheit bedeutet eine l\u00fcckenlose \u00dcberwachung aller Produktionsphasen und ein Garantie f\u00fcr ein in jeder Hinsicht zuverl\u00e4ssiges Produkt. Qualit\u00e4t Qualit\u00e4t ist unser Markenzeichen. Die jahrelange Erfahrung und Zusammenarbeit mit namhaften Partnern treibt uns an, uns stets neue, h\u00f6here Ziele zu setzen. Robuste Bauweise Langelebigkeit, Integrit\u00e4t und Resistenz Das [&hellip;]<\/p>\n","protected":false},"author":2,"featured_media":968,"parent":0,"menu_order":0,"comment_status":"closed","ping_status":"closed","template":"","meta":{"footnotes":""},"class_list":["post-1314","page","type-page","status-publish","has-post-thumbnail","hentry"],"_links":{"self":[{"href":"https:\/\/cabplustiberina.it\/de\/wp-json\/wp\/v2\/pages\/1314","targetHints":{"allow":["GET"]}}],"collection":[{"href":"https:\/\/cabplustiberina.it\/de\/wp-json\/wp\/v2\/pages"}],"about":[{"href":"https:\/\/cabplustiberina.it\/de\/wp-json\/wp\/v2\/types\/page"}],"author":[{"embeddable":true,"href":"https:\/\/cabplustiberina.it\/de\/wp-json\/wp\/v2\/users\/2"}],"replies":[{"embeddable":true,"href":"https:\/\/cabplustiberina.it\/de\/wp-json\/wp\/v2\/comments?post=1314"}],"version-history":[{"count":0,"href":"https:\/\/cabplustiberina.it\/de\/wp-json\/wp\/v2\/pages\/1314\/revisions"}],"wp:featuredmedia":[{"embeddable":true,"href":"https:\/\/cabplustiberina.it\/de\/wp-json\/wp\/v2\/media\/968"}],"wp:attachment":[{"href":"https:\/\/cabplustiberina.it\/de\/wp-json\/wp\/v2\/media?parent=1314"}],"curies":[{"name":"wp","href":"https:\/\/api.w.org\/{rel}","templated":true}]}}