{"id":1326,"date":"2016-11-19T18:23:47","date_gmt":"2016-11-19T17:23:47","guid":{"rendered":"http:\/\/cabplustiberina.it\/home\/"},"modified":"2017-06-15T09:28:48","modified_gmt":"2017-06-15T07:28:48","slug":"home","status":"publish","type":"page","link":"https:\/\/cabplustiberina.it\/de\/","title":{"rendered":"Home"},"content":{"rendered":"<div id=\"pl-1326\"  class=\"panel-layout\" ><div id=\"pg-1326-0\"  class=\"panel-grid panel-has-style\" ><div class=\"page-section panel-row-style panel-row-style-for-1326-0\" ><div id=\"pgc-1326-0-0\"  class=\"panel-grid-cell\" ><div id=\"panel-1326-0-0-0\" class=\"so-panel widget widget_qzr-slider panel-first-child panel-last-child\" data-index=\"0\" ><div\n\t\t\t\n\t\t\tclass=\"so-widget-qzr-slider so-widget-qzr-slider-base\"\n\t\t\t\n\t\t>\t\t<div id=\"qzr-slider-container\" class=\"qzr-slider\">\n\t\t\t<div class=\"owl-carousel\">\n\t\t\t\t\t\t\t\t\t<div class=\"slide left\">\n\t\t\t\t\t\t\t\t\t\t\t\t\t<div class=\"slide-background\" style=\"background-image: url('https:\/\/cabplustiberina.it\/wp-content\/uploads\/2016\/11\/IMG_0236-02.jpg')\"><\/div>\n\t\t\t\t\t\t\t<div class=\"main-column center col-padding \">\n\t\t\t\t\t\t\t\t<div class=\"column-of-2 slide-box left\">\n\t\t\t\t\t\t\t\t\t<div class=\"slide-content\">\n\t\t\t\t\t\t\t\t\t\t<h2>Integrierte Systeme f\u00fcr vollst\u00e4ndige und ma\u00dfgefertigte Kabinen<\/h2>\n\t\t\t\t\t\t\t\t\t\t\t\t\t\t\t\t\t\t\t<\/div>\n\t\t\t\t\t\t\t\t<\/div>\n\t\t\t\t\t\t\t<\/div>\n\t\t\t\t\t\t\t\t\t\t\t<\/div>\n\t\t\t\t\t\t\t\t\t<div class=\"slide left\">\n\t\t\t\t\t\t\t\t\t\t\t\t\t<div class=\"slide-background\" style=\"background-image: url('https:\/\/cabplustiberina.it\/wp-content\/uploads\/2016\/11\/IMG_0392-03.jpg')\"><\/div>\n\t\t\t\t\t\t\t<div class=\"main-column center col-padding \">\n\t\t\t\t\t\t\t\t<div class=\"column-of-2 slide-box left\">\n\t\t\t\t\t\t\t\t\t<div class=\"slide-content\">\n\t\t\t\t\t\t\t\t\t\t<h2>Integrierte Systeme f\u00fcr vollst\u00e4ndige und ma\u00dfgefertigte Kabinen<\/h2>\n\t\t\t\t\t\t\t\t\t\t\t\t\t\t\t\t\t\t\t<\/div>\n\t\t\t\t\t\t\t\t<\/div>\n\t\t\t\t\t\t\t<\/div>\n\t\t\t\t\t\t\t\t\t\t\t<\/div>\n\t\t\t\t\t\t\t\t\t<div class=\"slide left\">\n\t\t\t\t\t\t\t\t\t\t\t\t\t<div class=\"slide-background\" style=\"background-image: url('https:\/\/cabplustiberina.it\/wp-content\/uploads\/2016\/11\/DN9B3562-2.jpg')\"><\/div>\n\t\t\t\t\t\t\t<div class=\"main-column center col-padding \">\n\t\t\t\t\t\t\t\t<div class=\"column-of-2 slide-box left\">\n\t\t\t\t\t\t\t\t\t<div class=\"slide-content\">\n\t\t\t\t\t\t\t\t\t\t<h2>Integrierte Systeme f\u00fcr vollst\u00e4ndige und ma\u00dfgefertigte Kabinen<\/h2>\n\t\t\t\t\t\t\t\t\t\t\t\t\t\t\t\t\t\t\t<\/div>\n\t\t\t\t\t\t\t\t<\/div>\n\t\t\t\t\t\t\t<\/div>\n\t\t\t\t\t\t\t\t\t\t\t<\/div>\n\t\t\t\t\t\t\t\t\t<div class=\"slide left\">\n\t\t\t\t\t\t\t\t\t\t\t\t\t<div class=\"slide-background\" style=\"background-image: url('https:\/\/cabplustiberina.it\/wp-content\/uploads\/2016\/11\/DN9B3677.jpg')\"><\/div>\n\t\t\t\t\t\t\t<div class=\"main-column center col-padding \">\n\t\t\t\t\t\t\t\t<div class=\"column-of-2 slide-box left\">\n\t\t\t\t\t\t\t\t\t<div class=\"slide-content\">\n\t\t\t\t\t\t\t\t\t\t<h2>Integrierte Systeme f\u00fcr vollst\u00e4ndige und ma\u00dfgefertigte Kabinen<\/h2>\n\t\t\t\t\t\t\t\t\t\t\t\t\t\t\t\t\t\t\t<\/div>\n\t\t\t\t\t\t\t\t<\/div>\n\t\t\t\t\t\t\t<\/div>\n\t\t\t\t\t\t\t\t\t\t\t<\/div>\n\t\t\t\t\t\t\t<\/div>\n\t\t<\/div>\n<\/div><\/div><\/div><\/div><\/div><div id=\"pg-1326-1\"  class=\"panel-grid panel-has-style\" ><div class=\"page-section row-padding panel-row-style panel-row-style-for-1326-1\" ><div id=\"pgc-1326-1-0\"  class=\"panel-grid-cell\" ><div id=\"panel-1326-1-0-0\" class=\"so-panel widget widget_qzr-titlemanager panel-first-child\" data-index=\"1\" ><div\n\t\t\t\n\t\t\tclass=\"so-widget-qzr-titlemanager so-widget-qzr-titlemanager-base\"\n\t\t\t\n\t\t><div class=\"qzr-title main-column col-padding\">\n\t<h2 class=\"blue centertext\">Unternehmen<\/h2><hr class=\"gray-small centertext small-margin\"><h4 class=\"gray centertext\">Qualit\u00e4t und Kunde an erster Stelle<\/h4><\/div><\/div><\/div><div id=\"panel-1326-1-0-1\" class=\"so-panel widget widget_qzr-simplebutton\" data-index=\"2\" ><div\n\t\t\t\n\t\t\tclass=\"so-widget-qzr-simplebutton so-widget-qzr-simplebutton-base\"\n\t\t\t\n\t\t>\t<div class=\"simplebutton gray center\">\n\t\t<a title=\"Mehr erfahren\" href=\"https:\/\/cabplustiberina.it\/company\/\">Mehr erfahren<span class=\"icon-arrow-right\"><\/span><\/a>\n\t<\/div>\n<\/div><\/div><div id=\"panel-1326-1-0-2\" class=\"so-panel widget widget_sow-image panel-last-child\" data-index=\"3\" ><div\n\t\t\t\n\t\t\tclass=\"so-widget-sow-image so-widget-sow-image-default-8b5b6f678277-1326\"\n\t\t\t\n\t\t>\n<div class=\"sow-image-container\">\n\t\t<img \n\tsrc=\"https:\/\/cabplustiberina.it\/wp-content\/uploads\/2016\/11\/DN9B3758.png\" width=\"1920\" height=\"493\" srcset=\"https:\/\/cabplustiberina.it\/wp-content\/uploads\/2016\/11\/DN9B3758.png 1920w, https:\/\/cabplustiberina.it\/wp-content\/uploads\/2016\/11\/DN9B3758-300x77.png 300w, https:\/\/cabplustiberina.it\/wp-content\/uploads\/2016\/11\/DN9B3758-768x197.png 768w, https:\/\/cabplustiberina.it\/wp-content\/uploads\/2016\/11\/DN9B3758-1024x263.png 1024w\" sizes=\"(max-width: 1920px) 100vw, 1920px\" alt=\"\" \t\tclass=\"so-widget-image\"\/>\n\t<\/div>\n\n<\/div><\/div><\/div><\/div><\/div><div id=\"pg-1326-2\"  class=\"panel-grid panel-has-style\" ><div class=\"page-section row-padding panel-row-style panel-row-style-for-1326-2\" ><div id=\"pgc-1326-2-0\"  class=\"panel-grid-cell\" ><div id=\"panel-1326-2-0-0\" class=\"so-panel widget widget_qzr-titlemanager panel-first-child\" data-index=\"4\" ><div\n\t\t\t\n\t\t\tclass=\"so-widget-qzr-titlemanager so-widget-qzr-titlemanager-base\"\n\t\t\t\n\t\t><div class=\"qzr-title main-column col-padding\">\n\t<h2 class=\"blue centertext\">Produkte und Prozesse<\/h2><hr class=\"gray-small centertext small-margin\"><h4 class=\"gray centertext\">H\u00f6chste Effizienz, von der Entwicklung bis hin zur Produktion<\/h4><\/div><\/div><\/div><div id=\"panel-1326-2-0-1\" class=\"so-panel widget widget_sow-image\" data-index=\"5\" ><div\n\t\t\t\n\t\t\tclass=\"so-widget-sow-image so-widget-sow-image-default-8b5b6f678277-1326\"\n\t\t\t\n\t\t>\n<div class=\"sow-image-container\">\n\t\t<img \n\tsrc=\"https:\/\/cabplustiberina.it\/wp-content\/uploads\/2016\/11\/TIB-17-PRODOTTI-INDICE.png\" width=\"3768\" height=\"1014\" srcset=\"https:\/\/cabplustiberina.it\/wp-content\/uploads\/2016\/11\/TIB-17-PRODOTTI-INDICE.png 3768w, https:\/\/cabplustiberina.it\/wp-content\/uploads\/2016\/11\/TIB-17-PRODOTTI-INDICE-300x81.png 300w, https:\/\/cabplustiberina.it\/wp-content\/uploads\/2016\/11\/TIB-17-PRODOTTI-INDICE-768x207.png 768w, https:\/\/cabplustiberina.it\/wp-content\/uploads\/2016\/11\/TIB-17-PRODOTTI-INDICE-1024x276.png 1024w\" sizes=\"(max-width: 3768px) 100vw, 3768px\" alt=\"\" \t\tclass=\"so-widget-image\"\/>\n\t<\/div>\n\n<\/div><\/div><div id=\"panel-1326-2-0-2\" class=\"so-panel widget widget_qzr-simplebutton panel-last-child\" data-index=\"6\" ><div\n\t\t\t\n\t\t\tclass=\"so-widget-qzr-simplebutton so-widget-qzr-simplebutton-base\"\n\t\t\t\n\t\t>\t<div class=\"simplebutton gray center\">\n\t\t<a title=\"Mehr erfahren\" href=\"\">Mehr erfahren<span class=\"icon-arrow-right\"><\/span><\/a>\n\t<\/div>\n<\/div><\/div><\/div><\/div><\/div><div id=\"pg-1326-3\"  class=\"panel-grid panel-has-style\" ><div class=\"page-section panel-row-style panel-row-style-for-1326-3\" ><div id=\"pgc-1326-3-0\"  class=\"panel-grid-cell\" ><div id=\"panel-1326-3-0-0\" class=\"so-panel widget widget_qzr-sectionbutton panel-first-child panel-last-child\" data-index=\"7\" ><div\n\t\t\t\n\t\t\tclass=\"so-widget-qzr-sectionbutton so-widget-qzr-sectionbutton-base\"\n\t\t\t\n\t\t><div class=\"main-column center col-padding\">\n\t<div class=\"sectionbutton-wrapper\">\n\t\t\t<div class=\"column-of-3 left col-padding sectionbutton\">\n\t\t\t\t\t\t\t<h5><a class=\"blue\" href=\"https:\/\/cabplustiberina.it\/de\/product\/#agricultural-machinery\"> Landwirtschaftsmaschinen<\/a><\/h5>\n\t\t\t\t\t\t\t<hr class=\"clear gray-small left\">\n\t\t\t\t<div class=\"description\">Auf dem Landwirtschaftssektor ist Cab Plus mit der Fertigung und der direkten Belieferung der gr\u00f6\u00dften internationalen Hersteller von Maschinen und Traktoren mit FOPS Strukturen, ROPS Strukturen und vollst\u00e4ndigen Kabinen f\u00fcr Zugmaschinen zur Feldbearbeitung, f\u00fcr Spezialmaschinen und Erntemaschinen vertreten.<\/div>\n\t\t<\/div>\n\n\t\t\t<div class=\"column-of-3 left col-padding sectionbutton\">\n\t\t\t\t\t\t\t<h5><a class=\"blue\" href=\"https:\/\/cabplustiberina.it\/de\/product\/#construction-machinery\">Baumaschinen<\/a><\/h5>\n\t\t\t\t\t\t\t<hr class=\"clear gray-small left\">\n\t\t\t\t<div class=\"description\">Cab Plus bietet eine umfassende Produktpalette zur Installation auf Erdbewegungsmaschinen aller Art, darunter bereifte Bagger und Bagger mit Raupenketten sowie bereifte Rad- und Baggerlader, kompakt oder in Standardausf\u00fchrung<\/div>\n\t\t<\/div>\n\n\t\t\t<div class=\"column-of-3 left col-padding sectionbutton\">\n\t\t\t\t\t\t\t<h5><a class=\"blue\" href=\"https:\/\/cabplustiberina.it\/de\/product\/#material-handling\">Materialabfertigung<\/a><\/h5>\n\t\t\t\t\t\t\t<hr class=\"clear gray-small left\">\n\t\t\t\t<div class=\"description\">In dieser Branche, in der es vor allem um Hubw\u00e4gen und Teleskopmaschinen geht, bietet Cab Plus konkurrenzf\u00e4hige, personalisierte L\u00f6sungen, speziell f\u00fcr jede Anwendung. Die verschiedenen baulichen Anforderungen des Kunden stehen dabei im Fokus.<\/div>\n\t\t<\/div>\n\n\t\t\t<br class=\"clear\">\n\t<\/div>\n<\/div><\/div><\/div><\/div><\/div><\/div><div id=\"pg-1326-4\"  class=\"panel-grid panel-has-style\" ><div class=\"page-section panel-row-style panel-row-style-for-1326-4\" ><div id=\"pgc-1326-4-0\"  class=\"panel-grid-cell\" ><div id=\"panel-1326-4-0-0\" class=\"so-panel widget widget_qzr-contentwithimage panel-first-child panel-last-child\" data-index=\"8\" ><div\n\t\t\t\n\t\t\tclass=\"so-widget-qzr-contentwithimage so-widget-qzr-contentwithimage-base\"\n\t\t\t\n\t\t><div class=\"qzr-contentwithimage contentwithimage-wrapper boxleft-imagefull\">\n\t\t<div class=\"contentwithimage-background\" style=\"background-image: url('https:\/\/cabplustiberina.it\/wp-content\/uploads\/2016\/11\/IMG_5926.jpg')\">\n\t\t\t<div class=\"columns-12 center col-padding\">\n\t\t\t\t<div class=\"box column-of-2 left\">\n\t\t\t\t\t<h2 class=\"white\">Aktivit\u00e4ten<\/h2>\n\t\t\t\t\t<hr class=\"white-small left\">\n\t\t\t\t\t<div class=\"description clear white\">\n\t\t\t\t\t\t<p>CAB PLUS bem\u00fcht sich laufend um L\u00f6sungen zur Optimierung der Produkte, ihrer Nutzung und der entsprechenden Produktionsprozesse.<br \/>Wir streben kontinuierlich nach L\u00f6sungen, um den wachsenden Anforderungen von Kunden und Markt gerecht zu werden und in puncto Effizienz, Zuverl\u00e4ssigkeit und Konkurrenzf\u00e4higkeit laufende Innovation zu garantieren.\u00a0Besonders die kritischen Phasen des Herstellungsprozesses werden direkt von uns permanent \u00fcberwacht und kontrolliert. Auf diese Weise k\u00f6nnen wir auch immer sicherere und effizientere Produktionsmethoden einf\u00fchren.<\/p>\t\t\t\t\t<\/div>\n\t\t\t\t\t\t\t\t\t\t\t<br><br>\n\t\t\t\t\t\t<div class=\"simplebutton white left\">\n\t\t\t\t\t\t\t<a title=\"Mehr erfahren\" href=\"https:\/\/cabplustiberina.it\/activities\/\">Mehr erfahren<span class=\"icon-arrow-right\"><\/span><\/a>\n\t\t\t\t\t\t<\/div>\n\t\t\t\t\t\t\t\t\t<\/div>\n\t\t\t\t<br class=\"clear\">\n\t\t\t<\/div>\n\t\t<\/div>\n\t\n<\/div><\/div><\/div><\/div><\/div><\/div><div id=\"pg-1326-5\"  class=\"panel-grid panel-has-style\" ><div class=\"page-section panel-row-style panel-row-style-for-1326-5\" ><div id=\"pgc-1326-5-0\"  class=\"panel-grid-cell\" ><div id=\"panel-1326-5-0-0\" class=\"so-panel widget widget_qzr-sectionbutton panel-first-child panel-last-child\" data-index=\"9\" ><div\n\t\t\t\n\t\t\tclass=\"so-widget-qzr-sectionbutton so-widget-qzr-sectionbutton-base\"\n\t\t\t\n\t\t><div class=\"main-column center col-padding\">\n\t<div class=\"sectionbutton-wrapper\">\n\t\t\t<div class=\"column-of-2 left col-padding sectionbutton\">\n\t\t\t\t\t\t\t<h5><a class=\"blue\" href=\"https:\/\/cabplustiberina.it\/activities\/#codesign\">Co-design<\/a><\/h5>\n\t\t\t\t\t\t\t<hr class=\"clear gray-small left\">\n\t\t\t\t<div class=\"description\">Durch das Management und die Durchf\u00fchrung einer ganzen Reihe von Tests und Pr\u00fcfungen ist CAB PLUS in der Lage, die geforderte Leistung der eigenen Produkte zu bewerten, zu zertifizieren und zu optimieren.  Auf diese Weise k\u00f6nnen wir bereits ab der Prototypisierung das Erreichen der gew\u00fcnschten Leistungen im Hinblick auf die strengsten Bezugsnormen f\u00fcr den jeweiligen Nutzungsbereich bewerten.<\/div>\n\t\t<\/div>\n\n\t\t\t<div class=\"column-of-2 left col-padding sectionbutton\">\n\t\t\t\t\t\t\t<h5><a class=\"blue\" href=\"https:\/\/cabplustiberina.it\/activities\/#processi\">Prozesse<\/a><\/h5>\n\t\t\t\t\t\t\t<hr class=\"clear gray-small left\">\n\t\t\t\t<div class=\"description\">Die technische Entwicklung der Produkte von Cab Plus kann im Rahmen der Off-Highway Plattform der Tiberina Group auf eine starke Synergie der Gruppe setzen. Durch diese Integration sind wir in der Lage, in unsere Produkte und in die Co-Design T\u00e4tigkeit neue bauliche und produktive, fortschrittliche und hoch industrialisierte Erfahrungen einflie\u00dfen zu lassen.<\/div>\n\t\t<\/div>\n\n\t\t\t<br class=\"clear\">\n\t<\/div>\n<\/div><\/div><\/div><\/div><\/div><\/div><\/div>","protected":false},"excerpt":{"rendered":"<p>Integrierte Systeme f\u00fcr vollst\u00e4ndige und ma\u00dfgefertigte Kabinen Integrierte Systeme f\u00fcr vollst\u00e4ndige und ma\u00dfgefertigte Kabinen Integrierte Systeme f\u00fcr vollst\u00e4ndige und ma\u00dfgefertigte Kabinen Integrierte Systeme f\u00fcr vollst\u00e4ndige und ma\u00dfgefertigte Kabinen UnternehmenQualit\u00e4t und Kunde an erster Stelle Mehr erfahren Produkte und ProzesseH\u00f6chste Effizienz, von der Entwicklung bis hin zur Produktion Mehr erfahren Landwirtschaftsmaschinen Auf dem Landwirtschaftssektor ist Cab [&hellip;]<\/p>\n","protected":false},"author":2,"featured_media":0,"parent":0,"menu_order":0,"comment_status":"closed","ping_status":"closed","template":"","meta":{"footnotes":""},"class_list":["post-1326","page","type-page","status-publish","hentry"],"_links":{"self":[{"href":"https:\/\/cabplustiberina.it\/de\/wp-json\/wp\/v2\/pages\/1326","targetHints":{"allow":["GET"]}}],"collection":[{"href":"https:\/\/cabplustiberina.it\/de\/wp-json\/wp\/v2\/pages"}],"about":[{"href":"https:\/\/cabplustiberina.it\/de\/wp-json\/wp\/v2\/types\/page"}],"author":[{"embeddable":true,"href":"https:\/\/cabplustiberina.it\/de\/wp-json\/wp\/v2\/users\/2"}],"replies":[{"embeddable":true,"href":"https:\/\/cabplustiberina.it\/de\/wp-json\/wp\/v2\/comments?post=1326"}],"version-history":[{"count":0,"href":"https:\/\/cabplustiberina.it\/de\/wp-json\/wp\/v2\/pages\/1326\/revisions"}],"wp:attachment":[{"href":"https:\/\/cabplustiberina.it\/de\/wp-json\/wp\/v2\/media?parent=1326"}],"curies":[{"name":"wp","href":"https:\/\/api.w.org\/{rel}","templated":true}]}}