{"id":1340,"date":"2016-11-23T10:41:10","date_gmt":"2016-11-23T09:41:10","guid":{"rendered":"http:\/\/cabplustiberina.it\/company\/"},"modified":"2017-06-14T09:54:11","modified_gmt":"2017-06-14T07:54:11","slug":"company","status":"publish","type":"page","link":"https:\/\/cabplustiberina.it\/de\/company\/","title":{"rendered":"Unternehmen"},"content":{"rendered":"<div id=\"pl-1340\"  class=\"panel-layout\" ><div id=\"pg-1340-0\"  class=\"panel-grid panel-has-style\" ><div class=\"page-section panel-row-style panel-row-style-for-1340-0\" ><div id=\"pgc-1340-0-0\"  class=\"panel-grid-cell\" ><div id=\"panel-1340-0-0-0\" class=\"so-panel widget widget_qzr-titlemanager panel-first-child\" data-index=\"0\" ><div\n\t\t\t\n\t\t\tclass=\"so-widget-qzr-titlemanager so-widget-qzr-titlemanager-base\"\n\t\t\t\n\t\t><div class=\"qzr-title main-column col-padding\">\n\t<h1 class=\"blue centertext\">Unternehmen<\/h1><hr class=\"gray-large centertext small-margin\"><\/div><\/div><\/div><div id=\"panel-1340-0-0-1\" class=\"so-panel widget widget_qzr-actionbutton\" data-index=\"1\" ><div\n\t\t\t\n\t\t\tclass=\"so-widget-qzr-actionbutton so-widget-qzr-actionbutton-base\"\n\t\t\t\n\t\t><div class=\"qzr-actionbuttons-wrapper\">\n\t<div class=\"main-column center col-padding\">\n\t\t<nav class=\"actionbuttons\">\n            <a href=\"javascript:window.print();\" title=\"Drucken\" class=\"icon-print\"><\/a>\n            <a href=\"mailto:?subject=Unternehmen&amp;body=https:\/\/cabplustiberina.it\/de\/company\/\" title=\"E-Mail-Adresse\" target=\"_blank\" class=\"icon-mail\"><\/a>\n        <\/nav>\n\t<\/div>\n<\/div><\/div><\/div><div id=\"panel-1340-0-0-2\" class=\"so-panel widget widget_qzr-contentwithimage panel-last-child\" data-index=\"2\" ><div\n\t\t\t\n\t\t\tclass=\"so-widget-qzr-contentwithimage so-widget-qzr-contentwithimage-base\"\n\t\t\t\n\t\t><div class=\"qzr-contentwithimage contentwithimage-wrapper nobox-imageleftbtm\">\n\t\t<div class=\"columns-12 center col-padding\">\n\t\t\t<div class=\"contentwithimage-text column-of-2 right\">\n\t\t\t\t<h3 class=\"blue\">Cab Plus<\/h3>\n\t\t\t\t<hr class=\"gray-small\">\n\t\t\t\t<div class=\"description gray\">\n\t\t\t\t\t<h5>Als Teil der Tiberina Group basiert auch Cab Plus auf deren Werten und industriellen Grunds\u00e4tzen, bei denen Qualit\u00e4t und Kunde stets an erster Stelle stehen.<\/h5><p>Das Werk befindet sich in der Gemeinde Jesi (AN) und erstreckt sich auf einer Fl\u00e4che von insgesamt rund 74.000 Quadratmetern, 18.000 davon \u00fcberdacht.<br \/>Wir sind stark innovativ und dynamisch ausgerichtet, wobei die Kundenzufriedenheit unser h\u00f6chstes Ziel ist und wir uns s\u00e4mtlichen Herausforderungen des Marktes stellen.<br \/>Unser Team besteht aus hochqualifizierten Personen, die sich tagt\u00e4glich mit der Konzeption und Verwirklichung ma\u00dfgeschneiderter, kundenspezifischer L\u00f6sungen befassen. <br \/>Leidenschaft, Kompetenz und Engagement: das sind unsere St\u00e4rken.<\/p>\t\t\t\t<\/div>\n\t\t\t\t\t\t\t<\/div>\n\t\t\t<div class=\"contentwithimage-imageleftbtm column-of-2 left\" style=\"background-image:url('https:\/\/cabplustiberina.it\/wp-content\/uploads\/2016\/11\/cabplus-1024x865.png')\">\n\t\t\t<\/div>\n\t\t\t<br class=\"clear\">\n\t\t<\/div>\n\t\n<\/div><\/div><\/div><\/div><\/div><\/div><div id=\"pg-1340-1\"  class=\"panel-grid panel-has-style\" ><div class=\"page-section row-padding panel-row-style panel-row-style-for-1340-1\" ><div id=\"pgc-1340-1-0\"  class=\"panel-grid-cell\" ><div id=\"panel-1340-1-0-0\" class=\"so-panel widget widget_qzr-titlemanager panel-first-child\" data-index=\"3\" ><div\n\t\t\t\n\t\t\tclass=\"so-widget-qzr-titlemanager so-widget-qzr-titlemanager-base\"\n\t\t\t\n\t\t><div class=\"qzr-title main-column col-padding\">\n\t<h3 class=\"blue centertext\">Video<\/h3><hr class=\"gray-small centertext small-margin\"><\/div><\/div><\/div><div id=\"panel-1340-1-0-1\" class=\"so-panel widget widget_qzr-videoembed panel-last-child\" data-index=\"4\" ><div\n\t\t\t\n\t\t\tclass=\"so-widget-qzr-videoembed so-widget-qzr-videoembed-base\"\n\t\t\t\n\t\t><div class=\"qzr-videoembed-wrapper\">\n\t<div class=\"columns-12 center col-padding\">\n\t\t\t\t\t\t\t<div class=\"qzr-video-wrapper\">\n\t\t\t\t\t<a class=\"qzr-video fullwidth autoplay\" href=\"https:\/\/www.youtube.com\/watch?v=urckF4avYYI\">\n\t\t\t\t\t\t<img decoding=\"async\" alt=\"\" src=\"\"\/>\n\t\t\t\t\t<\/a>\n\t\t\t\t\t<br class=\"clear\">\n\t\t\t\t<\/div>\n\t\t<br class=\"clear\">\n<\/div><\/div><\/div><\/div><\/div><\/div><div id=\"pg-1340-2\"  class=\"panel-grid panel-has-style\" ><div class=\"page-section row-padding panel-row-style panel-row-style-for-1340-2\" ><div id=\"pgc-1340-2-0\"  class=\"panel-grid-cell\" ><div id=\"panel-1340-2-0-0\" class=\"so-panel widget widget_qzr-titlemanager panel-first-child\" data-index=\"5\" ><div\n\t\t\t\n\t\t\tclass=\"so-widget-qzr-titlemanager so-widget-qzr-titlemanager-base\"\n\t\t\t\n\t\t><div class=\"qzr-title main-column col-padding\">\n\t<h3 class=\"blue centertext\">Medien<\/h3><hr class=\"gray-small centertext small-margin\"><\/div><\/div><\/div><div id=\"panel-1340-2-0-1\" class=\"so-panel widget widget_qzr-simpleimage panel-last-child\" data-index=\"6\" ><div\n\t\t\t\n\t\t\tclass=\"so-widget-qzr-simpleimage so-widget-qzr-simpleimage-base\"\n\t\t\t\n\t\t><div class=\"qzr-simpleimage main-column \">\n \t<div class=\"column-of-1 col-padding\"><div class=\"owl-carousel\" data-options='{\"padding\":0}'>\t<img decoding=\"async\" class=\"left \" src=\"https:\/\/cabplustiberina.it\/wp-content\/uploads\/2016\/11\/IMG_5929-1024x614.jpg\" alt=\"\"\/><img decoding=\"async\" class=\"left \" src=\"https:\/\/cabplustiberina.it\/wp-content\/uploads\/2016\/11\/DN9B3557-1024x614.jpg\" alt=\"\"\/><img decoding=\"async\" class=\"left \" src=\"https:\/\/cabplustiberina.it\/wp-content\/uploads\/2016\/11\/DN9B3628-1024x614.jpg\" alt=\"\"\/><img decoding=\"async\" class=\"left \" src=\"https:\/\/cabplustiberina.it\/wp-content\/uploads\/2016\/11\/DN9B3385-1024x614.jpg\" alt=\"\"\/><img decoding=\"async\" class=\"left \" src=\"https:\/\/cabplustiberina.it\/wp-content\/uploads\/2016\/11\/IMG_5934-1024x614.jpg\" alt=\"\"\/>\t<\/div><\/div><\/div><\/div><\/div><\/div><\/div><\/div><div id=\"pg-1340-3\"  class=\"panel-grid panel-has-style\" ><div class=\"page-section row-padding panel-row-style panel-row-style-for-1340-3\" ><div id=\"pgc-1340-3-0\"  class=\"panel-grid-cell\" ><div id=\"panel-1340-3-0-0\" class=\"so-panel widget widget_qzr-titlemanager panel-first-child\" data-index=\"7\" ><div class=\"panel-widget-style panel-widget-style-for-1340-3-0-0\" ><div\n\t\t\t\n\t\t\tclass=\"so-widget-qzr-titlemanager so-widget-qzr-titlemanager-base\"\n\t\t\t\n\t\t><div class=\"qzr-title main-column col-padding\">\n\t<h3 class=\"blue centertext\">Zertifizierungen<\/h3><hr class=\"gray-small centertext small-margin\"><h4 class=\"gray centertext\">Zertifizierungen Qualit\u00e4t, Sicherheit, Aufmerksamkeit aufs Detail: Cab Plus bietet mehr als eine Garantie.<\/h4><p class=\"gray centertext\">Wir streben stets nach Spitzenqualit\u00e4t f\u00fcr unsere Prozesse und Produkte. <br \/> Cab Plus Zertifizierungen.<\/p><\/div><\/div><\/div><\/div><div id=\"panel-1340-3-0-1\" class=\"so-panel widget widget_qzr-features panel-last-child\" data-index=\"8\" ><div class=\"panel-widget-style panel-widget-style-for-1340-3-0-1\" ><div\n\t\t\t\n\t\t\tclass=\"so-widget-qzr-features so-widget-qzr-features-base\"\n\t\t\t\n\t\t><div class=\"qzr-features-wrapper\">\n\t<div class=\"columns-12 center col-padding\">\n\t\t\t<\/div>\n\t<div class=\"columns-12 center centertext \">\n\t\t\t\t<div class=\"qzr-feature column-of-6 blue left\">\n\t\t\t\t<img decoding=\"async\" alt=\"Qualit\u00e4t\t\" src=\"https:\/\/cabplustiberina.it\/wp-content\/uploads\/2016\/11\/certificaz-01-ok-1.png\"\/>\t\t\t\t<h3 class=\" blue\">Qualit\u00e4t\t<\/h3>\n\t\t\t\t<div class=\"feature-description\"><p>ISO 9001<br \/> ISO TS 16949<\/p><\/div>\t\t\t<\/div>\n\t\t\t\t<div class=\"qzr-feature column-of-6 blue left\">\n\t\t\t\t<img decoding=\"async\" alt=\"Umwelt\" src=\"https:\/\/cabplustiberina.it\/wp-content\/uploads\/2016\/11\/certificaz-02.png\"\/>\t\t\t\t<h3 class=\" blue\">Umwelt<\/h3>\n\t\t\t\t<div class=\"feature-description\"><p>ISO 14001<\/p><\/div>\t\t\t<\/div>\n\t\t\t\t<div class=\"qzr-feature column-of-6 blue left\">\n\t\t\t\t<img decoding=\"async\" alt=\"Gesundheit und Sicherheit\" src=\"https:\/\/cabplustiberina.it\/wp-content\/uploads\/2016\/11\/certificaz-03.png\"\/>\t\t\t\t<h3 class=\" blue\">Gesundheit und Sicherheit<\/h3>\n\t\t\t\t<div class=\"feature-description\"><p>BS OHSAS 18001<\/p><\/div>\t\t\t<\/div>\n\t\t\t\t<div class=\"qzr-feature column-of-6 blue left\">\n\t\t\t\t<img decoding=\"async\" alt=\"Ethische und Soziale Verantwortung\" src=\"https:\/\/cabplustiberina.it\/wp-content\/uploads\/2016\/11\/certificaz-05.png\"\/>\t\t\t\t<h3 class=\" blue\">Ethische und Soziale Verantwortung<\/h3>\n\t\t\t\t<div class=\"feature-description\"><p>SA 8000<\/p><\/div>\t\t\t<\/div>\n\t\t\t\t<div class=\"qzr-feature column-of-6 blue left\">\n\t\t\t\t<img decoding=\"async\" alt=\"Informationssicherheit\t\" src=\"https:\/\/cabplustiberina.it\/wp-content\/uploads\/2016\/11\/certificaz-04.png\"\/>\t\t\t\t<h3 class=\" blue\">Informationssicherheit\t<\/h3>\n\t\t\t\t<div class=\"feature-description\"><p>ISO IEC 27001<\/p><\/div>\t\t\t<\/div>\n\t\t\t\t<div class=\"qzr-feature column-of-6 blue left\">\n\t\t\t\t<img decoding=\"async\" alt=\"Energie \/ Management\" src=\"https:\/\/cabplustiberina.it\/wp-content\/uploads\/2016\/11\/certificaz-06.png\"\/>\t\t\t\t<h3 class=\" blue\">Energie \/ Management<\/h3>\n\t\t\t\t<div class=\"feature-description\"><p>ISO 50001<\/p><\/div>\t\t\t<\/div>\n\t\t<br class=\"clear\">\n\t<\/div>\n<\/div><\/div><\/div><\/div><\/div><\/div><\/div><\/div>","protected":false},"excerpt":{"rendered":"<p>Unternehmen Cab Plus Als Teil der Tiberina Group basiert auch Cab Plus auf deren Werten und industriellen Grunds\u00e4tzen, bei denen Qualit\u00e4t und Kunde stets an erster Stelle stehen.Das Werk befindet sich in der Gemeinde Jesi (AN) und erstreckt sich auf einer Fl\u00e4che von insgesamt rund 74.000 Quadratmetern, 18.000 davon \u00fcberdacht.Wir sind stark innovativ und dynamisch [&hellip;]<\/p>\n","protected":false},"author":2,"featured_media":959,"parent":0,"menu_order":0,"comment_status":"closed","ping_status":"closed","template":"","meta":{"footnotes":""},"class_list":["post-1340","page","type-page","status-publish","has-post-thumbnail","hentry"],"_links":{"self":[{"href":"https:\/\/cabplustiberina.it\/de\/wp-json\/wp\/v2\/pages\/1340","targetHints":{"allow":["GET"]}}],"collection":[{"href":"https:\/\/cabplustiberina.it\/de\/wp-json\/wp\/v2\/pages"}],"about":[{"href":"https:\/\/cabplustiberina.it\/de\/wp-json\/wp\/v2\/types\/page"}],"author":[{"embeddable":true,"href":"https:\/\/cabplustiberina.it\/de\/wp-json\/wp\/v2\/users\/2"}],"replies":[{"embeddable":true,"href":"https:\/\/cabplustiberina.it\/de\/wp-json\/wp\/v2\/comments?post=1340"}],"version-history":[{"count":0,"href":"https:\/\/cabplustiberina.it\/de\/wp-json\/wp\/v2\/pages\/1340\/revisions"}],"wp:featuredmedia":[{"embeddable":true,"href":"https:\/\/cabplustiberina.it\/de\/wp-json\/wp\/v2\/media\/959"}],"wp:attachment":[{"href":"https:\/\/cabplustiberina.it\/de\/wp-json\/wp\/v2\/media?parent=1340"}],"curies":[{"name":"wp","href":"https:\/\/api.w.org\/{rel}","templated":true}]}}