{"id":1360,"date":"2016-11-25T15:50:22","date_gmt":"2016-11-25T14:50:22","guid":{"rendered":"http:\/\/cabplustiberina.it\/difference\/"},"modified":"2017-06-14T15:51:44","modified_gmt":"2017-06-14T13:51:44","slug":"difference","status":"publish","type":"page","link":"https:\/\/cabplustiberina.it\/de\/difference\/","title":{"rendered":"Unterschied"},"content":{"rendered":"<div id=\"pl-1360\"  class=\"panel-layout\" ><div id=\"pg-1360-0\"  class=\"panel-grid panel-has-style\" ><div class=\"page-section panel-row-style panel-row-style-for-1360-0\" ><div id=\"pgc-1360-0-0\"  class=\"panel-grid-cell\" ><div id=\"panel-1360-0-0-0\" class=\"so-panel widget widget_qzr-titlemanager panel-first-child\" data-index=\"0\" ><div\n\t\t\t\n\t\t\tclass=\"so-widget-qzr-titlemanager so-widget-qzr-titlemanager-base\"\n\t\t\t\n\t\t><div class=\"qzr-title main-column col-padding\">\n\t<h1 class=\"blue centertext\">Unterschied<\/h1><hr class=\"gray-large centertext small-margin\"><\/div><\/div><\/div><div id=\"panel-1360-0-0-1\" class=\"so-panel widget widget_qzr-actionbutton\" data-index=\"1\" ><div\n\t\t\t\n\t\t\tclass=\"so-widget-qzr-actionbutton so-widget-qzr-actionbutton-base\"\n\t\t\t\n\t\t><div class=\"qzr-actionbuttons-wrapper\">\n\t<div class=\"main-column center col-padding\">\n\t\t<nav class=\"actionbuttons\">\n            <a href=\"javascript:window.print();\" title=\"Drucken\" class=\"icon-print\"><\/a>\n            <a href=\"mailto:?subject=Unterschied&amp;body=https:\/\/cabplustiberina.it\/de\/difference\/\" title=\"E-Mail-Adresse\" target=\"_blank\" class=\"icon-mail\"><\/a>\n        <\/nav>\n\t<\/div>\n<\/div><\/div><\/div><div id=\"panel-1360-0-0-2\" class=\"so-panel widget widget_qzr-contentwithimage panel-last-child\" data-index=\"2\" ><div\n\t\t\t\n\t\t\tclass=\"so-widget-qzr-contentwithimage so-widget-qzr-contentwithimage-base\"\n\t\t\t\n\t\t><div class=\"qzr-contentwithimage contentwithimage-wrapper nobox-imageleftbtmfull\">\n\t\t<div class=\"contentwithimage-text column-of-2 right\">\n\t\t\t<div class=\"columns-6 left col-padding\">\n\t\t\t\t<h3 class=\"blue\">Cab Plus WCM<\/h3>\n\t\t\t\t<hr class=\"gray-small\">\n\t\t\t\t<div class=\"description gray\">\n\t\t\t\t\t<h5>Die Audits der letzten Jahre haben ein beachtliches Wachstum des von Cab Plus erreichten Levels im World Class Manufacturing ergeben. Ausgangspunkt sind unsere bisher erreichten Ergebnisse im Hinblick auf ein weiteres Wachstum und auf die Optimierung der Organisation auf allen Ebenen.<\/h5><p>WCM ist der Arbeitsansatz, die Herausforderung, der wir uns tagt\u00e4glich stellen, wobei jeder Einzelne stets das Maximum gibt und somit zum internen und externen Entwicklungsprozess beitr\u00e4gt.<br \/> Dieses Ziel erreichen wir durch die Aneignung verbreiteter Kompetenzen und die Entwicklung von Prozessen zur:<\/p><p><img loading=\"lazy\" decoding=\"async\" class=\"alignleft wp-image-61\" src=\"http:\/\/ariestiberina.it\/wp-content\/uploads\/2016\/11\/check.png\" alt=\"check\" width=\"30\" height=\"24\" \/><\/p><p>BEK\u00c4MPFUNG VON VERLUST UND VERSCHWENDUNG<\/p><p><img loading=\"lazy\" decoding=\"async\" class=\"alignleft wp-image-61\" src=\"http:\/\/ariestiberina.it\/wp-content\/uploads\/2016\/11\/check.png\" alt=\"check\" width=\"30\" height=\"24\" \/><\/p><p>EINBEZIEHUNG DER PERSONEN AUF ALLEN ORGANISATIONSEBENEN<\/p><p><img loading=\"lazy\" decoding=\"async\" class=\"alignleft wp-image-61\" src=\"http:\/\/ariestiberina.it\/wp-content\/uploads\/2016\/11\/check.png\" alt=\"check\" width=\"30\" height=\"24\" \/><\/p><p>ANWENDUNG STRENGER METHODEN UND PROZESSE<\/p><p><img loading=\"lazy\" decoding=\"async\" class=\"alignleft wp-image-61\" src=\"http:\/\/ariestiberina.it\/wp-content\/uploads\/2016\/11\/check.png\" alt=\"check\" width=\"30\" height=\"24\" \/><\/p><p>STANDARDISIERUNG UND VERBREITUNG DER ERREICHTEN ERGEBNISSE<\/p><p>\u00a0<\/p><p>\u00a0<\/p>\t\t\t\t<\/div>\n\t\t\t\t\t\t\t<\/div>\n\t\t<\/div>\n\t\t<div class=\"contentwithimage-imageleftbtmfull column-of-2 left\" style=\"background-image:url('https:\/\/cabplustiberina.it\/wp-content\/uploads\/2016\/11\/DN9B3758-03.png')\">\n\t\t<\/div>\t\n\t\t<br class=\"clear\">\n\t\n<\/div><\/div><\/div><\/div><\/div><\/div><div id=\"pg-1360-1\"  class=\"panel-grid panel-has-style\" ><div class=\"page-section row-padding panel-row-style panel-row-style-for-1360-1\" ><div id=\"pgc-1360-1-0\"  class=\"panel-grid-cell\" ><div id=\"panel-1360-1-0-0\" class=\"so-panel widget widget_qzr-titlemanager panel-first-child\" data-index=\"3\" ><div\n\t\t\t\n\t\t\tclass=\"so-widget-qzr-titlemanager so-widget-qzr-titlemanager-base\"\n\t\t\t\n\t\t><div class=\"qzr-title main-column col-padding\">\n\t<h3 class=\"blue centertext\">Wir setzen auf WCM Strategien zur Umsetzung des \u201eNull-Modells\u201c<\/h3><\/div><\/div><\/div><div id=\"panel-1360-1-0-1\" class=\"so-panel widget widget_qzr-features panel-last-child\" data-index=\"4\" ><div\n\t\t\t\n\t\t\tclass=\"so-widget-qzr-features so-widget-qzr-features-base\"\n\t\t\t\n\t\t><div class=\"qzr-features-wrapper\">\n\t<div class=\"columns-12 center col-padding\">\n\t\t\t<\/div>\n\t<div class=\"columns-12 center centertext \">\n\t\t\t\t<div class=\"qzr-feature column-of-6 blue left\">\n\t\t\t\t<img decoding=\"async\" alt=\"Weniger Verschwendung\" src=\"https:\/\/cabplustiberina.it\/wp-content\/uploads\/2016\/11\/foglio-sprechi-320x310.png\"\/>\t\t\t\t<h3 class=\" blue\">Weniger Verschwendung<\/h3>\n\t\t\t\t\t\t\t<\/div>\n\t\t\t\t<div class=\"qzr-feature column-of-6 blue left\">\n\t\t\t\t<img decoding=\"async\" alt=\"Weniger St\u00f6rungen\" src=\"https:\/\/cabplustiberina.it\/wp-content\/uploads\/2016\/11\/foglio-guasti-320x310.png\"\/>\t\t\t\t<h3 class=\" blue\">Weniger St\u00f6rungen<\/h3>\n\t\t\t\t\t\t\t<\/div>\n\t\t\t\t<div class=\"qzr-feature column-of-6 blue left\">\n\t\t\t\t<img decoding=\"async\" alt=\"Weniger Defekte\" src=\"https:\/\/cabplustiberina.it\/wp-content\/uploads\/2016\/11\/foglio-difetti-320x310.png\"\/>\t\t\t\t<h3 class=\" blue\">Weniger Defekte<\/h3>\n\t\t\t\t\t\t\t<\/div>\n\t\t\t\t<div class=\"qzr-feature column-of-6 blue left\">\n\t\t\t\t<img decoding=\"async\" alt=\"Weniger Lageraufwand\" src=\"https:\/\/cabplustiberina.it\/wp-content\/uploads\/2016\/11\/foglio-magazzino-01-320x310.png\"\/>\t\t\t\t<h3 class=\" blue\">Weniger Lageraufwand<\/h3>\n\t\t\t\t\t\t\t<\/div>\n\t\t<br class=\"clear\">\n\t<\/div>\n<\/div><\/div><\/div><\/div><\/div><\/div><div id=\"pg-1360-2\"  class=\"panel-grid panel-has-style\" ><div class=\"page-section panel-row-style panel-row-style-for-1360-2\" ><div id=\"pgc-1360-2-0\"  class=\"panel-grid-cell\" ><div id=\"panel-1360-2-0-0\" class=\"so-panel widget widget_qzr-contentwithimage panel-first-child panel-last-child\" data-index=\"5\" ><div\n\t\t\t\n\t\t\tclass=\"so-widget-qzr-contentwithimage so-widget-qzr-contentwithimage-base\"\n\t\t\t\n\t\t><div class=\"qzr-contentwithimage contentwithimage-wrapper boxleft-imagefull\">\n\t\t<div class=\"contentwithimage-background\" style=\"background-image: url('https:\/\/cabplustiberina.it\/wp-content\/uploads\/2016\/11\/DN9B3285.jpg')\">\n\t\t\t<div class=\"columns-12 center col-padding\">\n\t\t\t\t<div class=\"box column-of-2 left\">\n\t\t\t\t\t<h2 class=\"white\">Cab Plus People<\/h2>\n\t\t\t\t\t<hr class=\"white-small left\">\n\t\t\t\t\t<div class=\"description clear white\">\n\t\t\t\t\t\t<h4>Unsere Mitarbeiter sind engagierte, kompetente M\u00e4nner und Frauen, die allesamt zur absoluten Produktqualit\u00e4t beitragen, bei der nichts dem Zufall \u00fcberlassen bleibt.<\/h4><p>Wir setzen auf die F\u00f6rderung und den Ausbau der F\u00e4higkeiten unseres Personals, sodass jeder Einzelne einen wichtigen Beitrag leistet und sich optimal um die einzelnen Aspekte des Produktionszyklus k\u00fcmmert.<\/p>\t\t\t\t\t<\/div>\n\t\t\t\t\t\t\t\t\t<\/div>\n\t\t\t\t<br class=\"clear\">\n\t\t\t<\/div>\n\t\t<\/div>\n\t\n<\/div><\/div><\/div><\/div><\/div><\/div><div id=\"pg-1360-3\"  class=\"panel-grid panel-has-style\" ><div class=\"page-section row-padding panel-row-style panel-row-style-for-1360-3\" ><div id=\"pgc-1360-3-0\"  class=\"panel-grid-cell\" ><div id=\"panel-1360-3-0-0\" class=\"so-panel widget widget_qzr-titlemanager panel-first-child\" data-index=\"6\" ><div\n\t\t\t\n\t\t\tclass=\"so-widget-qzr-titlemanager so-widget-qzr-titlemanager-base\"\n\t\t\t\n\t\t><div class=\"qzr-title main-column col-padding\">\n\t<h3 class=\"blue centertext\"> Werk<\/h3><hr class=\"gray-small centertext small-margin\"><p class=\"gray centertext\">Wir betreiben drei Werke zur Abwicklung der wichtigsten Produktionsprozesse. Dadurch sind wir in der Lage, eine absolute Qualit\u00e4tskontrolle aller Herstellungsphasen zu gew\u00e4hrleisten.<\/p><\/div><\/div><\/div><div id=\"panel-1360-3-0-1\" class=\"so-panel widget widget_qzr-simpleimage panel-last-child\" data-index=\"7\" ><div\n\t\t\t\n\t\t\tclass=\"so-widget-qzr-simpleimage so-widget-qzr-simpleimage-base\"\n\t\t\t\n\t\t><div class=\"qzr-simpleimage main-column \">\n \t\t<img decoding=\"async\" class=\"left col-padding column-of-1\" src=\"https:\/\/cabplustiberina.it\/wp-content\/uploads\/2016\/11\/TIB-17-CABPLUS-STABILIMENTO-DE.svg\" alt=\"\"\/>\t<\/div><\/div><\/div><\/div><\/div><\/div><\/div>","protected":false},"excerpt":{"rendered":"<p>Unterschied Cab Plus WCM Die Audits der letzten Jahre haben ein beachtliches Wachstum des von Cab Plus erreichten Levels im World Class Manufacturing ergeben. Ausgangspunkt sind unsere bisher erreichten Ergebnisse im Hinblick auf ein weiteres Wachstum und auf die Optimierung der Organisation auf allen Ebenen.WCM ist der Arbeitsansatz, die Herausforderung, der wir uns tagt\u00e4glich stellen, [&hellip;]<\/p>\n","protected":false},"author":2,"featured_media":962,"parent":0,"menu_order":0,"comment_status":"closed","ping_status":"closed","template":"","meta":{"footnotes":""},"class_list":["post-1360","page","type-page","status-publish","has-post-thumbnail","hentry"],"_links":{"self":[{"href":"https:\/\/cabplustiberina.it\/de\/wp-json\/wp\/v2\/pages\/1360","targetHints":{"allow":["GET"]}}],"collection":[{"href":"https:\/\/cabplustiberina.it\/de\/wp-json\/wp\/v2\/pages"}],"about":[{"href":"https:\/\/cabplustiberina.it\/de\/wp-json\/wp\/v2\/types\/page"}],"author":[{"embeddable":true,"href":"https:\/\/cabplustiberina.it\/de\/wp-json\/wp\/v2\/users\/2"}],"replies":[{"embeddable":true,"href":"https:\/\/cabplustiberina.it\/de\/wp-json\/wp\/v2\/comments?post=1360"}],"version-history":[{"count":0,"href":"https:\/\/cabplustiberina.it\/de\/wp-json\/wp\/v2\/pages\/1360\/revisions"}],"wp:featuredmedia":[{"embeddable":true,"href":"https:\/\/cabplustiberina.it\/de\/wp-json\/wp\/v2\/media\/962"}],"wp:attachment":[{"href":"https:\/\/cabplustiberina.it\/de\/wp-json\/wp\/v2\/media?parent=1360"}],"curies":[{"name":"wp","href":"https:\/\/api.w.org\/{rel}","templated":true}]}}