{"id":1435,"date":"2017-02-03T16:25:41","date_gmt":"2017-02-03T15:25:41","guid":{"rendered":"http:\/\/cabplustiberina.it\/cookies-policy\/"},"modified":"2017-06-13T13:11:00","modified_gmt":"2017-06-13T11:11:00","slug":"cookies-policy","status":"publish","type":"page","link":"https:\/\/cabplustiberina.it\/de\/cookies-policy\/","title":{"rendered":"Cookies-Aufkl\u00e4rung"},"content":{"rendered":"<div id=\"pl-1435\"  class=\"panel-layout\" ><div id=\"pg-1435-0\"  class=\"panel-grid panel-no-style\" ><div id=\"pgc-1435-0-0\"  class=\"panel-grid-cell\" ><div id=\"panel-1435-0-0-0\" class=\"so-panel widget widget_qzr-titlemanager panel-first-child\" data-index=\"0\" ><div\n\t\t\t\n\t\t\tclass=\"so-widget-qzr-titlemanager so-widget-qzr-titlemanager-base\"\n\t\t\t\n\t\t><div class=\"qzr-title main-column col-padding\">\n\t<h1 class=\"blue centertext\">Cookies-Aufkl\u00e4rung<\/h1><hr class=\"gray-small centertext small-margin\"><\/div><\/div><\/div><div id=\"panel-1435-0-0-1\" class=\"so-panel widget widget_sow-editor panel-last-child\" data-index=\"1\" ><div class=\"columns-8 center col-padding panel-widget-style panel-widget-style-for-1435-0-0-1\" ><div\n\t\t\t\n\t\t\tclass=\"so-widget-sow-editor so-widget-sow-editor-base\"\n\t\t\t\n\t\t>\n<div class=\"siteorigin-widget-tinymce textwidget\">\n\t<div class=\"clearfix\">\n<p><b>Was sind Cookies?<\/b><\/p>\n<\/div>\n<p>Cookies sind kleine Textdateien, auf dem Rechner gespeichert werden, sobald der Nutzer unsere Webseite besucht. Der Text speichert Informationen, die die Webseite bei einem erneuten Besuch abrufen kann.\u00a0 Einige dieser Cookies sind f\u00fcr die korrekte Funktionsweise der Webseite erforderlich, andere hingegen nutzen dem Besucher, da sie auf sichere Art und Weise beispielsweise den Benutzernamen speichern.<\/p>\n<p><b>Wehalb wir Cookies verwenden<\/b><\/p>\n<p>Auf unserer Webseite verwenden wir Cookies, um die eingestellte Navigationssprache und die zur Liste der Pr\u00e4ferenzen hinzugef\u00fcgten Produkte zu speichern. Au\u00dferdem nutzen wir Dienste von Drittanbietern, die wiederum ebenfalls Cookies verwenden. Nachstehend eine Aufstellung besagter Dienste samt Link zu den jeweiligen Datenschutzerkl\u00e4rungen:<\/p>\n<ul>\n<li class=\"p1\"><a href=\"https:\/\/www.google.com\/intl\/it\/policies\/technologies\/cookies\/\">Google maps<\/a>\u00a0ist ein vonGoogle Inc. bereitgestellter Dienst zur Suche und Anzeige von geographischen Karten.<\/li>\n<li class=\"p1\"><a href=\"https:\/\/www.google.it\/intl\/it\/policies\/privacy\/\">YouTube<\/a>\u00a0und\u00a0<a href=\"https:\/\/vimeo.com\/help\/faq\/managing-your-videos\/privacy-settings\">Vimeo<\/a>\u00a0sind zwei Web-Plattformen, auf denen Video ins Netz gestellt und angesehen werden k\u00f6nnen<\/li>\n<\/ul>\n<p>Hier finden Sie Informationen \u00fcber die Deaktivierung bzw. Verwaltung von Cookies auf den verschiedenen Browsern:<\/p>\n<ul>\n<li class=\"p1\"><a href=\"https:\/\/support.google.com\/chrome\/answer\/95647?hl=en&amp;p=cpn_cookies\">Google Chrome<\/a><\/li>\n<li class=\"p1\"><a href=\"https:\/\/support.mozilla.org\/it\/kb\/Attivare%20e%20disattivare%20i%20cookie?redirectlocale=en-US&amp;redirectslug=Enabling+and+disabling+cookies\">Mozilla Firefox<\/a><\/li>\n<li class=\"p1\"><a href=\"https:\/\/www.apple.com\/legal\/privacy\/it\/cookies\/\">Apple Safari<\/a><\/li>\n<li class=\"p1\"><a href=\"http:\/\/windows.microsoft.com\/it-it\/windows-vista\/block-or-allow-cookies\">Microsoft Windows Explorer<\/a><\/li>\n<\/ul>\n<p>Die Deaktivierung der Cookies kann sich jedoch nachteilig auf die Funktionsweise der Seite auswirken. Durch Schlie\u00dfen des Banners auf dieser Seite oder durch Anklicken eines Links stimmen Sie der Nutzung der Cookies zu.<\/p>\n<p>Diese Cookies-Aufkl\u00e4rung wurde am 28. Mai 2015 aktualisiert. Etwaige Updates werden stets auf dieser Seite ver\u00f6ffentlicht.<\/p>\n<\/div>\n<\/div><\/div><\/div><\/div><\/div><\/div>","protected":false},"excerpt":{"rendered":"<p>Was sind Cookies?Cookies sind kleine Textdateien, auf dem Rechner gespeichert werden, sobald der Nutzer unsere Webseite besucht. Der Text speichert Informationen, die die Webseite bei einem erneuten Besuch abrufen kann.\u00a0 Einige dieser Cookies sind f\u00fcr die korrekte Funktionsweise der Webseite erforderlich, andere hingegen nutzen dem Besucher, da sie auf sichere Art und Weise beispielsweise den [&hellip;]<\/p>\n","protected":false},"author":2,"featured_media":0,"parent":0,"menu_order":0,"comment_status":"closed","ping_status":"closed","template":"","meta":{"footnotes":""},"class_list":["post-1435","page","type-page","status-publish","hentry"],"_links":{"self":[{"href":"https:\/\/cabplustiberina.it\/de\/wp-json\/wp\/v2\/pages\/1435","targetHints":{"allow":["GET"]}}],"collection":[{"href":"https:\/\/cabplustiberina.it\/de\/wp-json\/wp\/v2\/pages"}],"about":[{"href":"https:\/\/cabplustiberina.it\/de\/wp-json\/wp\/v2\/types\/page"}],"author":[{"embeddable":true,"href":"https:\/\/cabplustiberina.it\/de\/wp-json\/wp\/v2\/users\/2"}],"replies":[{"embeddable":true,"href":"https:\/\/cabplustiberina.it\/de\/wp-json\/wp\/v2\/comments?post=1435"}],"version-history":[{"count":0,"href":"https:\/\/cabplustiberina.it\/de\/wp-json\/wp\/v2\/pages\/1435\/revisions"}],"wp:attachment":[{"href":"https:\/\/cabplustiberina.it\/de\/wp-json\/wp\/v2\/media?parent=1435"}],"curies":[{"name":"wp","href":"https:\/\/api.w.org\/{rel}","templated":true}]}}