{"id":1313,"date":"2016-11-27T11:04:05","date_gmt":"2016-11-27T10:04:05","guid":{"rendered":"http:\/\/cabplustiberina.it\/activities\/"},"modified":"2017-06-14T15:35:37","modified_gmt":"2017-06-14T13:35:37","slug":"activities","status":"publish","type":"page","link":"https:\/\/cabplustiberina.it\/fr\/activities\/","title":{"rendered":"Activit\u00e9s"},"content":{"rendered":"<div id=\"pl-1313\"  class=\"panel-layout\" ><div id=\"pg-1313-0\"  class=\"panel-grid panel-has-style\" ><div class=\"page-section panel-row-style panel-row-style-for-1313-0\" ><div id=\"pgc-1313-0-0\"  class=\"panel-grid-cell\" ><div id=\"panel-1313-0-0-0\" class=\"so-panel widget widget_qzr-titlemanager panel-first-child\" data-index=\"0\" ><div\n\t\t\t\n\t\t\tclass=\"so-widget-qzr-titlemanager so-widget-qzr-titlemanager-base\"\n\t\t\t\n\t\t><div class=\"qzr-title main-column col-padding\">\n\t<h1 class=\"blue centertext\">Activit\u00e9s<\/h1><hr class=\"gray-large centertext small-margin\"><\/div><\/div><\/div><div id=\"panel-1313-0-0-1\" class=\"so-panel widget widget_qzr-actionbutton panel-last-child\" data-index=\"1\" ><div\n\t\t\t\n\t\t\tclass=\"so-widget-qzr-actionbutton so-widget-qzr-actionbutton-base\"\n\t\t\t\n\t\t><div class=\"qzr-actionbuttons-wrapper\">\n\t<div class=\"main-column center col-padding\">\n\t\t<nav class=\"actionbuttons\">\n            <a href=\"javascript:window.print();\" title=\"Imprimer\" class=\"icon-print\"><\/a>\n            <a href=\"mailto:?subject=Activit%C3%A9s&amp;body=https:\/\/cabplustiberina.it\/fr\/activities\/\" title=\"E-mail\" target=\"_blank\" class=\"icon-mail\"><\/a>\n        <\/nav>\n\t<\/div>\n<\/div><\/div><\/div><\/div><\/div><\/div><div id=\"pg-1313-1\"  class=\"panel-grid panel-has-style\" ><div class=\"page-section panel-row-style panel-row-style-for-1313-1\" ><div id=\"pgc-1313-1-0\"  class=\"panel-grid-cell\" ><div id=\"panel-1313-1-0-0\" class=\"so-panel widget widget_qzr-titlemanager panel-first-child\" data-index=\"2\" ><div\n\t\t\t\n\t\t\tclass=\"so-widget-qzr-titlemanager so-widget-qzr-titlemanager-base\"\n\t\t\t\n\t\t><div class=\"qzr-title main-column col-padding\">\n\t<h3 class=\"blue centertext\">Les valeurs qui caract\u00e9risent<br \/> nos produits <\/h3><\/div><\/div><\/div><div id=\"panel-1313-1-0-1\" class=\"so-panel widget widget_qzr-features panel-last-child\" data-index=\"3\" ><div class=\"panel-widget-style panel-widget-style-for-1313-1-0-1\" ><div\n\t\t\t\n\t\t\tclass=\"so-widget-qzr-features so-widget-qzr-features-base\"\n\t\t\t\n\t\t><div class=\"qzr-features-wrapper\">\n\t<div class=\"columns-12 center col-padding\">\n\t\t\t<\/div>\n\t<div class=\"columns-12 center centertext \">\n\t\t\t\t<div class=\"qzr-feature column-of-2 blue left\">\n\t\t\t\t<img decoding=\"async\" alt=\"S\u00e9curit\u00e9\" src=\"https:\/\/cabplustiberina.it\/wp-content\/uploads\/2016\/11\/01_sicurezza_bk.png\"\/>\t\t\t\t<h3 class=\" blue\">S\u00e9curit\u00e9<\/h3>\n\t\t\t\t<div class=\"feature-description\"><p>S\u00e9curit\u00e9 signifie la surveillance rigoureuse de toutes les phases de la production et la garantie d'un produit qui respecte enti\u00e8rement tous les param\u00e8tres de fiabilit\u00e9.<\/p><\/div>\t\t\t<\/div>\n\t\t\t\t<div class=\"qzr-feature column-of-2 blue left\">\n\t\t\t\t<img decoding=\"async\" alt=\"Qualit\u00e9\t\" src=\"https:\/\/cabplustiberina.it\/wp-content\/uploads\/2016\/11\/02_qualita_bk.png\"\/>\t\t\t\t<h3 class=\" blue\">Qualit\u00e9\t<\/h3>\n\t\t\t\t<div class=\"feature-description\"><p>Il s'agit de notre marque de fabrique. Notre longue exp\u00e9rience avec des partenaires prestigieux nous pousse \u00e0 ne jamais nous limiter et \u00e0 porter toujours plus haut l'objectif \u00e0 atteindre.<\/p><\/div>\t\t\t<\/div>\n\t\t\t\t<div class=\"qzr-feature column-of-2 blue left\">\n\t\t\t\t<img decoding=\"async\" alt=\"Robustesse\t\" src=\"https:\/\/cabplustiberina.it\/wp-content\/uploads\/2016\/11\/03_robustezza_bk.png\"\/>\t\t\t\t<h3 class=\" blue\">Robustesse\t<\/h3>\n\t\t\t\t<div class=\"feature-description\"><p>Durabilit\u00e9, int\u00e9grit\u00e9 et r\u00e9sistance. Ce sont les \u00e9l\u00e9ments essentiels qui nous permettent de d\u00e9velopper des composants dot\u00e9s d'une robustesse absolue.<\/p><\/div>\t\t\t<\/div>\n\t\t\t\t<div class=\"qzr-feature column-of-2 blue left\">\n\t\t\t\t<img decoding=\"async\" alt=\" Fiabilit\u00e9\" src=\"https:\/\/cabplustiberina.it\/wp-content\/uploads\/2016\/11\/4_affidabilita_bk.png\"\/>\t\t\t\t<h3 class=\" blue\"> Fiabilit\u00e9<\/h3>\n\t\t\t\t<div class=\"feature-description\"><p>Notre philosophie de production est depuis toujours guid\u00e9e par la recherche et l'innovation. Cela conduit \u00e0 des produits fiables et durables.<\/p><\/div>\t\t\t<\/div>\n\t\t<br class=\"clear\">\n\t<\/div>\n<\/div><\/div><\/div><\/div><\/div><\/div><\/div><div id=\"pg-1313-2\"  class=\"panel-grid panel-has-style\" ><div class=\"page-section panel-row-style panel-row-style-for-1313-2\" ><div id=\"pgc-1313-2-0\"  class=\"panel-grid-cell\" ><div id=\"panel-1313-2-0-0\" class=\"so-panel widget widget_qzr-pagesection panel-first-child panel-last-child\" data-index=\"4\" ><div\n\t\t\t\n\t\t\tclass=\"so-widget-qzr-pagesection so-widget-qzr-pagesection-base\"\n\t\t\t\n\t\t><div class=\"qzr-pagesection\" id=\"codesign\" data-scroll-offset=\"108\">\n\t<h2 class=\"pagesection-hidden-title\">Co-design<\/h2>\n<\/div><\/div><\/div><\/div><\/div><\/div><div id=\"pg-1313-3\"  class=\"panel-grid panel-has-style\" ><div class=\"page-section panel-row-style panel-row-style-for-1313-3\" ><div id=\"pgc-1313-3-0\"  class=\"panel-grid-cell\" ><div id=\"panel-1313-3-0-0\" class=\"so-panel widget widget_qzr-titlemanager panel-first-child\" data-index=\"5\" ><div class=\"row-padding panel-widget-style panel-widget-style-for-1313-3-0-0\" ><div\n\t\t\t\n\t\t\tclass=\"so-widget-qzr-titlemanager so-widget-qzr-titlemanager-base\"\n\t\t\t\n\t\t><div class=\"qzr-title main-column col-padding\">\n\t<h3 class=\"blue centertext\">Co-Design<\/h3><hr class=\"gray-small centertext small-margin\"><p class=\"gray centertext\">L'ing\u00e9nierie de nos produits peut compter sur deux points forts\u00a0: la direction technique int\u00e9gr\u00e9e dans la plate-forme Off-Highway du Technical Center du Groupe Tiberina, et le d\u00e9partement sp\u00e9cifique \u00e0 l'usine Aries.<\/p><\/div><\/div><\/div><\/div><div id=\"panel-1313-3-0-1\" class=\"so-panel widget widget_qzr-slider panel-last-child\" data-index=\"6\" ><div\n\t\t\t\n\t\t\tclass=\"so-widget-qzr-slider so-widget-qzr-slider-base\"\n\t\t\t\n\t\t>\t\t<div class=\"qzr-accordion\">\n\t\t\t<ul class=\"qzr-accordion-bkg-holder\">\n\t\t\t<li style=\"background-image: url('https:\/\/cabplustiberina.it\/wp-content\/uploads\/2016\/11\/DN9B1082-3.jpg')\"><\/li><li style=\"background-image: url('https:\/\/cabplustiberina.it\/wp-content\/uploads\/2016\/11\/DN9B0040-02.jpg')\"><\/li><li style=\"background-image: url('https:\/\/cabplustiberina.it\/wp-content\/uploads\/2016\/11\/DN9B1036-2.jpg')\"><\/li>\t\t\t<\/ul>\n\t\t\t<div class=\"main-column center col-padding \">\n\t\t\t\t<div class=\"column-of-2 box left accordion-sections\">\n\t\t\t\t\t\t\t\t\t\t\t<li class=\"accordion-section\">\n\t\t\t\t\t\t\t<div class=\"accordion-section-title\">\n\t\t\t\t\t\t\t\t<h5>Analyse des performances<\/h5>\n\t\t\t\t\t\t\t\t<span class=\"accordion-section-toggle icon-plus\"><\/span>\n\t\t\t\t\t\t\t<\/div>\n\t\t\t\t\t\t\t<div class=\"accordion-section-content\">\n\t\t\t\t\t\t\t\t<p>Gr\u00e2ce \u00e0 la gestion et \u00e0 la r\u00e9alisation d'une large gamme de tests et d'essais, Cab Plus est capable d'\u00e9valuer, de certifier et d'optimiser les performances exig\u00e9es pour ses produits. Cette activit\u00e9 permet d'\u00e9valuer, d\u00e8s la phase de prototype, la r\u00e9alisation des prestations souhait\u00e9es conform\u00e9ment aux normes de r\u00e9f\u00e9rence les plus strictes pour les diff\u00e9rents secteurs d'application<\/p>\t\t\t\t\t\t\t<\/div>\n\t\t\t\t\t\t<\/li>\n\t\t\t\t\t\t\t\t\t\t\t<li class=\"accordion-section\">\n\t\t\t\t\t\t\t<div class=\"accordion-section-title\">\n\t\t\t\t\t\t\t\t<h5>Design complet<\/h5>\n\t\t\t\t\t\t\t\t<span class=\"accordion-section-toggle icon-plus\"><\/span>\n\t\t\t\t\t\t\t<\/div>\n\t\t\t\t\t\t\t<div class=\"accordion-section-content\">\n\t\t\t\t\t\t\t\t<p>L'activit\u00e9 de codesign propos\u00e9e par Cab Plus permet \u00e0 ses clients non seulement d'acc\u00e9der \u00e0 des solutions d'ing\u00e9nierie et de production innovantes, mais \u00e9galement de pouvoir compter sur un d\u00e9veloppement complet du projet, des phases de design, de celles de prototype et de validation pour s'achever avec celles de l'industrialisation, selon des flux de production certifi\u00e9s. Cela permet de r\u00e9duire le \u00ab\u00a0time to market\u00a0\u00bb\u00a0pour les nouveaux produits en s'alignant sur les exigences de plus en plus pointues que le march\u00e9 exige en ce sens<\/p>\t\t\t\t\t\t\t<\/div>\n\t\t\t\t\t\t<\/li>\n\t\t\t\t\t\t\t\t\t\t\t<li class=\"accordion-section\">\n\t\t\t\t\t\t\t<div class=\"accordion-section-title\">\n\t\t\t\t\t\t\t\t<h5>Calcul structurel<\/h5>\n\t\t\t\t\t\t\t\t<span class=\"accordion-section-toggle icon-plus\"><\/span>\n\t\t\t\t\t\t\t<\/div>\n\t\t\t\t\t\t\t<div class=\"accordion-section-content\">\n\t\t\t\t\t\t\t\t<p>L'activit\u00e9 d'analyse structurelle joue un r\u00f4le central dans le d\u00e9veloppement de la conception Cab Plus. Celle-ci se d\u00e9roule en effet en deux phases pr\u00e9cises et d\u00e9finies\u00a0: la premi\u00e8re est une phase d'\u00e9valuation g\u00e9n\u00e9rale du syst\u00e8me et la seconde est une phase de d\u00e9tail dans le d\u00e9veloppement des composants. Gr\u00e2ce \u00e0 des codes et des sch\u00e9mas de calcul sp\u00e9cifiques, les r\u00e9sultats obtenus avec cette approche fournissent une garantie tr\u00e8s \u00e9lev\u00e9e sur la bonne construction du syst\u00e8me dans son ensemble.<\/p>\t\t\t\t\t\t\t<\/div>\n\t\t\t\t\t\t<\/li>\n\t\t\t\t\t\t\t\t\t<\/div>\n\t\t\t<\/div>\n\t\t\t<br class=\"clear\">\n\t\t<\/div>\n<\/div><\/div><\/div><\/div><\/div><div id=\"pg-1313-4\"  class=\"panel-grid panel-has-style\" ><div class=\"page-section panel-row-style panel-row-style-for-1313-4\" ><div id=\"pgc-1313-4-0\"  class=\"panel-grid-cell\" ><div id=\"panel-1313-4-0-0\" class=\"so-panel widget widget_qzr-pagesection panel-first-child panel-last-child\" data-index=\"7\" ><div\n\t\t\t\n\t\t\tclass=\"so-widget-qzr-pagesection so-widget-qzr-pagesection-base\"\n\t\t\t\n\t\t><div class=\"qzr-pagesection\" id=\"process\" data-scroll-offset=\"108\">\n\t<h2 class=\"pagesection-hidden-title\">Processus<\/h2>\n<\/div><\/div><\/div><\/div><\/div><\/div><div id=\"pg-1313-5\"  class=\"panel-grid panel-has-style\" ><div class=\"page-section panel-row-style panel-row-style-for-1313-5\" ><div id=\"pgc-1313-5-0\"  class=\"panel-grid-cell\" ><div id=\"panel-1313-5-0-0\" class=\"so-panel widget widget_qzr-titlemanager panel-first-child\" data-index=\"8\" ><div class=\"row-padding panel-widget-style panel-widget-style-for-1313-5-0-0\" ><div\n\t\t\t\n\t\t\tclass=\"so-widget-qzr-titlemanager so-widget-qzr-titlemanager-base\"\n\t\t\t\n\t\t><div class=\"qzr-title main-column col-padding\">\n\t<h3 class=\"blue centertext\">Test et contr\u00f4le<\/h3><hr class=\"gray-small centertext small-margin\"><p class=\"gray centertext\">Nous avons le meilleur niveau de technologie et d'outils pour garantir un contr\u00f4le de qualit\u00e9 excellent.<\/p><\/div><\/div><\/div><\/div><div id=\"panel-1313-5-0-1\" class=\"so-panel widget widget_qzr-slider panel-last-child\" data-index=\"9\" ><div\n\t\t\t\n\t\t\tclass=\"so-widget-qzr-slider so-widget-qzr-slider-base\"\n\t\t\t\n\t\t>\t\t<div class=\"qzr-accordion\">\n\t\t\t<ul class=\"qzr-accordion-bkg-holder\">\n\t\t\t<li style=\"background-image: url('https:\/\/cabplustiberina.it\/wp-content\/uploads\/2016\/11\/Schermata-2015-04-14-alle-18.46.23.jpg')\"><\/li><li style=\"background-image: url('https:\/\/cabplustiberina.it\/wp-content\/uploads\/2016\/11\/IMG_2333-2.jpg')\"><\/li><li style=\"background-image: url('https:\/\/cabplustiberina.it\/wp-content\/uploads\/2016\/11\/DN9B0054.png')\"><\/li>\t\t\t<\/ul>\n\t\t\t<div class=\"main-column center col-padding \">\n\t\t\t\t<div class=\"column-of-2 box right accordion-sections\">\n\t\t\t\t\t\t\t\t\t\t\t<li class=\"accordion-section\">\n\t\t\t\t\t\t\t<div class=\"accordion-section-title\">\n\t\t\t\t\t\t\t\t<h5>M\u00e9trologie<\/h5>\n\t\t\t\t\t\t\t\t<span class=\"accordion-section-toggle icon-plus\"><\/span>\n\t\t\t\t\t\t\t<\/div>\n\t\t\t\t\t\t\t<div class=\"accordion-section-content\">\n\t\t\t\t\t\t\t\t<p>Gr\u00e2ce \u00e0 une structure m\u00e9trologique fortement \u00e9quip\u00e9e et novatrice, Cab Plus contr\u00f4le de mati\u00e8re sp\u00e9cifique et ponctuelle chaque composant lors de chaque phase de r\u00e9alisation, conform\u00e9ment aux grilles de contr\u00f4le de production.<br \/>Les outils de mesure \u00e9lectronique 3D et Laser permettent de r\u00e9aliser des mesures rapides et tr\u00e8s pr\u00e9cises de mani\u00e8re \u00e0 remplir facilement le cadre global des caract\u00e9ristiques g\u00e9om\u00e9triques pertinentes de chaque composant.<\/p>\t\t\t\t\t\t\t<\/div>\n\t\t\t\t\t\t<\/li>\n\t\t\t\t\t\t\t\t\t\t\t<li class=\"accordion-section\">\n\t\t\t\t\t\t\t<div class=\"accordion-section-title\">\n\t\t\t\t\t\t\t\t<h5>Laboratoire<\/h5>\n\t\t\t\t\t\t\t\t<span class=\"accordion-section-toggle icon-plus\"><\/span>\n\t\t\t\t\t\t\t<\/div>\n\t\t\t\t\t\t\t<div class=\"accordion-section-content\">\n\t\t\t\t\t\t\t\t<p>Cab Plus, gr\u00e2ce \u00e0 ses laboratoires \u00e9quip\u00e9s et \u00e0 la forte synergie de groupe, contr\u00f4le et v\u00e9rifie les caract\u00e9ristiques m\u00e9tallurgiques et celles des processus de transformation plus critiques (comme les joints de soudure) \u00e0 travers l'examen approfondi macro et micrographique et avec des moyens d'inspection non destructifs (Magn\u00e9toscope, rayons\u00a0X, ultrasons).<\/p>\t\t\t\t\t\t\t<\/div>\n\t\t\t\t\t\t<\/li>\n\t\t\t\t\t\t\t\t\t\t\t<li class=\"accordion-section\">\n\t\t\t\t\t\t\t<div class=\"accordion-section-title\">\n\t\t\t\t\t\t\t\t<h5>Tra\u00e7abilit\u00e9<\/h5>\n\t\t\t\t\t\t\t\t<span class=\"accordion-section-toggle icon-plus\"><\/span>\n\t\t\t\t\t\t\t<\/div>\n\t\t\t\t\t\t\t<div class=\"accordion-section-content\">\n\t\t\t\t\t\t\t\t<p>Dans la logique de garantie de la meilleure fiabilit\u00e9 et r\u00e9p\u00e9tabilit\u00e9 de la production, dans la perspective des services connexes d'apr\u00e8s-vente, Cab Plus a mis en place un syst\u00e8me de tra\u00e7abilit\u00e9 particuli\u00e8rement efficace et robuste. Ce syst\u00e8me permet de retracer, de mani\u00e8re imm\u00e9diate, tous les composants utilis\u00e9s pour la r\u00e9alisation des syst\u00e8mes fournis, au travers d'un stockage \u00e9lectronique des donn\u00e9es de production, en les associant au rapport du test de fin de cha\u00eene.<\/p>\t\t\t\t\t\t\t<\/div>\n\t\t\t\t\t\t<\/li>\n\t\t\t\t\t\t\t\t\t<\/div>\n\t\t\t<\/div>\n\t\t\t<br class=\"clear\">\n\t\t<\/div>\n<\/div><\/div><\/div><\/div><\/div><\/div>","protected":false},"excerpt":{"rendered":"<p>Activit\u00e9s Les valeurs qui caract\u00e9risent nos produits S\u00e9curit\u00e9 S\u00e9curit\u00e9 signifie la surveillance rigoureuse de toutes les phases de la production et la garantie d&rsquo;un produit qui respecte enti\u00e8rement tous les param\u00e8tres de fiabilit\u00e9. Qualit\u00e9 Il s&rsquo;agit de notre marque de fabrique. Notre longue exp\u00e9rience avec des partenaires prestigieux nous pousse \u00e0 ne jamais nous limiter [&hellip;]<\/p>\n","protected":false},"author":2,"featured_media":968,"parent":0,"menu_order":0,"comment_status":"closed","ping_status":"closed","template":"","meta":{"footnotes":""},"class_list":["post-1313","page","type-page","status-publish","has-post-thumbnail","hentry"],"_links":{"self":[{"href":"https:\/\/cabplustiberina.it\/fr\/wp-json\/wp\/v2\/pages\/1313","targetHints":{"allow":["GET"]}}],"collection":[{"href":"https:\/\/cabplustiberina.it\/fr\/wp-json\/wp\/v2\/pages"}],"about":[{"href":"https:\/\/cabplustiberina.it\/fr\/wp-json\/wp\/v2\/types\/page"}],"author":[{"embeddable":true,"href":"https:\/\/cabplustiberina.it\/fr\/wp-json\/wp\/v2\/users\/2"}],"replies":[{"embeddable":true,"href":"https:\/\/cabplustiberina.it\/fr\/wp-json\/wp\/v2\/comments?post=1313"}],"version-history":[{"count":0,"href":"https:\/\/cabplustiberina.it\/fr\/wp-json\/wp\/v2\/pages\/1313\/revisions"}],"wp:featuredmedia":[{"embeddable":true,"href":"https:\/\/cabplustiberina.it\/fr\/wp-json\/wp\/v2\/media\/968"}],"wp:attachment":[{"href":"https:\/\/cabplustiberina.it\/fr\/wp-json\/wp\/v2\/media?parent=1313"}],"curies":[{"name":"wp","href":"https:\/\/api.w.org\/{rel}","templated":true}]}}