{"id":1325,"date":"2016-11-19T18:23:47","date_gmt":"2016-11-19T17:23:47","guid":{"rendered":"http:\/\/cabplustiberina.it\/home\/"},"modified":"2017-06-15T09:28:09","modified_gmt":"2017-06-15T07:28:09","slug":"home","status":"publish","type":"page","link":"https:\/\/cabplustiberina.it\/fr\/","title":{"rendered":"Home"},"content":{"rendered":"<div id=\"pl-1325\"  class=\"panel-layout\" ><div id=\"pg-1325-0\"  class=\"panel-grid panel-has-style\" ><div class=\"page-section panel-row-style panel-row-style-for-1325-0\" ><div id=\"pgc-1325-0-0\"  class=\"panel-grid-cell\" ><div id=\"panel-1325-0-0-0\" class=\"so-panel widget widget_qzr-slider panel-first-child panel-last-child\" data-index=\"0\" ><div\n\t\t\t\n\t\t\tclass=\"so-widget-qzr-slider so-widget-qzr-slider-base\"\n\t\t\t\n\t\t>\t\t<div id=\"qzr-slider-container\" class=\"qzr-slider\">\n\t\t\t<div class=\"owl-carousel\">\n\t\t\t\t\t\t\t\t\t<div class=\"slide left\">\n\t\t\t\t\t\t\t\t\t\t\t\t\t<div class=\"slide-background\" style=\"background-image: url('https:\/\/cabplustiberina.it\/wp-content\/uploads\/2016\/11\/IMG_0236-02.jpg')\"><\/div>\n\t\t\t\t\t\t\t<div class=\"main-column center col-padding \">\n\t\t\t\t\t\t\t\t<div class=\"column-of-2 slide-box left\">\n\t\t\t\t\t\t\t\t\t<div class=\"slide-content\">\n\t\t\t\t\t\t\t\t\t\t<h2>Syst\u00e8mes int\u00e9gr\u00e9s pour des cabines compl\u00e8tes et sur mesure.<\/h2>\n\t\t\t\t\t\t\t\t\t\t\t\t\t\t\t\t\t\t\t<\/div>\n\t\t\t\t\t\t\t\t<\/div>\n\t\t\t\t\t\t\t<\/div>\n\t\t\t\t\t\t\t\t\t\t\t<\/div>\n\t\t\t\t\t\t\t\t\t<div class=\"slide left\">\n\t\t\t\t\t\t\t\t\t\t\t\t\t<div class=\"slide-background\" style=\"background-image: url('https:\/\/cabplustiberina.it\/wp-content\/uploads\/2016\/11\/IMG_0392-03.jpg')\"><\/div>\n\t\t\t\t\t\t\t<div class=\"main-column center col-padding \">\n\t\t\t\t\t\t\t\t<div class=\"column-of-2 slide-box left\">\n\t\t\t\t\t\t\t\t\t<div class=\"slide-content\">\n\t\t\t\t\t\t\t\t\t\t<h2>Syst\u00e8mes int\u00e9gr\u00e9s pour des cabines compl\u00e8tes et sur mesure.<\/h2>\n\t\t\t\t\t\t\t\t\t\t\t\t\t\t\t\t\t\t\t<\/div>\n\t\t\t\t\t\t\t\t<\/div>\n\t\t\t\t\t\t\t<\/div>\n\t\t\t\t\t\t\t\t\t\t\t<\/div>\n\t\t\t\t\t\t\t\t\t<div class=\"slide left\">\n\t\t\t\t\t\t\t\t\t\t\t\t\t<div class=\"slide-background\" style=\"background-image: url('https:\/\/cabplustiberina.it\/wp-content\/uploads\/2016\/11\/DN9B3562-2.jpg')\"><\/div>\n\t\t\t\t\t\t\t<div class=\"main-column center col-padding \">\n\t\t\t\t\t\t\t\t<div class=\"column-of-2 slide-box left\">\n\t\t\t\t\t\t\t\t\t<div class=\"slide-content\">\n\t\t\t\t\t\t\t\t\t\t<h2>Syst\u00e8mes int\u00e9gr\u00e9s pour des cabines compl\u00e8tes et sur mesure.<\/h2>\n\t\t\t\t\t\t\t\t\t\t\t\t\t\t\t\t\t\t\t<\/div>\n\t\t\t\t\t\t\t\t<\/div>\n\t\t\t\t\t\t\t<\/div>\n\t\t\t\t\t\t\t\t\t\t\t<\/div>\n\t\t\t\t\t\t\t\t\t<div class=\"slide left\">\n\t\t\t\t\t\t\t\t\t\t\t\t\t<div class=\"slide-background\" style=\"background-image: url('https:\/\/cabplustiberina.it\/wp-content\/uploads\/2016\/11\/DN9B3677.jpg')\"><\/div>\n\t\t\t\t\t\t\t<div class=\"main-column center col-padding \">\n\t\t\t\t\t\t\t\t<div class=\"column-of-2 slide-box left\">\n\t\t\t\t\t\t\t\t\t<div class=\"slide-content\">\n\t\t\t\t\t\t\t\t\t\t<h2>Syst\u00e8mes int\u00e9gr\u00e9s pour des cabines compl\u00e8tes et sur mesure.<\/h2>\n\t\t\t\t\t\t\t\t\t\t\t\t\t\t\t\t\t\t\t<\/div>\n\t\t\t\t\t\t\t\t<\/div>\n\t\t\t\t\t\t\t<\/div>\n\t\t\t\t\t\t\t\t\t\t\t<\/div>\n\t\t\t\t\t\t\t<\/div>\n\t\t<\/div>\n<\/div><\/div><\/div><\/div><\/div><div id=\"pg-1325-1\"  class=\"panel-grid panel-has-style\" ><div class=\"page-section row-padding panel-row-style panel-row-style-for-1325-1\" ><div id=\"pgc-1325-1-0\"  class=\"panel-grid-cell\" ><div id=\"panel-1325-1-0-0\" class=\"so-panel widget widget_qzr-titlemanager panel-first-child\" data-index=\"1\" ><div\n\t\t\t\n\t\t\tclass=\"so-widget-qzr-titlemanager so-widget-qzr-titlemanager-base\"\n\t\t\t\n\t\t><div class=\"qzr-title main-column col-padding\">\n\t<h2 class=\"blue centertext\">Entreprise<\/h2><hr class=\"gray-small centertext small-margin\"><h4 class=\"gray centertext\">La qualit\u00e9 et le client toujours au premier plan<\/h4><\/div><\/div><\/div><div id=\"panel-1325-1-0-1\" class=\"so-panel widget widget_qzr-simplebutton\" data-index=\"2\" ><div\n\t\t\t\n\t\t\tclass=\"so-widget-qzr-simplebutton so-widget-qzr-simplebutton-base\"\n\t\t\t\n\t\t>\t<div class=\"simplebutton gray center\">\n\t\t<a title=\"En savoir plus\" href=\"https:\/\/cabplustiberina.it\/company\/\">En savoir plus<span class=\"icon-arrow-right\"><\/span><\/a>\n\t<\/div>\n<\/div><\/div><div id=\"panel-1325-1-0-2\" class=\"so-panel widget widget_sow-image panel-last-child\" data-index=\"3\" ><div\n\t\t\t\n\t\t\tclass=\"so-widget-sow-image so-widget-sow-image-default-8b5b6f678277-1325\"\n\t\t\t\n\t\t>\n<div class=\"sow-image-container\">\n\t\t<img \n\tsrc=\"https:\/\/cabplustiberina.it\/wp-content\/uploads\/2016\/11\/DN9B3758.png\" width=\"1920\" height=\"493\" srcset=\"https:\/\/cabplustiberina.it\/wp-content\/uploads\/2016\/11\/DN9B3758.png 1920w, https:\/\/cabplustiberina.it\/wp-content\/uploads\/2016\/11\/DN9B3758-300x77.png 300w, https:\/\/cabplustiberina.it\/wp-content\/uploads\/2016\/11\/DN9B3758-768x197.png 768w, https:\/\/cabplustiberina.it\/wp-content\/uploads\/2016\/11\/DN9B3758-1024x263.png 1024w\" sizes=\"(max-width: 1920px) 100vw, 1920px\" alt=\"\" \t\tclass=\"so-widget-image\"\/>\n\t<\/div>\n\n<\/div><\/div><\/div><\/div><\/div><div id=\"pg-1325-2\"  class=\"panel-grid panel-has-style\" ><div class=\"page-section row-padding panel-row-style panel-row-style-for-1325-2\" ><div id=\"pgc-1325-2-0\"  class=\"panel-grid-cell\" ><div id=\"panel-1325-2-0-0\" class=\"so-panel widget widget_qzr-titlemanager panel-first-child\" data-index=\"4\" ><div\n\t\t\t\n\t\t\tclass=\"so-widget-qzr-titlemanager so-widget-qzr-titlemanager-base\"\n\t\t\t\n\t\t><div class=\"qzr-title main-column col-padding\">\n\t<h2 class=\"blue centertext\">Produits et processus<\/h2><hr class=\"gray-small centertext small-margin\"><h4 class=\"gray centertext\">Efficacit\u00e9 maximale, des premi\u00e8res phases du d\u00e9veloppement \u00e0 la production<\/h4><\/div><\/div><\/div><div id=\"panel-1325-2-0-1\" class=\"so-panel widget widget_sow-image\" data-index=\"5\" ><div\n\t\t\t\n\t\t\tclass=\"so-widget-sow-image so-widget-sow-image-default-8b5b6f678277-1325\"\n\t\t\t\n\t\t>\n<div class=\"sow-image-container\">\n\t\t<img \n\tsrc=\"https:\/\/cabplustiberina.it\/wp-content\/uploads\/2016\/11\/TIB-17-PRODOTTI-INDICE.png\" width=\"3768\" height=\"1014\" srcset=\"https:\/\/cabplustiberina.it\/wp-content\/uploads\/2016\/11\/TIB-17-PRODOTTI-INDICE.png 3768w, https:\/\/cabplustiberina.it\/wp-content\/uploads\/2016\/11\/TIB-17-PRODOTTI-INDICE-300x81.png 300w, https:\/\/cabplustiberina.it\/wp-content\/uploads\/2016\/11\/TIB-17-PRODOTTI-INDICE-768x207.png 768w, https:\/\/cabplustiberina.it\/wp-content\/uploads\/2016\/11\/TIB-17-PRODOTTI-INDICE-1024x276.png 1024w\" sizes=\"(max-width: 3768px) 100vw, 3768px\" alt=\"\" \t\tclass=\"so-widget-image\"\/>\n\t<\/div>\n\n<\/div><\/div><div id=\"panel-1325-2-0-2\" class=\"so-panel widget widget_qzr-simplebutton panel-last-child\" data-index=\"6\" ><div\n\t\t\t\n\t\t\tclass=\"so-widget-qzr-simplebutton so-widget-qzr-simplebutton-base\"\n\t\t\t\n\t\t>\t<div class=\"simplebutton gray center\">\n\t\t<a title=\"en savoir plus\" href=\"\">en savoir plus<span class=\"icon-arrow-right\"><\/span><\/a>\n\t<\/div>\n<\/div><\/div><\/div><\/div><\/div><div id=\"pg-1325-3\"  class=\"panel-grid panel-has-style\" ><div class=\"page-section panel-row-style panel-row-style-for-1325-3\" ><div id=\"pgc-1325-3-0\"  class=\"panel-grid-cell\" ><div id=\"panel-1325-3-0-0\" class=\"so-panel widget widget_qzr-sectionbutton panel-first-child panel-last-child\" data-index=\"7\" ><div\n\t\t\t\n\t\t\tclass=\"so-widget-qzr-sectionbutton so-widget-qzr-sectionbutton-base\"\n\t\t\t\n\t\t><div class=\"main-column center col-padding\">\n\t<div class=\"sectionbutton-wrapper\">\n\t\t\t<div class=\"column-of-3 left col-padding sectionbutton\">\n\t\t\t\t\t\t\t<h5><a class=\"blue\" href=\"https:\/\/cabplustiberina.it\/fr\/product\/#agricultural-machinery\">Machines agricoles<\/a><\/h5>\n\t\t\t\t\t\t\t<hr class=\"clear gray-small left\">\n\t\t\t\t<div class=\"description\">Cab Plus est pr\u00e9sente, dans le secteur agricole, avec la production et la fourniture directe, aupr\u00e8s des principaux constructeurs internationaux, de machines et de tracteurs avec structure FOPS, de cabines \u00e0 structure ROPS et de cabines compl\u00e8tes pour des applications sur des tracteurs de plein champs, sp\u00e9cialis\u00e9s, et pour des machines de r\u00e9colte sp\u00e9ciales<\/div>\n\t\t<\/div>\n\n\t\t\t<div class=\"column-of-3 left col-padding sectionbutton\">\n\t\t\t\t\t\t\t<h5><a class=\"blue\" href=\"https:\/\/cabplustiberina.it\/fr\/product\/#construction-machinery\">Machines de construction<\/a><\/h5>\n\t\t\t\t\t\t\t<hr class=\"clear gray-small left\">\n\t\t\t\t<div class=\"description\">Cab Plus propose une large gamme de produits complets pour l'installation sur de nombreuses typologies d'engins de terrassement qui comprend toute la gamme de tractopelles sur chenilles et sur roues, d'excavateurs et de chargeuses pelleteuses sur roues standards et compactes<\/div>\n\t\t<\/div>\n\n\t\t\t<div class=\"column-of-3 left col-padding sectionbutton\">\n\t\t\t\t\t\t\t<h5><a class=\"blue\" href=\"https:\/\/cabplustiberina.it\/fr\/product\/#material-handling\">Chariots \u00c9l\u00e9vateurs<\/a><\/h5>\n\t\t\t\t\t\t\t<hr class=\"clear gray-small left\">\n\t\t\t\t<div class=\"description\">Dans le secteur, principalement caract\u00e9ris\u00e9 par des chariots \u00e9l\u00e9vateurs et des machines t\u00e9lescopiques, Cab Plus est capable de proposer des solutions personnalis\u00e9es, comp\u00e9titives et cibl\u00e9es pour chaque application, en mettant particuli\u00e8rement l'accent sur les exigences sp\u00e9cifiques du client en mati\u00e8re de production<\/div>\n\t\t<\/div>\n\n\t\t\t<br class=\"clear\">\n\t<\/div>\n<\/div><\/div><\/div><\/div><\/div><\/div><div id=\"pg-1325-4\"  class=\"panel-grid panel-has-style\" ><div class=\"page-section panel-row-style panel-row-style-for-1325-4\" ><div id=\"pgc-1325-4-0\"  class=\"panel-grid-cell\" ><div id=\"panel-1325-4-0-0\" class=\"so-panel widget widget_qzr-contentwithimage panel-first-child panel-last-child\" data-index=\"8\" ><div\n\t\t\t\n\t\t\tclass=\"so-widget-qzr-contentwithimage so-widget-qzr-contentwithimage-base\"\n\t\t\t\n\t\t><div class=\"qzr-contentwithimage contentwithimage-wrapper boxleft-imagefull\">\n\t\t<div class=\"contentwithimage-background\" style=\"background-image: url('https:\/\/cabplustiberina.it\/wp-content\/uploads\/2016\/11\/IMG_5926.jpg')\">\n\t\t\t<div class=\"columns-12 center col-padding\">\n\t\t\t\t<div class=\"box column-of-2 left\">\n\t\t\t\t\t<h2 class=\"white\">Activit\u00e9s<\/h2>\n\t\t\t\t\t<hr class=\"white-small left\">\n\t\t\t\t\t<div class=\"description clear white\">\n\t\t\t\t\t\t<p>Cab Plus s'engage en permanence dans la recherche de solutions pour am\u00e9liorer constamment le produit, son utilisation et ses processus de production.<br \/>Nous recherchons en permanence des solutions qui puissent satisfaire les nouveaux besoins des clients et du march\u00e9, pour garantir une innovation constante en mati\u00e8re d'Efficacit\u00e9, de Fiabilit\u00e9 et de Comp\u00e9titivit\u00e9.<br \/>Nos processus de production, notamment lors des phases de r\u00e9alisation les plus critiques, sont constamment surveill\u00e9s et contr\u00f4l\u00e9s puisqu'ils sont enti\u00e8rement et directement g\u00e9r\u00e9s par nous-m\u00eames. Cela permet \u00e9galement d'introduire des m\u00e9thodes de production de plus en plus s\u00fbres et efficaces.<\/p>\t\t\t\t\t<\/div>\n\t\t\t\t\t\t\t\t\t\t\t<br><br>\n\t\t\t\t\t\t<div class=\"simplebutton white left\">\n\t\t\t\t\t\t\t<a title=\"en savoir plus\" href=\"https:\/\/cabplustiberina.it\/activities\/\">en savoir plus<span class=\"icon-arrow-right\"><\/span><\/a>\n\t\t\t\t\t\t<\/div>\n\t\t\t\t\t\t\t\t\t<\/div>\n\t\t\t\t<br class=\"clear\">\n\t\t\t<\/div>\n\t\t<\/div>\n\t\n<\/div><\/div><\/div><\/div><\/div><\/div><div id=\"pg-1325-5\"  class=\"panel-grid panel-has-style\" ><div class=\"page-section panel-row-style panel-row-style-for-1325-5\" ><div id=\"pgc-1325-5-0\"  class=\"panel-grid-cell\" ><div id=\"panel-1325-5-0-0\" class=\"so-panel widget widget_qzr-sectionbutton panel-first-child panel-last-child\" data-index=\"9\" ><div\n\t\t\t\n\t\t\tclass=\"so-widget-qzr-sectionbutton so-widget-qzr-sectionbutton-base\"\n\t\t\t\n\t\t><div class=\"main-column center col-padding\">\n\t<div class=\"sectionbutton-wrapper\">\n\t\t\t<div class=\"column-of-2 left col-padding sectionbutton\">\n\t\t\t\t\t\t\t<h5><a class=\"blue\" href=\"https:\/\/cabplustiberina.it\/activities\/#codesign\">Co-design<\/a><\/h5>\n\t\t\t\t\t\t\t<hr class=\"clear gray-small left\">\n\t\t\t\t<div class=\"description\">Gr\u00e2ce \u00e0 la gestion et \u00e0 la r\u00e9alisation d'une large gamme de tests et d'essais, Cab Plus est capable d'\u00e9valuer, de certifier et d'optimiser les performances exig\u00e9es pour ses produits. Cette activit\u00e9 permet d'\u00e9valuer, d\u00e8s la phase de prototype, la r\u00e9alisation des prestations souhait\u00e9es, conform\u00e9ment aux normes de r\u00e9f\u00e9rence les plus strictes pour les diff\u00e9rents secteurs d'application.<\/div>\n\t\t<\/div>\n\n\t\t\t<div class=\"column-of-2 left col-padding sectionbutton\">\n\t\t\t\t\t\t\t<h5><a class=\"blue\" href=\"https:\/\/cabplustiberina.it\/activities\/#processi\">Processus<\/a><\/h5>\n\t\t\t\t\t\t\t<hr class=\"clear gray-small left\">\n\t\t\t\t<div class=\"description\">L'ing\u00e9nierie des produits Cab Plus, \u00e0 l'int\u00e9rieur de la plate-forme Off-Highway du Groupe Tiberina, peut compter sur une forte synergie de Groupe. Cette int\u00e9gration permet de transmettre dans nos produits et dans les activit\u00e9s de Codesign de nouvelles exp\u00e9riences de construction et de production, \u00e0 l'avant-garde du secteur et hautement industrialis\u00e9es.<\/div>\n\t\t<\/div>\n\n\t\t\t<br class=\"clear\">\n\t<\/div>\n<\/div><\/div><\/div><\/div><\/div><\/div><\/div>","protected":false},"excerpt":{"rendered":"<p>Syst\u00e8mes int\u00e9gr\u00e9s pour des cabines compl\u00e8tes et sur mesure. Syst\u00e8mes int\u00e9gr\u00e9s pour des cabines compl\u00e8tes et sur mesure. Syst\u00e8mes int\u00e9gr\u00e9s pour des cabines compl\u00e8tes et sur mesure. Syst\u00e8mes int\u00e9gr\u00e9s pour des cabines compl\u00e8tes et sur mesure. EntrepriseLa qualit\u00e9 et le client toujours au premier plan En savoir plus Produits et processusEfficacit\u00e9 maximale, des premi\u00e8res phases [&hellip;]<\/p>\n","protected":false},"author":2,"featured_media":0,"parent":0,"menu_order":0,"comment_status":"closed","ping_status":"closed","template":"","meta":{"footnotes":""},"class_list":["post-1325","page","type-page","status-publish","hentry"],"_links":{"self":[{"href":"https:\/\/cabplustiberina.it\/fr\/wp-json\/wp\/v2\/pages\/1325","targetHints":{"allow":["GET"]}}],"collection":[{"href":"https:\/\/cabplustiberina.it\/fr\/wp-json\/wp\/v2\/pages"}],"about":[{"href":"https:\/\/cabplustiberina.it\/fr\/wp-json\/wp\/v2\/types\/page"}],"author":[{"embeddable":true,"href":"https:\/\/cabplustiberina.it\/fr\/wp-json\/wp\/v2\/users\/2"}],"replies":[{"embeddable":true,"href":"https:\/\/cabplustiberina.it\/fr\/wp-json\/wp\/v2\/comments?post=1325"}],"version-history":[{"count":0,"href":"https:\/\/cabplustiberina.it\/fr\/wp-json\/wp\/v2\/pages\/1325\/revisions"}],"wp:attachment":[{"href":"https:\/\/cabplustiberina.it\/fr\/wp-json\/wp\/v2\/media?parent=1325"}],"curies":[{"name":"wp","href":"https:\/\/api.w.org\/{rel}","templated":true}]}}