{"id":1339,"date":"2016-11-23T10:41:10","date_gmt":"2016-11-23T09:41:10","guid":{"rendered":"http:\/\/cabplustiberina.it\/company\/"},"modified":"2017-06-14T11:02:01","modified_gmt":"2017-06-14T09:02:01","slug":"company","status":"publish","type":"page","link":"https:\/\/cabplustiberina.it\/fr\/company\/","title":{"rendered":"Entreprise"},"content":{"rendered":"<div id=\"pl-1339\"  class=\"panel-layout\" ><div id=\"pg-1339-0\"  class=\"panel-grid panel-has-style\" ><div class=\"page-section panel-row-style panel-row-style-for-1339-0\" ><div id=\"pgc-1339-0-0\"  class=\"panel-grid-cell\" ><div id=\"panel-1339-0-0-0\" class=\"so-panel widget widget_qzr-titlemanager panel-first-child\" data-index=\"0\" ><div\n\t\t\t\n\t\t\tclass=\"so-widget-qzr-titlemanager so-widget-qzr-titlemanager-base\"\n\t\t\t\n\t\t><div class=\"qzr-title main-column col-padding\">\n\t<h1 class=\"blue centertext\">Entreprise<\/h1><hr class=\"gray-large centertext small-margin\"><\/div><\/div><\/div><div id=\"panel-1339-0-0-1\" class=\"so-panel widget widget_qzr-actionbutton\" data-index=\"1\" ><div\n\t\t\t\n\t\t\tclass=\"so-widget-qzr-actionbutton so-widget-qzr-actionbutton-base\"\n\t\t\t\n\t\t><div class=\"qzr-actionbuttons-wrapper\">\n\t<div class=\"main-column center col-padding\">\n\t\t<nav class=\"actionbuttons\">\n            <a href=\"javascript:window.print();\" title=\"Imprimer\" class=\"icon-print\"><\/a>\n            <a href=\"mailto:?subject=Entreprise&amp;body=https:\/\/cabplustiberina.it\/fr\/company\/\" title=\"E-mail\" target=\"_blank\" class=\"icon-mail\"><\/a>\n        <\/nav>\n\t<\/div>\n<\/div><\/div><\/div><div id=\"panel-1339-0-0-2\" class=\"so-panel widget widget_qzr-contentwithimage panel-last-child\" data-index=\"2\" ><div\n\t\t\t\n\t\t\tclass=\"so-widget-qzr-contentwithimage so-widget-qzr-contentwithimage-base\"\n\t\t\t\n\t\t><div class=\"qzr-contentwithimage contentwithimage-wrapper nobox-imageleftbtm\">\n\t\t<div class=\"columns-12 center col-padding\">\n\t\t\t<div class=\"contentwithimage-text column-of-2 right\">\n\t\t\t\t<h3 class=\"blue\">Cab Plus<\/h3>\n\t\t\t\t<hr class=\"gray-small\">\n\t\t\t\t<div class=\"description gray\">\n\t\t\t\t\t<h5>Cab Plus op\u00e8re au sein du Groupe Tiberina et repose par cons\u00e9quent sur les m\u00eames valeurs et principes industriels qui mettent toujours au premier rang la qualit\u00e9 et le Client.<\/h5><p>L'usine est situ\u00e9e dans la Commune de Jesi (Italie) et compte une superficie totale d'environ 74\u00a0000\u00a0m<sup>\u00b2<\/sup>, dont 18\u00a0000 sont couverts.<br \/>Hautement novateurs et dynamiques, nous nous concentrons sur la plus grande satisfaction du client, pr\u00eats \u00e0 \u00e9valuer, \u00e0 analyser et \u00e0 accepter chaque d\u00e9fi propos\u00e9 par le march\u00e9.<br \/>Notre \u00e9quipe se compose de personnes hautement qualifi\u00e9es qui se donnent chaque jour comme objectif de concevoir et de r\u00e9aliser des solutions sur mesure pour chaque client.\u00a0<br \/>La passion, les comp\u00e9tences et le d\u00e9vouement sont nos qualit\u00e9s.<\/p>\t\t\t\t<\/div>\n\t\t\t\t\t\t\t<\/div>\n\t\t\t<div class=\"contentwithimage-imageleftbtm column-of-2 left\" style=\"background-image:url('https:\/\/cabplustiberina.it\/wp-content\/uploads\/2016\/11\/cabplus-1024x865.png')\">\n\t\t\t<\/div>\n\t\t\t<br class=\"clear\">\n\t\t<\/div>\n\t\n<\/div><\/div><\/div><\/div><\/div><\/div><div id=\"pg-1339-1\"  class=\"panel-grid panel-has-style\" ><div class=\"page-section row-padding panel-row-style panel-row-style-for-1339-1\" ><div id=\"pgc-1339-1-0\"  class=\"panel-grid-cell\" ><div id=\"panel-1339-1-0-0\" class=\"so-panel widget widget_qzr-titlemanager panel-first-child\" data-index=\"3\" ><div\n\t\t\t\n\t\t\tclass=\"so-widget-qzr-titlemanager so-widget-qzr-titlemanager-base\"\n\t\t\t\n\t\t><div class=\"qzr-title main-column col-padding\">\n\t<h3 class=\"blue centertext\">Video<\/h3><hr class=\"gray-small centertext small-margin\"><\/div><\/div><\/div><div id=\"panel-1339-1-0-1\" class=\"so-panel widget widget_qzr-videoembed panel-last-child\" data-index=\"4\" ><div\n\t\t\t\n\t\t\tclass=\"so-widget-qzr-videoembed so-widget-qzr-videoembed-base\"\n\t\t\t\n\t\t><div class=\"qzr-videoembed-wrapper\">\n\t<div class=\"columns-12 center col-padding\">\n\t\t\t\t\t\t\t<div class=\"qzr-video-wrapper\">\n\t\t\t\t\t<a class=\"qzr-video fullwidth autoplay\" href=\"https:\/\/www.youtube.com\/watch?v=urckF4avYYI\">\n\t\t\t\t\t\t<img decoding=\"async\" alt=\"\" src=\"\"\/>\n\t\t\t\t\t<\/a>\n\t\t\t\t\t<br class=\"clear\">\n\t\t\t\t<\/div>\n\t\t<br class=\"clear\">\n<\/div><\/div><\/div><\/div><\/div><\/div><div id=\"pg-1339-2\"  class=\"panel-grid panel-has-style\" ><div class=\"page-section row-padding panel-row-style panel-row-style-for-1339-2\" ><div id=\"pgc-1339-2-0\"  class=\"panel-grid-cell\" ><div id=\"panel-1339-2-0-0\" class=\"so-panel widget widget_qzr-titlemanager panel-first-child\" data-index=\"5\" ><div\n\t\t\t\n\t\t\tclass=\"so-widget-qzr-titlemanager so-widget-qzr-titlemanager-base\"\n\t\t\t\n\t\t><div class=\"qzr-title main-column col-padding\">\n\t<h3 class=\"blue centertext\"> M\u00e9dias<\/h3><hr class=\"gray-small centertext small-margin\"><\/div><\/div><\/div><div id=\"panel-1339-2-0-1\" class=\"so-panel widget widget_qzr-simpleimage panel-last-child\" data-index=\"6\" ><div\n\t\t\t\n\t\t\tclass=\"so-widget-qzr-simpleimage so-widget-qzr-simpleimage-base\"\n\t\t\t\n\t\t><div class=\"qzr-simpleimage main-column \">\n \t<div class=\"column-of-1 col-padding\"><div class=\"owl-carousel\" data-options='{\"padding\":0}'>\t<img decoding=\"async\" class=\"left \" src=\"https:\/\/cabplustiberina.it\/wp-content\/uploads\/2016\/11\/IMG_5929-1024x614.jpg\" alt=\"\"\/><img decoding=\"async\" class=\"left \" src=\"https:\/\/cabplustiberina.it\/wp-content\/uploads\/2016\/11\/DN9B3557-1024x614.jpg\" alt=\"\"\/><img decoding=\"async\" class=\"left \" src=\"https:\/\/cabplustiberina.it\/wp-content\/uploads\/2016\/11\/DN9B3628-1024x614.jpg\" alt=\"\"\/><img decoding=\"async\" class=\"left \" src=\"https:\/\/cabplustiberina.it\/wp-content\/uploads\/2016\/11\/DN9B3385-1024x614.jpg\" alt=\"\"\/><img decoding=\"async\" class=\"left \" src=\"https:\/\/cabplustiberina.it\/wp-content\/uploads\/2016\/11\/IMG_5934-1024x614.jpg\" alt=\"\"\/>\t<\/div><\/div><\/div><\/div><\/div><\/div><\/div><\/div><div id=\"pg-1339-3\"  class=\"panel-grid panel-has-style\" ><div class=\"page-section row-padding panel-row-style panel-row-style-for-1339-3\" ><div id=\"pgc-1339-3-0\"  class=\"panel-grid-cell\" ><div id=\"panel-1339-3-0-0\" class=\"so-panel widget widget_qzr-titlemanager panel-first-child\" data-index=\"7\" ><div class=\"panel-widget-style panel-widget-style-for-1339-3-0-0\" ><div\n\t\t\t\n\t\t\tclass=\"so-widget-qzr-titlemanager so-widget-qzr-titlemanager-base\"\n\t\t\t\n\t\t><div class=\"qzr-title main-column col-padding\">\n\t<h3 class=\"blue centertext\">Certifications<\/h3><hr class=\"gray-small centertext small-margin\"><h4 class=\"gray centertext\">Qualit\u00e9, s\u00e9curit\u00e9 et attention aux d\u00e9tails\u00a0: Cab Plus offre beaucoup plus qu'une garantie.<\/h4><p class=\"gray centertext\">Nous travaillons pour atteindre toujours la qualit\u00e9 maximale pour nos processus et pour nos produits.<br \/> Les certifications de Cab Plus.<\/p><\/div><\/div><\/div><\/div><div id=\"panel-1339-3-0-1\" class=\"so-panel widget widget_qzr-features panel-last-child\" data-index=\"8\" ><div class=\"panel-widget-style panel-widget-style-for-1339-3-0-1\" ><div\n\t\t\t\n\t\t\tclass=\"so-widget-qzr-features so-widget-qzr-features-base\"\n\t\t\t\n\t\t><div class=\"qzr-features-wrapper\">\n\t<div class=\"columns-12 center col-padding\">\n\t\t\t<\/div>\n\t<div class=\"columns-12 center centertext \">\n\t\t\t\t<div class=\"qzr-feature column-of-6 blue left\">\n\t\t\t\t<img decoding=\"async\" alt=\"Qualit\u00e9\t\" src=\"https:\/\/cabplustiberina.it\/wp-content\/uploads\/2016\/11\/certificaz-01-ok-1.png\"\/>\t\t\t\t<h3 class=\" blue\">Qualit\u00e9\t<\/h3>\n\t\t\t\t<div class=\"feature-description\"><p>ISO 9001<br \/> ISO TS 16949<\/p><\/div>\t\t\t<\/div>\n\t\t\t\t<div class=\"qzr-feature column-of-6 blue left\">\n\t\t\t\t<img decoding=\"async\" alt=\"Environnement\" src=\"https:\/\/cabplustiberina.it\/wp-content\/uploads\/2016\/11\/certificaz-02.png\"\/>\t\t\t\t<h3 class=\" blue\">Environnement<\/h3>\n\t\t\t\t<div class=\"feature-description\"><p>ISO 14001<\/p><\/div>\t\t\t<\/div>\n\t\t\t\t<div class=\"qzr-feature column-of-6 blue left\">\n\t\t\t\t<img decoding=\"async\" alt=\"Sant\u00e9 et s\u00e9curit\u00e9\" src=\"https:\/\/cabplustiberina.it\/wp-content\/uploads\/2016\/11\/certificaz-03.png\"\/>\t\t\t\t<h3 class=\" blue\">Sant\u00e9 et s\u00e9curit\u00e9<\/h3>\n\t\t\t\t<div class=\"feature-description\"><p>BS OHSAS 18001<\/p><\/div>\t\t\t<\/div>\n\t\t\t\t<div class=\"qzr-feature column-of-6 blue left\">\n\t\t\t\t<img decoding=\"async\" alt=\"Responsabilit\u00e9 sociale\" src=\"https:\/\/cabplustiberina.it\/wp-content\/uploads\/2016\/11\/certificaz-05.png\"\/>\t\t\t\t<h3 class=\" blue\">Responsabilit\u00e9 sociale<\/h3>\n\t\t\t\t<div class=\"feature-description\"><p>SA 8000<\/p><\/div>\t\t\t<\/div>\n\t\t\t\t<div class=\"qzr-feature column-of-6 blue left\">\n\t\t\t\t<img decoding=\"async\" alt=\"S\u00e9curit\u00e9 de l'information\" src=\"https:\/\/cabplustiberina.it\/wp-content\/uploads\/2016\/11\/certificaz-04.png\"\/>\t\t\t\t<h3 class=\" blue\">S\u00e9curit\u00e9 de l'information<\/h3>\n\t\t\t\t<div class=\"feature-description\"><p>ISO IEC 27001<\/p><\/div>\t\t\t<\/div>\n\t\t\t\t<div class=\"qzr-feature column-of-6 blue left\">\n\t\t\t\t<img decoding=\"async\" alt=\"Management de l'\u00e9nergie\t\" src=\"https:\/\/cabplustiberina.it\/wp-content\/uploads\/2016\/11\/certificaz-06.png\"\/>\t\t\t\t<h3 class=\" blue\">Management de l'\u00e9nergie\t<\/h3>\n\t\t\t\t<div class=\"feature-description\"><p>ISO 50001<\/p><\/div>\t\t\t<\/div>\n\t\t<br class=\"clear\">\n\t<\/div>\n<\/div><\/div><\/div><\/div><\/div><\/div><\/div><\/div>","protected":false},"excerpt":{"rendered":"<p>Entreprise Cab Plus Cab Plus op\u00e8re au sein du Groupe Tiberina et repose par cons\u00e9quent sur les m\u00eames valeurs et principes industriels qui mettent toujours au premier rang la qualit\u00e9 et le Client.L&rsquo;usine est situ\u00e9e dans la Commune de Jesi (Italie) et compte une superficie totale d&rsquo;environ 74\u00a0000\u00a0m\u00b2, dont 18\u00a0000 sont couverts.Hautement novateurs et dynamiques, [&hellip;]<\/p>\n","protected":false},"author":2,"featured_media":959,"parent":0,"menu_order":0,"comment_status":"closed","ping_status":"closed","template":"","meta":{"footnotes":""},"class_list":["post-1339","page","type-page","status-publish","has-post-thumbnail","hentry"],"_links":{"self":[{"href":"https:\/\/cabplustiberina.it\/fr\/wp-json\/wp\/v2\/pages\/1339","targetHints":{"allow":["GET"]}}],"collection":[{"href":"https:\/\/cabplustiberina.it\/fr\/wp-json\/wp\/v2\/pages"}],"about":[{"href":"https:\/\/cabplustiberina.it\/fr\/wp-json\/wp\/v2\/types\/page"}],"author":[{"embeddable":true,"href":"https:\/\/cabplustiberina.it\/fr\/wp-json\/wp\/v2\/users\/2"}],"replies":[{"embeddable":true,"href":"https:\/\/cabplustiberina.it\/fr\/wp-json\/wp\/v2\/comments?post=1339"}],"version-history":[{"count":0,"href":"https:\/\/cabplustiberina.it\/fr\/wp-json\/wp\/v2\/pages\/1339\/revisions"}],"wp:featuredmedia":[{"embeddable":true,"href":"https:\/\/cabplustiberina.it\/fr\/wp-json\/wp\/v2\/media\/959"}],"wp:attachment":[{"href":"https:\/\/cabplustiberina.it\/fr\/wp-json\/wp\/v2\/media?parent=1339"}],"curies":[{"name":"wp","href":"https:\/\/api.w.org\/{rel}","templated":true}]}}