{"id":1359,"date":"2016-11-25T15:50:22","date_gmt":"2016-11-25T14:50:22","guid":{"rendered":"http:\/\/cabplustiberina.it\/difference\/"},"modified":"2017-06-14T15:49:06","modified_gmt":"2017-06-14T13:49:06","slug":"difference","status":"publish","type":"page","link":"https:\/\/cabplustiberina.it\/fr\/difference\/","title":{"rendered":"Diff\u00e9rence"},"content":{"rendered":"<div id=\"pl-1359\"  class=\"panel-layout\" ><div id=\"pg-1359-0\"  class=\"panel-grid panel-has-style\" ><div class=\"page-section panel-row-style panel-row-style-for-1359-0\" ><div id=\"pgc-1359-0-0\"  class=\"panel-grid-cell\" ><div id=\"panel-1359-0-0-0\" class=\"so-panel widget widget_qzr-titlemanager panel-first-child\" data-index=\"0\" ><div\n\t\t\t\n\t\t\tclass=\"so-widget-qzr-titlemanager so-widget-qzr-titlemanager-base\"\n\t\t\t\n\t\t><div class=\"qzr-title main-column col-padding\">\n\t<h1 class=\"blue centertext\">Diff\u00e9rence<\/h1><hr class=\"gray-large centertext small-margin\"><\/div><\/div><\/div><div id=\"panel-1359-0-0-1\" class=\"so-panel widget widget_qzr-actionbutton\" data-index=\"1\" ><div\n\t\t\t\n\t\t\tclass=\"so-widget-qzr-actionbutton so-widget-qzr-actionbutton-base\"\n\t\t\t\n\t\t><div class=\"qzr-actionbuttons-wrapper\">\n\t<div class=\"main-column center col-padding\">\n\t\t<nav class=\"actionbuttons\">\n            <a href=\"javascript:window.print();\" title=\"Imprimer\" class=\"icon-print\"><\/a>\n            <a href=\"mailto:?subject=Diff%C3%A9rence&amp;body=https:\/\/cabplustiberina.it\/fr\/difference\/\" title=\"E-mail\" target=\"_blank\" class=\"icon-mail\"><\/a>\n        <\/nav>\n\t<\/div>\n<\/div><\/div><\/div><div id=\"panel-1359-0-0-2\" class=\"so-panel widget widget_qzr-contentwithimage panel-last-child\" data-index=\"2\" ><div\n\t\t\t\n\t\t\tclass=\"so-widget-qzr-contentwithimage so-widget-qzr-contentwithimage-base\"\n\t\t\t\n\t\t><div class=\"qzr-contentwithimage contentwithimage-wrapper nobox-imageleftbtmfull\">\n\t\t<div class=\"contentwithimage-text column-of-2 right\">\n\t\t\t<div class=\"columns-6 left col-padding\">\n\t\t\t\t<h3 class=\"blue\">Cab Plus WCM<\/h3>\n\t\t\t\t<hr class=\"gray-small\">\n\t\t\t\t<div class=\"description gray\">\n\t\t\t\t\t<h5>Les audits des derni\u00e8res ann\u00e9es ont relev\u00e9 une croissance significative des niveaux atteints par Cab Plus dans le World Class Manufacturing. Nous voulons partir des r\u00e9sultats obtenus jusqu'\u00e0 pr\u00e9sent pour poursuivre notre parcours de croissance et pouvoir optimiser tous les niveaux de l'organisation.<\/h5><p>WCM est l'approche du travail et le d\u00e9fi que nous relevons quotidiennement pour obtenir toujours le meilleur de nous-m\u00eame et pour alimenter le processus de d\u00e9veloppement interne et externe.<br \/> Cet objectif peut \u00eatre atteint gr\u00e2ce \u00e0 l'acquisition de comp\u00e9tences diffuses et au d\u00e9veloppement de processus capables de\u00a0:<\/p><p><img loading=\"lazy\" decoding=\"async\" class=\"alignleft wp-image-61\" src=\"http:\/\/ariestiberina.it\/wp-content\/uploads\/2016\/11\/check.png\" alt=\"check\" width=\"30\" height=\"24\" \/><\/p><p>CONTRASTER LES PERTES ET LES GASPILLAGES<\/p><p><img loading=\"lazy\" decoding=\"async\" class=\"alignleft wp-image-61\" src=\"http:\/\/ariestiberina.it\/wp-content\/uploads\/2016\/11\/check.png\" alt=\"check\" width=\"30\" height=\"24\" \/><\/p><p>IMPLIQUER LES PERSONNES \u00c0 TOUS LES NIVEAUX DE L'ORGANISATION<\/p><p><img loading=\"lazy\" decoding=\"async\" class=\"alignleft wp-image-61\" src=\"http:\/\/ariestiberina.it\/wp-content\/uploads\/2016\/11\/check.png\" alt=\"check\" width=\"30\" height=\"24\" \/><\/p><p>APPLIQUER RIGOUREUSEMENT DES M\u00c9THODES ET DES PROCESSUS<\/p><p><img loading=\"lazy\" decoding=\"async\" class=\"alignleft wp-image-61\" src=\"http:\/\/ariestiberina.it\/wp-content\/uploads\/2016\/11\/check.png\" alt=\"check\" width=\"30\" height=\"24\" \/><\/p><p>NORMALISER ET DIFFUSER LES R\u00c9SULTATS ATTEINTS<\/p><p>\u00a0<\/p><p>\u00a0<\/p>\t\t\t\t<\/div>\n\t\t\t\t\t\t\t<\/div>\n\t\t<\/div>\n\t\t<div class=\"contentwithimage-imageleftbtmfull column-of-2 left\" style=\"background-image:url('https:\/\/cabplustiberina.it\/wp-content\/uploads\/2016\/11\/DN9B3758-03.png')\">\n\t\t<\/div>\t\n\t\t<br class=\"clear\">\n\t\n<\/div><\/div><\/div><\/div><\/div><\/div><div id=\"pg-1359-1\"  class=\"panel-grid panel-has-style\" ><div class=\"page-section row-padding panel-row-style panel-row-style-for-1359-1\" ><div id=\"pgc-1359-1-0\"  class=\"panel-grid-cell\" ><div id=\"panel-1359-1-0-0\" class=\"so-panel widget widget_qzr-titlemanager panel-first-child\" data-index=\"3\" ><div\n\t\t\t\n\t\t\tclass=\"so-widget-qzr-titlemanager so-widget-qzr-titlemanager-base\"\n\t\t\t\n\t\t><div class=\"qzr-title main-column col-padding\">\n\t<h3 class=\"blue centertext\">Nous adoptons les logiques du WCM <br \/> visant au mod\u00e8le z\u00e9ro<\/h3><\/div><\/div><\/div><div id=\"panel-1359-1-0-1\" class=\"so-panel widget widget_qzr-features panel-last-child\" data-index=\"4\" ><div\n\t\t\t\n\t\t\tclass=\"so-widget-qzr-features so-widget-qzr-features-base\"\n\t\t\t\n\t\t><div class=\"qzr-features-wrapper\">\n\t<div class=\"columns-12 center col-padding\">\n\t\t\t<\/div>\n\t<div class=\"columns-12 center centertext \">\n\t\t\t\t<div class=\"qzr-feature column-of-6 blue left\">\n\t\t\t\t<img decoding=\"async\" alt=\"Moins de gaspillage\" src=\"https:\/\/cabplustiberina.it\/wp-content\/uploads\/2016\/11\/foglio-sprechi-320x310.png\"\/>\t\t\t\t<h3 class=\" blue\">Moins de gaspillage<\/h3>\n\t\t\t\t\t\t\t<\/div>\n\t\t\t\t<div class=\"qzr-feature column-of-6 blue left\">\n\t\t\t\t<img decoding=\"async\" alt=\"Moins de pannes\" src=\"https:\/\/cabplustiberina.it\/wp-content\/uploads\/2016\/11\/foglio-guasti-320x310.png\"\/>\t\t\t\t<h3 class=\" blue\">Moins de pannes<\/h3>\n\t\t\t\t\t\t\t<\/div>\n\t\t\t\t<div class=\"qzr-feature column-of-6 blue left\">\n\t\t\t\t<img decoding=\"async\" alt=\"Moins de d\u00e9fauts\" src=\"https:\/\/cabplustiberina.it\/wp-content\/uploads\/2016\/11\/foglio-difetti-320x310.png\"\/>\t\t\t\t<h3 class=\" blue\">Moins de d\u00e9fauts<\/h3>\n\t\t\t\t\t\t\t<\/div>\n\t\t\t\t<div class=\"qzr-feature column-of-6 blue left\">\n\t\t\t\t<img decoding=\"async\" alt=\"Moins de stockage\" src=\"https:\/\/cabplustiberina.it\/wp-content\/uploads\/2016\/11\/foglio-magazzino-01-320x310.png\"\/>\t\t\t\t<h3 class=\" blue\">Moins de stockage<\/h3>\n\t\t\t\t\t\t\t<\/div>\n\t\t<br class=\"clear\">\n\t<\/div>\n<\/div><\/div><\/div><\/div><\/div><\/div><div id=\"pg-1359-2\"  class=\"panel-grid panel-has-style\" ><div class=\"page-section panel-row-style panel-row-style-for-1359-2\" ><div id=\"pgc-1359-2-0\"  class=\"panel-grid-cell\" ><div id=\"panel-1359-2-0-0\" class=\"so-panel widget widget_qzr-contentwithimage panel-first-child panel-last-child\" data-index=\"5\" ><div\n\t\t\t\n\t\t\tclass=\"so-widget-qzr-contentwithimage so-widget-qzr-contentwithimage-base\"\n\t\t\t\n\t\t><div class=\"qzr-contentwithimage contentwithimage-wrapper boxleft-imagefull\">\n\t\t<div class=\"contentwithimage-background\" style=\"background-image: url('https:\/\/cabplustiberina.it\/wp-content\/uploads\/2016\/11\/DN9B3285.jpg')\">\n\t\t\t<div class=\"columns-12 center col-padding\">\n\t\t\t\t<div class=\"box column-of-2 left\">\n\t\t\t\t\t<h2 class=\"white\">Cab Plus People<\/h2>\n\t\t\t\t\t<hr class=\"white-small left\">\n\t\t\t\t\t<div class=\"description clear white\">\n\t\t\t\t\t\t<h4>Nous choisissons les femmes et les hommes les plus passionn\u00e9s et comp\u00e9tents pour donner vie \u00e0 ces processus qui conduisent \u00e0 un produit de qualit\u00e9 absolue pour lequel rien n'est laiss\u00e9 au hasard.<\/h4><p>Chaque op\u00e9rateur sait comment prendre soin de chaque aspect du cycle de production gr\u00e2ce \u00e0 l'attention que nous avons toujours accord\u00e9e au d\u00e9veloppement et au renforcement des capacit\u00e9s des personnes amen\u00e9es \u00e0 apporter leur contribution.<\/p>\t\t\t\t\t<\/div>\n\t\t\t\t\t\t\t\t\t<\/div>\n\t\t\t\t<br class=\"clear\">\n\t\t\t<\/div>\n\t\t<\/div>\n\t\n<\/div><\/div><\/div><\/div><\/div><\/div><div id=\"pg-1359-3\"  class=\"panel-grid panel-has-style\" ><div class=\"page-section row-padding panel-row-style panel-row-style-for-1359-3\" ><div id=\"pgc-1359-3-0\"  class=\"panel-grid-cell\" ><div id=\"panel-1359-3-0-0\" class=\"so-panel widget widget_qzr-titlemanager panel-first-child\" data-index=\"6\" ><div\n\t\t\t\n\t\t\tclass=\"so-widget-qzr-titlemanager so-widget-qzr-titlemanager-base\"\n\t\t\t\n\t\t><div class=\"qzr-title main-column col-padding\">\n\t<h3 class=\"blue centertext\">Usine<\/h3><hr class=\"gray-small centertext small-margin\"><p class=\"gray centertext\">Trois usines sont impliqu\u00e9es dans les principales phases de production. Cela nous permet d'avoir un contr\u00f4le absolu sur la qualit\u00e9 lors de chaque phase de r\u00e9alisation.<\/p><\/div><\/div><\/div><div id=\"panel-1359-3-0-1\" class=\"so-panel widget widget_qzr-simpleimage panel-last-child\" data-index=\"7\" ><div\n\t\t\t\n\t\t\tclass=\"so-widget-qzr-simpleimage so-widget-qzr-simpleimage-base\"\n\t\t\t\n\t\t><div class=\"qzr-simpleimage main-column \">\n \t\t<img decoding=\"async\" class=\"left col-padding column-of-1\" src=\"https:\/\/cabplustiberina.it\/wp-content\/uploads\/2016\/11\/TIB-17-CABPLUS-STABILIMENTO-FR.svg\" alt=\"\"\/>\t<\/div><\/div><\/div><\/div><\/div><\/div><\/div>","protected":false},"excerpt":{"rendered":"<p>Diff\u00e9rence Cab Plus WCM Les audits des derni\u00e8res ann\u00e9es ont relev\u00e9 une croissance significative des niveaux atteints par Cab Plus dans le World Class Manufacturing. Nous voulons partir des r\u00e9sultats obtenus jusqu&rsquo;\u00e0 pr\u00e9sent pour poursuivre notre parcours de croissance et pouvoir optimiser tous les niveaux de l&rsquo;organisation.WCM est l&rsquo;approche du travail et le d\u00e9fi que [&hellip;]<\/p>\n","protected":false},"author":2,"featured_media":962,"parent":0,"menu_order":0,"comment_status":"closed","ping_status":"closed","template":"","meta":{"footnotes":""},"class_list":["post-1359","page","type-page","status-publish","has-post-thumbnail","hentry"],"_links":{"self":[{"href":"https:\/\/cabplustiberina.it\/fr\/wp-json\/wp\/v2\/pages\/1359","targetHints":{"allow":["GET"]}}],"collection":[{"href":"https:\/\/cabplustiberina.it\/fr\/wp-json\/wp\/v2\/pages"}],"about":[{"href":"https:\/\/cabplustiberina.it\/fr\/wp-json\/wp\/v2\/types\/page"}],"author":[{"embeddable":true,"href":"https:\/\/cabplustiberina.it\/fr\/wp-json\/wp\/v2\/users\/2"}],"replies":[{"embeddable":true,"href":"https:\/\/cabplustiberina.it\/fr\/wp-json\/wp\/v2\/comments?post=1359"}],"version-history":[{"count":0,"href":"https:\/\/cabplustiberina.it\/fr\/wp-json\/wp\/v2\/pages\/1359\/revisions"}],"wp:featuredmedia":[{"embeddable":true,"href":"https:\/\/cabplustiberina.it\/fr\/wp-json\/wp\/v2\/media\/962"}],"wp:attachment":[{"href":"https:\/\/cabplustiberina.it\/fr\/wp-json\/wp\/v2\/media?parent=1359"}],"curies":[{"name":"wp","href":"https:\/\/api.w.org\/{rel}","templated":true}]}}