{"id":1387,"date":"2017-05-30T17:40:23","date_gmt":"2017-05-30T15:40:23","guid":{"rendered":"http:\/\/cabplustiberina.it\/product\/"},"modified":"2017-09-13T11:55:14","modified_gmt":"2017-09-13T09:55:14","slug":"product","status":"publish","type":"page","link":"https:\/\/cabplustiberina.it\/fr\/product\/","title":{"rendered":"Produits et processus"},"content":{"rendered":"<div id=\"pl-1387\"  class=\"panel-layout\" ><div id=\"pg-1387-0\"  class=\"panel-grid panel-has-style\" ><div class=\"page-section panel-row-style panel-row-style-for-1387-0\" ><div id=\"pgc-1387-0-0\"  class=\"panel-grid-cell\" ><div id=\"panel-1387-0-0-0\" class=\"so-panel widget widget_qzr-titlemanager panel-first-child\" data-index=\"0\" ><div\n\t\t\t\n\t\t\tclass=\"so-widget-qzr-titlemanager so-widget-qzr-titlemanager-base\"\n\t\t\t\n\t\t><div class=\"qzr-title main-column col-padding\">\n\t<h1 class=\"blue centertext\">Produits et Processus<\/h1><hr class=\"gray-large centertext small-margin\"><p class=\"gray centertext\">Efficacit\u00e9 maximale, des premi\u00e8res phases de d\u00e9veloppement \u00e0 la production<\/p><\/div><\/div><\/div><div id=\"panel-1387-0-0-1\" class=\"so-panel widget widget_sow-image panel-last-child\" data-index=\"1\" ><div\n\t\t\t\n\t\t\tclass=\"so-widget-sow-image so-widget-sow-image-default-dbf295114b96-1387\"\n\t\t\t\n\t\t>\n<div class=\"sow-image-container\">\n\t\t<img \n\tsrc=\"https:\/\/cabplustiberina.it\/wp-content\/uploads\/2016\/11\/TIB-17-PRODOTTI-INDICE.png\" width=\"3768\" height=\"1014\" srcset=\"https:\/\/cabplustiberina.it\/wp-content\/uploads\/2016\/11\/TIB-17-PRODOTTI-INDICE.png 3768w, https:\/\/cabplustiberina.it\/wp-content\/uploads\/2016\/11\/TIB-17-PRODOTTI-INDICE-300x81.png 300w, https:\/\/cabplustiberina.it\/wp-content\/uploads\/2016\/11\/TIB-17-PRODOTTI-INDICE-768x207.png 768w, https:\/\/cabplustiberina.it\/wp-content\/uploads\/2016\/11\/TIB-17-PRODOTTI-INDICE-1024x276.png 1024w\" sizes=\"(max-width: 3768px) 100vw, 3768px\" alt=\"\" \t\tclass=\"so-widget-image\"\/>\n\t<\/div>\n\n<\/div><\/div><\/div><\/div><\/div><div id=\"pg-1387-1\"  class=\"panel-grid panel-has-style\" ><div class=\"page-section panel-row-style panel-row-style-for-1387-1\" ><div id=\"pgc-1387-1-0\"  class=\"panel-grid-cell\" ><div id=\"panel-1387-1-0-0\" class=\"so-panel widget widget_qzr-pagesection panel-first-child panel-last-child\" data-index=\"2\" ><div\n\t\t\t\n\t\t\tclass=\"so-widget-qzr-pagesection so-widget-qzr-pagesection-base\"\n\t\t\t\n\t\t><div class=\"qzr-pagesection\" id=\"agricultural-machinery\" data-scroll-offset=\"108\">\n\t<h2 class=\"pagesection-hidden-title\">Machines agricoles<\/h2>\n<\/div><\/div><\/div><\/div><\/div><\/div><div id=\"pg-1387-2\"  class=\"panel-grid panel-has-style\" ><div class=\"page-section panel-row-style panel-row-style-for-1387-2\" ><div id=\"pgc-1387-2-0\"  class=\"panel-grid-cell\" ><div id=\"panel-1387-2-0-0\" class=\"so-panel widget widget_qzr-titlemanager panel-first-child\" data-index=\"3\" ><div class=\"row-padding panel-widget-style panel-widget-style-for-1387-2-0-0\" ><div\n\t\t\t\n\t\t\tclass=\"so-widget-qzr-titlemanager so-widget-qzr-titlemanager-base\"\n\t\t\t\n\t\t><div class=\"qzr-title main-column col-padding\">\n\t<h3 class=\"blue centertext\">Machines agricoles<\/h3><hr class=\"gray-small centertext small-margin\"><\/div><\/div><\/div><\/div><div id=\"panel-1387-2-0-1\" class=\"so-panel widget widget_qzr-svg panel-last-child\" data-index=\"4\" ><div\n\t\t\t\n\t\t\tclass=\"so-widget-qzr-svg so-widget-qzr-svg-base\"\n\t\t\t\n\t\t><div class=\"qzr-svg-wrapper svg-paths\">\n\t<div class=\"columns-12 center col-padding row-padding svgpool\">\n\t\t<div class=\"column-3-of-5 left col-padding\">\n\t\t\t<div class=\"svg-container\">\n\t\t\t\t<div class=\"svg-currentdetail\"><\/div>\n\t\t\t\t\t\t\t\t<div class=\"svg-toload\" data-src=\"https:\/\/cabplustiberina.it\/wp-content\/uploads\/2017\/05\/agri-cleaned-01.svg\"><\/div>\n\t\t\t<\/div>\n\t\t<\/div>\n\t\t<div class=\"column-2-of-5 left col-padding\">\n\t\t\t\t\t\t <div class=\"svg-detail\">\n\t\t\t\t<h3>\n\t\t\t\t\t<a class=\"mtech\" href=\"javascript:void(0);\" data-rel=\"agri_saldatura\">\n\t\t\t\t\t\t<span class=\"svg-detail-number\">1<\/span>  Soudage  \t\t\t\t\t<\/a>\n\t\t\t\t<\/h3>\n\t\t\t\t\t\t\t <\/div>\n\t\t\t\t\t\t <div class=\"svg-detail\">\n\t\t\t\t<h3>\n\t\t\t\t\t<a class=\"mtech\" href=\"javascript:void(0);\" data-rel=\"agri_gragliniatura\">\n\t\t\t\t\t\t<span class=\"svg-detail-number\">2<\/span> Grenaillage \u00e0 Turbine\t\t\t\t\t<\/a>\n\t\t\t\t<\/h3>\n\t\t\t\t\t\t\t <\/div>\n\t\t\t\t\t\t <div class=\"svg-detail\">\n\t\t\t\t<h3>\n\t\t\t\t\t<a class=\"mtech\" href=\"javascript:void(0);\" data-rel=\"agri_verniciatura\">\n\t\t\t\t\t\t<span class=\"svg-detail-number\">3<\/span> Peinture\u00a0\/\u00a0\u00c9tanch\u00e9isation  \t\t\t\t\t<\/a>\n\t\t\t\t<\/h3>\n\t\t\t\t\t\t\t <\/div>\n\t\t\t\t\t\t <div class=\"svg-detail\">\n\t\t\t\t<h3>\n\t\t\t\t\t<a class=\"mtech\" href=\"javascript:void(0);\" data-rel=\"agri_montaggio\">\n\t\t\t\t\t\t<span class=\"svg-detail-number\">4<\/span> Montage  \t\t\t\t\t<\/a>\n\t\t\t\t<\/h3>\n\t\t\t\t\t\t\t <\/div>\n\t\t\t\t\t\t <div class=\"svg-detail\">\n\t\t\t\t<h3>\n\t\t\t\t\t<a class=\"mtech\" href=\"javascript:void(0);\" data-rel=\"agri_test_end_of_line\">\n\t\t\t\t\t\t<span class=\"svg-detail-number\">5<\/span> Test de fin de cha\u00eene\t\t\t\t\t<\/a>\n\t\t\t\t<\/h3>\n\t\t\t\t\t\t\t <\/div>\n\t\t\t\t\t<\/div>\n\t<\/div>\n\t<br class=\"clear\">\n\t<\/div>\n<\/div><\/div><\/div><\/div><\/div><\/div><div id=\"pg-1387-3\"  class=\"panel-grid panel-has-style\" ><div class=\"page-section panel-row-style panel-row-style-for-1387-3\" ><div id=\"pgc-1387-3-0\"  class=\"panel-grid-cell\" ><div id=\"panel-1387-3-0-0\" class=\"so-panel widget widget_qzr-simpleimage panel-first-child\" data-index=\"5\" ><div\n\t\t\t\n\t\t\tclass=\"so-widget-qzr-simpleimage so-widget-qzr-simpleimage-base\"\n\t\t\t\n\t\t><div class=\"qzr-simpleimage main-column \">\n \t<div class=\"column-of-1 col-padding\"><div class=\"owl-carousel\" data-options='{\"padding\":0}'>\t<img decoding=\"async\" class=\"left \" src=\"https:\/\/cabplustiberina.it\/wp-content\/uploads\/2016\/11\/DN9B3596-1024x614.jpg\" alt=\"\"\/><img decoding=\"async\" class=\"left \" src=\"https:\/\/cabplustiberina.it\/wp-content\/uploads\/2016\/11\/DN9B3417-1024x614.jpg\" alt=\"\"\/><img decoding=\"async\" class=\"left \" src=\"https:\/\/cabplustiberina.it\/wp-content\/uploads\/2016\/11\/DN9B3480-1024x614.jpg\" alt=\"\"\/><img decoding=\"async\" class=\"left \" src=\"https:\/\/cabplustiberina.it\/wp-content\/uploads\/2016\/11\/DN9B3544-1024x614.jpg\" alt=\"\"\/><img decoding=\"async\" class=\"left \" src=\"https:\/\/cabplustiberina.it\/wp-content\/uploads\/2016\/11\/IMG_5900-1024x614.jpg\" alt=\"\"\/>\t<\/div><\/div><\/div><\/div><\/div><div id=\"panel-1387-3-0-1\" class=\"so-panel widget widget_qzr-simpleimage panel-last-child\" data-index=\"6\" ><div\n\t\t\t\n\t\t\tclass=\"so-widget-qzr-simpleimage so-widget-qzr-simpleimage-base\"\n\t\t\t\n\t\t><div class=\"qzr-simpleimage main-column \">\n \t<div class=\"column-of-1 col-padding\"><div class=\"owl-carousel\" data-options='{\"padding\":0, \"stagePadding\": 150, \"autoplayTimeout\":1500}'>\t<img decoding=\"async\" class=\"left \" src=\"https:\/\/cabplustiberina.it\/wp-content\/uploads\/2016\/11\/TIB-17-PRODOTTI-AGRI-04-1024x693.png\" alt=\"\"\/><img decoding=\"async\" class=\"left \" src=\"https:\/\/cabplustiberina.it\/wp-content\/uploads\/2016\/11\/TIB-17-PRODOTTI-AGRI-06-1024x693.png\" alt=\"\"\/><img decoding=\"async\" class=\"left \" src=\"https:\/\/cabplustiberina.it\/wp-content\/uploads\/2016\/11\/TIB-17-PRODOTTI-AGRI-02-1024x693.png\" alt=\"\"\/><img decoding=\"async\" class=\"left \" src=\"https:\/\/cabplustiberina.it\/wp-content\/uploads\/2016\/11\/TIB-17-PRODOTTI-AGRI-03-1024x693.png\" alt=\"\"\/>\t<\/div><\/div><\/div><\/div><\/div><\/div><\/div><\/div><div id=\"pg-1387-4\"  class=\"panel-grid panel-has-style\" ><div class=\"page-section panel-row-style panel-row-style-for-1387-4\" ><div id=\"pgc-1387-4-0\"  class=\"panel-grid-cell\" ><div id=\"panel-1387-4-0-0\" class=\"so-panel widget widget_qzr-pagesection panel-first-child panel-last-child\" data-index=\"7\" ><div\n\t\t\t\n\t\t\tclass=\"so-widget-qzr-pagesection so-widget-qzr-pagesection-base\"\n\t\t\t\n\t\t><div class=\"qzr-pagesection\" id=\"construction-machinery\" data-scroll-offset=\"108\">\n\t<h2 class=\"pagesection-hidden-title\">Machines de construction<\/h2>\n<\/div><\/div><\/div><\/div><\/div><\/div><div id=\"pg-1387-5\"  class=\"panel-grid panel-has-style\" ><div class=\"page-section panel-row-style panel-row-style-for-1387-5\" ><div id=\"pgc-1387-5-0\"  class=\"panel-grid-cell\" ><div id=\"panel-1387-5-0-0\" class=\"so-panel widget widget_qzr-titlemanager panel-first-child\" data-index=\"8\" ><div class=\"row-padding panel-widget-style panel-widget-style-for-1387-5-0-0\" ><div\n\t\t\t\n\t\t\tclass=\"so-widget-qzr-titlemanager so-widget-qzr-titlemanager-base\"\n\t\t\t\n\t\t><div class=\"qzr-title main-column col-padding\">\n\t<h3 class=\"blue centertext\">Machines de construction<\/h3><hr class=\"gray-small centertext small-margin\"><\/div><\/div><\/div><\/div><div id=\"panel-1387-5-0-1\" class=\"so-panel widget widget_qzr-svg panel-last-child\" data-index=\"9\" ><div\n\t\t\t\n\t\t\tclass=\"so-widget-qzr-svg so-widget-qzr-svg-base\"\n\t\t\t\n\t\t><div class=\"qzr-svg-wrapper svg-paths\">\n\t<div class=\"columns-12 center col-padding row-padding svgpool\">\n\t\t<div class=\"column-3-of-5 left col-padding\">\n\t\t\t<div class=\"svg-container\">\n\t\t\t\t<div class=\"svg-currentdetail\"><\/div>\n\t\t\t\t\t\t\t\t<div class=\"svg-toload\" data-src=\"https:\/\/cabplustiberina.it\/wp-content\/uploads\/2016\/11\/construction-cleaned-01.svg\"><\/div>\n\t\t\t<\/div>\n\t\t<\/div>\n\t\t<div class=\"column-2-of-5 left col-padding\">\n\t\t\t\t\t\t <div class=\"svg-detail\">\n\t\t\t\t<h3>\n\t\t\t\t\t<a class=\"mtech\" href=\"javascript:void(0);\" data-rel=\"saldatura\">\n\t\t\t\t\t\t<span class=\"svg-detail-number\">1<\/span> Soudage  \t\t\t\t\t<\/a>\n\t\t\t\t<\/h3>\n\t\t\t\t\t\t\t <\/div>\n\t\t\t\t\t\t <div class=\"svg-detail\">\n\t\t\t\t<h3>\n\t\t\t\t\t<a class=\"mtech\" href=\"javascript:void(0);\" data-rel=\"Grenaillage \u00e0 Turbine\">\n\t\t\t\t\t\t<span class=\"svg-detail-number\">2<\/span> Grenaillage \u00e0 Turbine\t\t\t\t\t<\/a>\n\t\t\t\t<\/h3>\n\t\t\t\t\t\t\t <\/div>\n\t\t\t\t\t\t <div class=\"svg-detail\">\n\t\t\t\t<h3>\n\t\t\t\t\t<a class=\"mtech\" href=\"javascript:void(0);\" data-rel=\"verniciatura_sigillatura\">\n\t\t\t\t\t\t<span class=\"svg-detail-number\">3<\/span> Peinture\u00a0\/\u00a0\u00c9tanch\u00e9isation \t\t\t\t\t<\/a>\n\t\t\t\t<\/h3>\n\t\t\t\t\t\t\t <\/div>\n\t\t\t\t\t\t <div class=\"svg-detail\">\n\t\t\t\t<h3>\n\t\t\t\t\t<a class=\"mtech\" href=\"javascript:void(0);\" data-rel=\"montaggio\">\n\t\t\t\t\t\t<span class=\"svg-detail-number\">4<\/span> Montage  \t\t\t\t\t<\/a>\n\t\t\t\t<\/h3>\n\t\t\t\t\t\t\t <\/div>\n\t\t\t\t\t\t <div class=\"svg-detail\">\n\t\t\t\t<h3>\n\t\t\t\t\t<a class=\"mtech\" href=\"javascript:void(0);\" data-rel=\"test_end_of_line\">\n\t\t\t\t\t\t<span class=\"svg-detail-number\">5<\/span> Test de fin de cha\u00eene\t\t\t\t\t<\/a>\n\t\t\t\t<\/h3>\n\t\t\t\t\t\t\t <\/div>\n\t\t\t\t\t<\/div>\n\t<\/div>\n\t<br class=\"clear\">\n\t<\/div>\n<\/div><\/div><\/div><\/div><\/div><\/div><div id=\"pg-1387-6\"  class=\"panel-grid panel-has-style\" ><div class=\"page-section panel-row-style panel-row-style-for-1387-6\" ><div id=\"pgc-1387-6-0\"  class=\"panel-grid-cell\" ><div id=\"panel-1387-6-0-0\" class=\"so-panel widget widget_qzr-simpleimage panel-first-child\" data-index=\"10\" ><div\n\t\t\t\n\t\t\tclass=\"so-widget-qzr-simpleimage so-widget-qzr-simpleimage-base\"\n\t\t\t\n\t\t><div class=\"qzr-simpleimage main-column \">\n \t<div class=\"column-of-1 col-padding\"><div class=\"owl-carousel\" data-options='{\"padding\":0}'>\t<img decoding=\"async\" class=\"left \" src=\"https:\/\/cabplustiberina.it\/wp-content\/uploads\/2016\/11\/IMG_5951-1024x614.jpg\" alt=\"\"\/><img decoding=\"async\" class=\"left \" src=\"https:\/\/cabplustiberina.it\/wp-content\/uploads\/2016\/11\/DN9B3643-1024x614.jpg\" alt=\"\"\/><img decoding=\"async\" class=\"left \" src=\"https:\/\/cabplustiberina.it\/wp-content\/uploads\/2016\/11\/IMG_5955-1024x614.jpg\" alt=\"\"\/>\t<\/div><\/div><\/div><\/div><\/div><div id=\"panel-1387-6-0-1\" class=\"so-panel widget widget_qzr-simpleimage panel-last-child\" data-index=\"11\" ><div\n\t\t\t\n\t\t\tclass=\"so-widget-qzr-simpleimage so-widget-qzr-simpleimage-base\"\n\t\t\t\n\t\t><div class=\"qzr-simpleimage main-column \">\n \t<div class=\"column-of-1 col-padding\"><div class=\"owl-carousel\" data-options='{\"padding\":0, \"stagePadding\": 150, \"autoplayTimeout\":1500}'>\t<img decoding=\"async\" class=\"left \" src=\"https:\/\/cabplustiberina.it\/wp-content\/uploads\/2016\/11\/TIB-17-PRODOTTI-CONSTRUCTION-03.png\" alt=\"\"\/><img decoding=\"async\" class=\"left \" src=\"https:\/\/cabplustiberina.it\/wp-content\/uploads\/2016\/11\/TIB-17-PRODOTTI-CONSTRUCTION-07-1024x693.png\" alt=\"\"\/><img decoding=\"async\" class=\"left \" src=\"https:\/\/cabplustiberina.it\/wp-content\/uploads\/2016\/11\/TIB-17-PRODOTTI-CONSTRUCTION-02-1024x693.png\" alt=\"\"\/><img decoding=\"async\" class=\"left \" src=\"https:\/\/cabplustiberina.it\/wp-content\/uploads\/2016\/11\/TIB-17-PRODOTTI-CONSTRUCTION-04-1024x693.png\" alt=\"\"\/><img decoding=\"async\" class=\"left \" src=\"https:\/\/cabplustiberina.it\/wp-content\/uploads\/2016\/11\/TIB-17-PRODOTTI-CONSTRUCTION-05-1024x693.png\" alt=\"\"\/><img decoding=\"async\" class=\"left \" src=\"https:\/\/cabplustiberina.it\/wp-content\/uploads\/2016\/11\/TIB-17-PRODOTTI-CONSTRUCTION-06-1024x693.png\" alt=\"\"\/>\t<\/div><\/div><\/div><\/div><\/div><\/div><\/div><\/div><div id=\"pg-1387-7\"  class=\"panel-grid panel-has-style\" ><div class=\"page-section panel-row-style panel-row-style-for-1387-7\" ><div id=\"pgc-1387-7-0\"  class=\"panel-grid-cell\" ><div id=\"panel-1387-7-0-0\" class=\"so-panel widget widget_qzr-pagesection panel-first-child panel-last-child\" data-index=\"12\" ><div\n\t\t\t\n\t\t\tclass=\"so-widget-qzr-pagesection so-widget-qzr-pagesection-base\"\n\t\t\t\n\t\t><div class=\"qzr-pagesection\" id=\"material-handling\" data-scroll-offset=\"108\">\n\t<h2 class=\"pagesection-hidden-title\">Chariots \u00c9l\u00e9vateurs<\/h2>\n<\/div><\/div><\/div><\/div><\/div><\/div><div id=\"pg-1387-8\"  class=\"panel-grid panel-has-style\" ><div class=\"page-section panel-row-style panel-row-style-for-1387-8\" ><div id=\"pgc-1387-8-0\"  class=\"panel-grid-cell\" ><div id=\"panel-1387-8-0-0\" class=\"so-panel widget widget_qzr-titlemanager panel-first-child\" data-index=\"13\" ><div class=\"row-padding panel-widget-style panel-widget-style-for-1387-8-0-0\" ><div\n\t\t\t\n\t\t\tclass=\"so-widget-qzr-titlemanager so-widget-qzr-titlemanager-base\"\n\t\t\t\n\t\t><div class=\"qzr-title main-column col-padding\">\n\t<h3 class=\"blue centertext\">Chariots \u00c9l\u00e9vateurs<\/h3><hr class=\"gray-small centertext small-margin\"><\/div><\/div><\/div><\/div><div id=\"panel-1387-8-0-1\" class=\"so-panel widget widget_qzr-svg panel-last-child\" data-index=\"14\" ><div\n\t\t\t\n\t\t\tclass=\"so-widget-qzr-svg so-widget-qzr-svg-base\"\n\t\t\t\n\t\t><div class=\"qzr-svg-wrapper svg-paths\">\n\t<div class=\"columns-12 center col-padding row-padding svgpool\">\n\t\t<div class=\"column-3-of-5 left col-padding\">\n\t\t\t<div class=\"svg-container\">\n\t\t\t\t<div class=\"svg-currentdetail\"><\/div>\n\t\t\t\t\t\t\t\t<div class=\"svg-toload\" data-src=\"https:\/\/cabplustiberina.it\/wp-content\/uploads\/2017\/05\/handling-cleaned-01.svg\"><\/div>\n\t\t\t<\/div>\n\t\t<\/div>\n\t\t<div class=\"column-2-of-5 left col-padding\">\n\t\t\t\t\t\t <div class=\"svg-detail\">\n\t\t\t\t<h3>\n\t\t\t\t\t<a class=\"mtech\" href=\"javascript:void(0);\" data-rel=\"handling_saldatura\">\n\t\t\t\t\t\t<span class=\"svg-detail-number\">1<\/span>  Soudage  \t\t\t\t\t<\/a>\n\t\t\t\t<\/h3>\n\t\t\t\t\t\t\t <\/div>\n\t\t\t\t\t\t <div class=\"svg-detail\">\n\t\t\t\t<h3>\n\t\t\t\t\t<a class=\"mtech\" href=\"javascript:void(0);\" data-rel=\"handling_granigliatura\">\n\t\t\t\t\t\t<span class=\"svg-detail-number\">2<\/span> Grenaillage \u00e0 Turbine\t\t\t\t\t<\/a>\n\t\t\t\t<\/h3>\n\t\t\t\t\t\t\t <\/div>\n\t\t\t\t\t\t <div class=\"svg-detail\">\n\t\t\t\t<h3>\n\t\t\t\t\t<a class=\"mtech\" href=\"javascript:void(0);\" data-rel=\"handling_verniciatura\">\n\t\t\t\t\t\t<span class=\"svg-detail-number\">3<\/span> Peinture\u00a0\/\u00a0\u00c9tanch\u00e9isation  \t\t\t\t\t<\/a>\n\t\t\t\t<\/h3>\n\t\t\t\t\t\t\t <\/div>\n\t\t\t\t\t\t <div class=\"svg-detail\">\n\t\t\t\t<h3>\n\t\t\t\t\t<a class=\"mtech\" href=\"javascript:void(0);\" data-rel=\"handling_montaggio\">\n\t\t\t\t\t\t<span class=\"svg-detail-number\">4<\/span> Montage \t\t\t\t\t<\/a>\n\t\t\t\t<\/h3>\n\t\t\t\t\t\t\t <\/div>\n\t\t\t\t\t\t <div class=\"svg-detail\">\n\t\t\t\t<h3>\n\t\t\t\t\t<a class=\"mtech\" href=\"javascript:void(0);\" data-rel=\"handling_test_end_of_line\">\n\t\t\t\t\t\t<span class=\"svg-detail-number\">5<\/span> est de fin de cha\u00eene\t\t\t\t\t<\/a>\n\t\t\t\t<\/h3>\n\t\t\t\t\t\t\t <\/div>\n\t\t\t\t\t<\/div>\n\t<\/div>\n\t<br class=\"clear\">\n\t<\/div>\n<\/div><\/div><\/div><\/div><\/div><\/div><div id=\"pg-1387-9\"  class=\"panel-grid panel-has-style\" ><div class=\"page-section panel-row-style panel-row-style-for-1387-9\" ><div id=\"pgc-1387-9-0\"  class=\"panel-grid-cell\" ><div id=\"panel-1387-9-0-0\" class=\"so-panel widget widget_qzr-simpleimage panel-first-child\" data-index=\"15\" ><div\n\t\t\t\n\t\t\tclass=\"so-widget-qzr-simpleimage so-widget-qzr-simpleimage-base\"\n\t\t\t\n\t\t><div class=\"qzr-simpleimage main-column \">\n \t<div class=\"column-of-1 col-padding\"><div class=\"owl-carousel\" data-options='{\"padding\":0}'>\t<img decoding=\"async\" class=\"left \" src=\"https:\/\/cabplustiberina.it\/wp-content\/uploads\/2016\/11\/IMG_0275-1024x614.jpg\" alt=\"\"\/><img decoding=\"async\" class=\"left \" src=\"https:\/\/cabplustiberina.it\/wp-content\/uploads\/2016\/11\/DN9B3451-1024x614.jpg\" alt=\"\"\/><img decoding=\"async\" class=\"left \" src=\"https:\/\/cabplustiberina.it\/wp-content\/uploads\/2016\/11\/DN9B3601-1024x614.jpg\" alt=\"\"\/><img decoding=\"async\" class=\"left \" src=\"https:\/\/cabplustiberina.it\/wp-content\/uploads\/2016\/11\/DN9B3681-1024x614.jpg\" alt=\"\"\/>\t<\/div><\/div><\/div><\/div><\/div><div id=\"panel-1387-9-0-1\" class=\"so-panel widget widget_qzr-simpleimage panel-last-child\" data-index=\"16\" ><div\n\t\t\t\n\t\t\tclass=\"so-widget-qzr-simpleimage so-widget-qzr-simpleimage-base\"\n\t\t\t\n\t\t><div class=\"qzr-simpleimage main-column \">\n \t<div class=\"column-of-1 col-padding\"><div class=\"owl-carousel\" data-options='{\"padding\":0, \"stagePadding\": 150, \"autoplayTimeout\":1500}'>\t<img decoding=\"async\" class=\"left \" src=\"https:\/\/cabplustiberina.it\/wp-content\/uploads\/2016\/11\/TIB-17-PRODOTTI-HANDLING-03-1024x693.png\" alt=\"\"\/><img decoding=\"async\" class=\"left \" src=\"https:\/\/cabplustiberina.it\/wp-content\/uploads\/2016\/11\/TIB-17-PRODOTTI-HANDLING-06-1024x693.png\" alt=\"\"\/><img decoding=\"async\" class=\"left \" src=\"https:\/\/cabplustiberina.it\/wp-content\/uploads\/2016\/11\/TIB-17-PRODOTTI-HANDLING-04-1024x693.png\" alt=\"\"\/><img decoding=\"async\" class=\"left \" src=\"https:\/\/cabplustiberina.it\/wp-content\/uploads\/2016\/11\/TIB-17-PRODOTTI-HANDLING-05-1024x693.png\" alt=\"\"\/><img decoding=\"async\" class=\"left \" src=\"https:\/\/cabplustiberina.it\/wp-content\/uploads\/2016\/11\/TIB-17-PRODOTTI-HANDLING-07-1024x693.png\" alt=\"\"\/><img decoding=\"async\" class=\"left \" src=\"https:\/\/cabplustiberina.it\/wp-content\/uploads\/2017\/05\/TIB-17-PRODOTTI-HANDLING-09-1024x693.png\" alt=\"\"\/>\t<\/div><\/div><\/div><\/div><\/div><\/div><\/div><\/div><\/div>","protected":false},"excerpt":{"rendered":"<p>Produits et ProcessusEfficacit\u00e9 maximale, des premi\u00e8res phases de d\u00e9veloppement \u00e0 la production Machines agricoles Machines agricoles 1 Soudage 2 Grenaillage \u00e0 Turbine 3 Peinture\u00a0\/\u00a0\u00c9tanch\u00e9isation 4 Montage 5 Test de fin de cha\u00eene Machines de construction Machines de construction 1 Soudage 2 Grenaillage \u00e0 Turbine 3 Peinture\u00a0\/\u00a0\u00c9tanch\u00e9isation 4 Montage 5 Test de fin de cha\u00eene Chariots [&hellip;]<\/p>\n","protected":false},"author":2,"featured_media":965,"parent":0,"menu_order":0,"comment_status":"closed","ping_status":"closed","template":"","meta":{"footnotes":""},"class_list":["post-1387","page","type-page","status-publish","has-post-thumbnail","hentry"],"_links":{"self":[{"href":"https:\/\/cabplustiberina.it\/fr\/wp-json\/wp\/v2\/pages\/1387","targetHints":{"allow":["GET"]}}],"collection":[{"href":"https:\/\/cabplustiberina.it\/fr\/wp-json\/wp\/v2\/pages"}],"about":[{"href":"https:\/\/cabplustiberina.it\/fr\/wp-json\/wp\/v2\/types\/page"}],"author":[{"embeddable":true,"href":"https:\/\/cabplustiberina.it\/fr\/wp-json\/wp\/v2\/users\/2"}],"replies":[{"embeddable":true,"href":"https:\/\/cabplustiberina.it\/fr\/wp-json\/wp\/v2\/comments?post=1387"}],"version-history":[{"count":0,"href":"https:\/\/cabplustiberina.it\/fr\/wp-json\/wp\/v2\/pages\/1387\/revisions"}],"wp:featuredmedia":[{"embeddable":true,"href":"https:\/\/cabplustiberina.it\/fr\/wp-json\/wp\/v2\/media\/965"}],"wp:attachment":[{"href":"https:\/\/cabplustiberina.it\/fr\/wp-json\/wp\/v2\/media?parent=1387"}],"curies":[{"name":"wp","href":"https:\/\/api.w.org\/{rel}","templated":true}]}}