{"id":1407,"date":"2016-11-27T16:35:14","date_gmt":"2016-11-27T15:35:14","guid":{"rendered":"http:\/\/cabplustiberina.it\/careers\/"},"modified":"2017-06-14T16:22:51","modified_gmt":"2017-06-14T14:22:51","slug":"careers","status":"publish","type":"page","link":"https:\/\/cabplustiberina.it\/fr\/careers\/","title":{"rendered":"Carri\u00e8res"},"content":{"rendered":"<div id=\"pl-1407\"  class=\"panel-layout\" ><div id=\"pg-1407-0\"  class=\"panel-grid panel-has-style\" ><div class=\"page-section panel-row-style panel-row-style-for-1407-0\" ><div id=\"pgc-1407-0-0\"  class=\"panel-grid-cell\" ><div id=\"panel-1407-0-0-0\" class=\"so-panel widget widget_qzr-titlemanager panel-first-child\" data-index=\"0\" ><div\n\t\t\t\n\t\t\tclass=\"so-widget-qzr-titlemanager so-widget-qzr-titlemanager-base\"\n\t\t\t\n\t\t><div class=\"qzr-title main-column col-padding\">\n\t<h1 class=\"blue centertext\">Carri\u00e8res<\/h1><hr class=\"gray-large centertext small-margin\"><\/div><\/div><\/div><div id=\"panel-1407-0-0-1\" class=\"so-panel widget widget_qzr-actionbutton panel-last-child\" data-index=\"1\" ><div\n\t\t\t\n\t\t\tclass=\"so-widget-qzr-actionbutton so-widget-qzr-actionbutton-base\"\n\t\t\t\n\t\t><div class=\"qzr-actionbuttons-wrapper\">\n\t<div class=\"main-column center col-padding\">\n\t\t<nav class=\"actionbuttons\">\n            <a href=\"javascript:window.print();\" title=\"Imprimer\" class=\"icon-print\"><\/a>\n            <a href=\"mailto:?subject=Carri%C3%A8res&amp;body=https:\/\/cabplustiberina.it\/fr\/careers\/\" title=\"E-mail\" target=\"_blank\" class=\"icon-mail\"><\/a>\n        <\/nav>\n\t<\/div>\n<\/div><\/div><\/div><\/div><\/div><\/div><div id=\"pg-1407-1\"  class=\"panel-grid panel-has-style\" ><div class=\"page-section panel-row-style panel-row-style-for-1407-1\" ><div id=\"pgc-1407-1-0\"  class=\"panel-grid-cell\" ><div id=\"panel-1407-1-0-0\" class=\"so-panel widget widget_qzr-titlemanager panel-first-child\" data-index=\"2\" ><div\n\t\t\t\n\t\t\tclass=\"so-widget-qzr-titlemanager so-widget-qzr-titlemanager-base\"\n\t\t\t\n\t\t><div class=\"qzr-title main-column col-padding\">\n\t<h3 class=\"blue centertext\">Travailler chez Cab Plus<\/h3><hr class=\"gray-small centertext small-margin\"><p class=\"gray centertext\">Les personnes repr\u00e9sentent notre plus grande valeur.  <br \/> Nous sommes convaincus que l'apport humain est un avantage comp\u00e9titif.  <br \/> Nos ressources doivent avoir quelque chose en plus.<\/p><\/div><\/div><\/div><div id=\"panel-1407-1-0-1\" class=\"so-panel widget widget_qzr-simpleimage panel-last-child\" data-index=\"3\" ><div\n\t\t\t\n\t\t\tclass=\"so-widget-qzr-simpleimage so-widget-qzr-simpleimage-base\"\n\t\t\t\n\t\t><div class=\"qzr-simpleimage main-column \">\n \t\t<img decoding=\"async\" class=\"left col-padding column-of-2\" src=\"https:\/\/cabplustiberina.it\/wp-content\/uploads\/2016\/11\/DN9B3562-1024x614.jpg\" alt=\"Fabbrica\"\/><img decoding=\"async\" class=\"left col-padding column-of-2\" src=\"https:\/\/cabplustiberina.it\/wp-content\/uploads\/2016\/11\/DN9B3321-1024x614.jpg\" alt=\"Fabbrica\"\/><img decoding=\"async\" class=\"left col-padding column-of-2\" src=\"https:\/\/cabplustiberina.it\/wp-content\/uploads\/2016\/11\/DN9B3248-1024x614.jpg\" alt=\"Fabbrica\"\/><img decoding=\"async\" class=\"left col-padding column-of-2\" src=\"https:\/\/cabplustiberina.it\/wp-content\/uploads\/2016\/11\/DN9B3650-1024x614.jpg\" alt=\"Fabbrica\"\/>\t<\/div><\/div><\/div><\/div><\/div><\/div><div id=\"pg-1407-2\"  class=\"panel-grid panel-has-style\" ><div class=\"page-section panel-row-style panel-row-style-for-1407-2\" ><div id=\"pgc-1407-2-0\"  class=\"panel-grid-cell\" ><div id=\"panel-1407-2-0-0\" class=\"so-panel widget widget_qzr-titlemanager panel-first-child\" data-index=\"4\" ><div\n\t\t\t\n\t\t\tclass=\"so-widget-qzr-titlemanager so-widget-qzr-titlemanager-base\"\n\t\t\t\n\t\t><div class=\"qzr-title main-column col-padding\">\n\t<h3 class=\"blue centertext\"><br \/><\/h3><\/div><\/div><\/div><div id=\"panel-1407-2-0-1\" class=\"so-panel widget widget_qzr-contentwithimage\" data-index=\"5\" ><div class=\"panel-widget-style panel-widget-style-for-1407-2-0-1\" ><div\n\t\t\t\n\t\t\tclass=\"so-widget-qzr-contentwithimage so-widget-qzr-contentwithimage-base\"\n\t\t\t\n\t\t><div class=\"qzr-contentwithimage contentwithimage-wrapper nobox-imageleftbtm\">\n\t\t<div class=\"columns-12 center col-padding\">\n\t\t\t<div class=\"contentwithimage-text column-of-2 right\">\n\t\t\t\t<h3 class=\"blue\">Talent measurement<\/h3>\n\t\t\t\t<hr class=\"gray-small\">\n\t\t\t\t<div class=\"description gray\">\n\t\t\t\t\t<p>Nous avons appel\u00e9 le processus d'\u00e9valuation et de valorisation du personnel \u00ab\u00a0Talent Measurement\u00a0\u00bb. Avec ce syst\u00e8me, nous parvenons \u00e0 examiner les capacit\u00e9s, l'exp\u00e9rience, l'\u00e9nergie et les attitudes des personnes travaillant avec nous, et nous pouvons identifier un parcours clair et d\u00e9fini individuellement. Les donn\u00e9es dont nous nous servons vont de la capacit\u00e9 d'adaptation au respect des lignes directrices de l'entreprise, de la capacit\u00e9 de r\u00e9agir face aux pressions \u00e0 la formulation de strat\u00e9gies. Ces aspects de la performance personnelle, de m\u00eame que de nombreux autres, forment l'ensemble du syst\u00e8me du Talent Measurement.<\/p>\t\t\t\t<\/div>\n\t\t\t\t\t\t\t<\/div>\n\t\t\t<div class=\"contentwithimage-imageleftbtm column-of-2 left\" style=\"background-image:url('https:\/\/cabplustiberina.it\/wp-content\/uploads\/2016\/11\/pic-2015-05-18-at-15.42.39.png')\">\n\t\t\t<\/div>\n\t\t\t<br class=\"clear\">\n\t\t<\/div>\n\t\n<\/div><\/div><\/div><\/div><div id=\"panel-1407-2-0-2\" class=\"so-panel widget widget_qzr-titlemanager panel-last-child\" data-index=\"6\" ><div\n\t\t\t\n\t\t\tclass=\"so-widget-qzr-titlemanager so-widget-qzr-titlemanager-base\"\n\t\t\t\n\t\t><div class=\"qzr-title main-column col-padding\">\n\t<h3 class=\"blue centertext\"><br \/><\/h3><\/div><\/div><\/div><\/div><\/div><\/div><div id=\"pg-1407-3\"  class=\"panel-grid panel-has-style\" ><div class=\"page-section panel-row-style panel-row-style-for-1407-3\" ><div id=\"pgc-1407-3-0\"  class=\"panel-grid-cell\" ><div id=\"panel-1407-3-0-0\" class=\"so-panel widget widget_qzr-contentwithimage panel-first-child panel-last-child\" data-index=\"7\" ><div\n\t\t\t\n\t\t\tclass=\"so-widget-qzr-contentwithimage so-widget-qzr-contentwithimage-base\"\n\t\t\t\n\t\t><div class=\"qzr-contentwithimage contentwithimage-wrapper boxleft-imagefull\">\n\t\t<div class=\"contentwithimage-background\" style=\"background-image: url('https:\/\/cabplustiberina.it\/wp-content\/uploads\/2016\/11\/DN9B1071-2.jpg')\">\n\t\t\t<div class=\"columns-12 center col-padding\">\n\t\t\t\t<div class=\"box column-of-2 left\">\n\t\t\t\t\t<h2 class=\"white\">Profil de poste<\/h2>\n\t\t\t\t\t<hr class=\"white-small left\">\n\t\t\t\t\t<div class=\"description clear white\">\n\t\t\t\t\t\t<h5>Placer le personnel dans le contexte organisationnel et identifier l'\u00e9ventail de parcours et d'exp\u00e9riences professionnelles compatibles avec le poste, repr\u00e9sente l\u2019une des meilleures activit\u00e9s de notre d\u00e9partement des Ressources humaines.<\/h5><p>La cartographie des r\u00f4les, la focalisation sur des objectifs et la s\u00e9lection de connaissances et de comp\u00e9tences de l'individu, sont des \u00e9l\u00e9ments cl\u00e9s pour obtenir une image pr\u00e9cise de toutes les qualit\u00e9s que nous pouvons mettre en \u0153uvre pour atteindre les objectifs du groupe.<\/p><p>\u00a0<\/p>\t\t\t\t\t<\/div>\n\t\t\t\t\t\t\t\t\t<\/div>\n\t\t\t\t<br class=\"clear\">\n\t\t\t<\/div>\n\t\t<\/div>\n\t\n<\/div><\/div><\/div><\/div><\/div><\/div><div id=\"pg-1407-4\"  class=\"panel-grid panel-has-style\" ><div class=\"page-section row-padding panel-row-style panel-row-style-for-1407-4\" ><div id=\"pgc-1407-4-0\"  class=\"panel-grid-cell\" ><div id=\"panel-1407-4-0-0\" class=\"so-panel widget widget_qzr-titlemanager panel-first-child\" data-index=\"8\" ><div class=\"panel-widget-style panel-widget-style-for-1407-4-0-0\" ><div\n\t\t\t\n\t\t\tclass=\"so-widget-qzr-titlemanager so-widget-qzr-titlemanager-base\"\n\t\t\t\n\t\t><div class=\"qzr-title main-column col-padding\">\n\t<h3 class=\"blue centertext\">TTPR<\/h3><hr class=\"gray-small centertext small-margin\"><p class=\"gray centertext\">Nous parlons d'un projet qui se d\u00e9veloppe via la d\u00e9finition des plans d'insertion, les activit\u00e9s d'Employer Branding \u00e9galement en collaboration avec des \u00e9tablissements scolaires et des universit\u00e9s, des parcours de formations standards et le d\u00e9veloppement de projets cibl\u00e9s. La formation continue est un objectif essentiel de notre philosophie et nous pensons qu'elle peut apporter une valeur ajout\u00e9e importante sur tout le territoire dans lequel nous intervenons. Nous investissons sur les jeunes et sur leurs capacit\u00e9s pour identifier et former des talents qui n'auraient autrement pas pu s'exprimer.<\/p><\/div><\/div><\/div><\/div><div id=\"panel-1407-4-0-1\" class=\"so-panel widget widget_qzr-simpleimage panel-last-child\" data-index=\"9\" ><div class=\"panel-widget-style panel-widget-style-for-1407-4-0-1\" ><div\n\t\t\t\n\t\t\tclass=\"so-widget-qzr-simpleimage so-widget-qzr-simpleimage-base\"\n\t\t\t\n\t\t><div class=\"qzr-simpleimage main-column centertext\">\n \t\t<img decoding=\"async\" class=\"left col-padding free\" src=\"https:\/\/cabplustiberina.it\/wp-content\/uploads\/2016\/11\/loghi-formazione1.jpg\" alt=\"Immagine 1 Aries\"\/>\t<\/div><\/div><\/div><\/div><\/div><\/div><\/div><div id=\"pg-1407-5\"  class=\"panel-grid panel-has-style\" ><div class=\"page-section main-column col-padding panel-row-style panel-row-style-for-1407-5\" ><div id=\"pgc-1407-5-0\"  class=\"panel-grid-cell\" ><div id=\"panel-1407-5-0-0\" class=\"so-panel widget widget_qzr-simplebutton panel-first-child panel-last-child\" data-index=\"10\" ><div class=\"col-padding panel-widget-style panel-widget-style-for-1407-5-0-0\" ><div\n\t\t\t\n\t\t\tclass=\"so-widget-qzr-simplebutton so-widget-qzr-simplebutton-base\"\n\t\t\t\n\t\t>\t<div class=\"simplebutton whitefull left\">\n\t\t<a title=\"Envoyez votre CV\" href=\"mailto:careers@tiberina.com?subject=Submit%20your%20resume&#038;body=Hello\">Envoyez votre CV<span class=\"icon-arrow-right\"><\/span><\/a>\n\t<\/div>\n<\/div><\/div><\/div><\/div><\/div><\/div><\/div>","protected":false},"excerpt":{"rendered":"<p>Carri\u00e8res Travailler chez Cab PlusLes personnes repr\u00e9sentent notre plus grande valeur. Nous sommes convaincus que l&rsquo;apport humain est un avantage comp\u00e9titif. Nos ressources doivent avoir quelque chose en plus. Talent measurement Nous avons appel\u00e9 le processus d&rsquo;\u00e9valuation et de valorisation du personnel \u00ab\u00a0Talent Measurement\u00a0\u00bb. Avec ce syst\u00e8me, nous parvenons \u00e0 examiner les capacit\u00e9s, l&rsquo;exp\u00e9rience, l&rsquo;\u00e9nergie [&hellip;]<\/p>\n","protected":false},"author":2,"featured_media":973,"parent":0,"menu_order":0,"comment_status":"closed","ping_status":"closed","template":"","meta":{"footnotes":""},"class_list":["post-1407","page","type-page","status-publish","has-post-thumbnail","hentry"],"_links":{"self":[{"href":"https:\/\/cabplustiberina.it\/fr\/wp-json\/wp\/v2\/pages\/1407","targetHints":{"allow":["GET"]}}],"collection":[{"href":"https:\/\/cabplustiberina.it\/fr\/wp-json\/wp\/v2\/pages"}],"about":[{"href":"https:\/\/cabplustiberina.it\/fr\/wp-json\/wp\/v2\/types\/page"}],"author":[{"embeddable":true,"href":"https:\/\/cabplustiberina.it\/fr\/wp-json\/wp\/v2\/users\/2"}],"replies":[{"embeddable":true,"href":"https:\/\/cabplustiberina.it\/fr\/wp-json\/wp\/v2\/comments?post=1407"}],"version-history":[{"count":0,"href":"https:\/\/cabplustiberina.it\/fr\/wp-json\/wp\/v2\/pages\/1407\/revisions"}],"wp:featuredmedia":[{"embeddable":true,"href":"https:\/\/cabplustiberina.it\/fr\/wp-json\/wp\/v2\/media\/973"}],"wp:attachment":[{"href":"https:\/\/cabplustiberina.it\/fr\/wp-json\/wp\/v2\/media?parent=1407"}],"curies":[{"name":"wp","href":"https:\/\/api.w.org\/{rel}","templated":true}]}}