{"id":1434,"date":"2017-02-03T16:25:41","date_gmt":"2017-02-03T15:25:41","guid":{"rendered":"http:\/\/cabplustiberina.it\/cookies-policy\/"},"modified":"2017-06-13T14:18:26","modified_gmt":"2017-06-13T12:18:26","slug":"cookies-policy","status":"publish","type":"page","link":"https:\/\/cabplustiberina.it\/fr\/cookies-policy\/","title":{"rendered":"Cookies policy"},"content":{"rendered":"<div id=\"pl-1434\"  class=\"panel-layout\" ><div id=\"pg-1434-0\"  class=\"panel-grid panel-no-style\" ><div id=\"pgc-1434-0-0\"  class=\"panel-grid-cell\" ><div id=\"panel-1434-0-0-0\" class=\"so-panel widget widget_qzr-titlemanager panel-first-child\" data-index=\"0\" ><div\n\t\t\t\n\t\t\tclass=\"so-widget-qzr-titlemanager so-widget-qzr-titlemanager-base\"\n\t\t\t\n\t\t><div class=\"qzr-title main-column col-padding\">\n\t<h1 class=\"blue centertext\">Informations sur les cookies<\/h1><hr class=\"gray-small centertext small-margin\"><\/div><\/div><\/div><div id=\"panel-1434-0-0-1\" class=\"so-panel widget widget_sow-editor panel-last-child\" data-index=\"1\" ><div class=\"columns-8 center col-padding panel-widget-style panel-widget-style-for-1434-0-0-1\" ><div\n\t\t\t\n\t\t\tclass=\"so-widget-sow-editor so-widget-sow-editor-base\"\n\t\t\t\n\t\t>\n<div class=\"siteorigin-widget-tinymce textwidget\">\n\t<div class=\"clearfix\">\n<p><b>Qu'est-ce qu'un cookie\u00a0<\/b><\/p>\n<\/div>\n<p>Un cookie est un petit fichier texte stock\u00e9 sur l'ordinateur lorsque l'utilisateur visite un site internet. Le texte enregistre des informations que le site est capable de lire au moment o\u00f9 il est consult\u00e9 dans un deuxi\u00e8me temps. Certains cookies sont n\u00e9cessaires au bon fonctionnement du site, d'autres sont au contraire utiles au visiteur pour qu'il puisse par exemple stocker de mani\u00e8re s\u00e9curis\u00e9e son identifiant.<\/p>\n<p><b>Pourquoi notre site utilise-t-il les cookies\u00a0?<\/b><\/p>\n<p>Notre site utilise les cookies pour se rappeler la langue de navigation, les produits ajout\u00e9s \u00e0 la liste des favoris. De plus, notre site utilise des services de tiers qui utilisent \u00e0 leur tour des cookies. Voici la liste de ces services et le lien pour acc\u00e9der \u00e0 l'information sur la confidentialit\u00e9\u00a0:<\/p>\n<ul>\n<li class=\"p1\"><a href=\"https:\/\/www.google.com\/intl\/it\/policies\/technologies\/cookies\/\">Google maps<\/a>\u00a0est un service qui permet la recherche et la visualisation de cartes g\u00e9ographiques propos\u00e9 par Google Inc.<\/li>\n<li class=\"p1\"><a href=\"https:\/\/www.google.it\/intl\/it\/policies\/privacy\/\">YouTube<\/a> et\u00a0<a href=\"https:\/\/vimeo.com\/help\/faq\/managing-your-videos\/privacy-settings\">Vimeo<\/a>\u00a0sont deux plateformes web qui permettent le partage et l'affichage en r\u00e9seau de vid\u00e9os<\/li>\n<\/ul>\n<p>O\u00f9 trouver des informations sur la d\u00e9sactivation ou la gestion des cookies sur les diff\u00e9rents navigateurs\u00a0:<\/p>\n<ul>\n<li class=\"p1\"><a href=\"https:\/\/support.google.com\/chrome\/answer\/95647?hl=en&amp;p=cpn_cookies\">Google Chrome<\/a><\/li>\n<li class=\"p1\"><a href=\"https:\/\/support.mozilla.org\/it\/kb\/Attivare%20e%20disattivare%20i%20cookie?redirectlocale=en-US&amp;redirectslug=Enabling+and+disabling+cookies\">Mozilla Firefox<\/a><\/li>\n<li class=\"p1\"><a href=\"https:\/\/www.apple.com\/legal\/privacy\/it\/cookies\/\">Apple Safari<\/a><\/li>\n<li class=\"p1\"><a href=\"http:\/\/windows.microsoft.com\/it-it\/windows-vista\/block-or-allow-cookies\">Microsoft Windows Explorer<\/a><\/li>\n<\/ul>\n<p>La d\u00e9sactivation des cookies pourrait cependant compromettre le bon fonctionnement du site. En fermant la banni\u00e8re de cette page ou en cliquant sur un lien, vous acceptez l'utilisation des cookies.<\/p>\n<p>Cette information sur les cookies a \u00e9t\u00e9 mise \u00e0 jour le 28 mai 2015. Toute mise \u00e0 jour ult\u00e9rieure sera publi\u00e9e sur cette page.<\/p>\n<\/div>\n<\/div><\/div><\/div><\/div><\/div><\/div>","protected":false},"excerpt":{"rendered":"<p>Qu&rsquo;est-ce qu&rsquo;un cookie\u00a0Un cookie est un petit fichier texte stock\u00e9 sur l&rsquo;ordinateur lorsque l&rsquo;utilisateur visite un site internet. Le texte enregistre des informations que le site est capable de lire au moment o\u00f9 il est consult\u00e9 dans un deuxi\u00e8me temps. Certains cookies sont n\u00e9cessaires au bon fonctionnement du site, d&rsquo;autres sont au contraire utiles au [&hellip;]<\/p>\n","protected":false},"author":2,"featured_media":0,"parent":0,"menu_order":0,"comment_status":"closed","ping_status":"closed","template":"","meta":{"footnotes":""},"class_list":["post-1434","page","type-page","status-publish","hentry"],"_links":{"self":[{"href":"https:\/\/cabplustiberina.it\/fr\/wp-json\/wp\/v2\/pages\/1434","targetHints":{"allow":["GET"]}}],"collection":[{"href":"https:\/\/cabplustiberina.it\/fr\/wp-json\/wp\/v2\/pages"}],"about":[{"href":"https:\/\/cabplustiberina.it\/fr\/wp-json\/wp\/v2\/types\/page"}],"author":[{"embeddable":true,"href":"https:\/\/cabplustiberina.it\/fr\/wp-json\/wp\/v2\/users\/2"}],"replies":[{"embeddable":true,"href":"https:\/\/cabplustiberina.it\/fr\/wp-json\/wp\/v2\/comments?post=1434"}],"version-history":[{"count":0,"href":"https:\/\/cabplustiberina.it\/fr\/wp-json\/wp\/v2\/pages\/1434\/revisions"}],"wp:attachment":[{"href":"https:\/\/cabplustiberina.it\/fr\/wp-json\/wp\/v2\/media?parent=1434"}],"curies":[{"name":"wp","href":"https:\/\/api.w.org\/{rel}","templated":true}]}}